{"id":199299,"date":"2024-07-23T23:19:01","date_gmt":"2024-07-23T23:19:01","guid":{"rendered":"https:\/\/aldeco.pt\/staging\/product\/cojin-samoa-fr-col-01-natural-white-50x50-p\/"},"modified":"2024-10-04T11:33:48","modified_gmt":"2024-10-04T11:33:48","slug":"cojin-samoa-fr-col-01-natural-white-50x50-p","status":"publish","type":"product","link":"https:\/\/staging.aldeco.pt\/es\/product\/cojin-samoa-fr-col-01-natural-white-50x50-p\/","title":{"rendered":"COJ\u00cdN SAMOA FR COL 01 NATURAL WHITE 50&#215;50 P"},"content":{"rendered":"<p>Coj\u00edn decorativo cuadrado con lino panam\u00e1, SAMOA FR es una tela de lino muy pesada. Tiene una estructura muy espesa y un aspecto natural. Esta almohada tiene cremallera oculta, vivo y est\u00e1 disponible en diferentes combinaciones de colores, con o sin relleno.<\/p>\n","protected":false},"excerpt":{"rendered":"<p>Coj\u00edn decorativo cuadrado con lino panam\u00e1, SAMOA FR es una tela de lino muy pesada. Tiene una estructura muy espesa y un aspecto natural. Esta almohada tiene cremallera oculta, vivo y est\u00e1 disponible en diferentes combinaciones de colores, con o sin relleno.<\/p>\n<h2>Coj\u00edn SAMOA FR es una tela de lino muy pesada. Tiene una estructura muy espesa y un aspecto natural. Esta almohada tiene cremallera oculta, vivo y est\u00e1 disponible en diferentes combinaciones de colores, con o sin relleno.<\/h2>\n<p><img fetchpriority=\"high\" decoding=\"async\" class=\"alignnone wp-image-195901 size-medium\" src=\"https:\/\/aldeco.pt\/staging\/wp-content\/uploads\/2024\/07\/CUSHION-SAMOA-FR-COL-01-NATURAL-WHITE-50x50-P-300x241.jpg\" alt=\"Coj\u00edn Samoa FR natural White - Aldeco\" width=\"300\" height=\"241\" \/><\/p>\n<p><a href=\"https:\/\/aldeco.pt\/staging\/product\/cushion-samoa-fr-col-01-natural-white-50x50-p\/?attribute_pa_aldeco-color=01-natural-white\">https:\/\/aldeco.pt\/staging\/product\/cushion-samoa-fr-col-01-natural-white-50&#215;50-p\/?attribute_pa_aldeco-color=01-natural-white<\/a><a href=\"https:\/\/www.instagram.com\/aldeco_interiorfabrics\/\">https:\/\/www.instagram.com\/aldeco_interiorfabrics\/<\/a><\/p>\n","protected":false},"featured_media":195903,"template":"","meta":[],"product_brand":[],"product_cat":[6146],"product_tag":[],"class_list":{"0":"post-199299","1":"product","2":"type-product","3":"status-publish","4":"has-post-thumbnail","6":"product_cat-aldeco-2-es","7":"pa_composition-ext-90-li-10-ny-es","8":"pa_line-cojines","9":"pa_range-liso-es","12":"first","13":"instock","14":"purchasable","15":"product-type-variable"},"acf":[],"_links":{"self":[{"href":"https:\/\/staging.aldeco.pt\/es\/wp-json\/wp\/v2\/product\/199299","targetHints":{"allow":["GET"]}}],"collection":[{"href":"https:\/\/staging.aldeco.pt\/es\/wp-json\/wp\/v2\/product"}],"about":[{"href":"https:\/\/staging.aldeco.pt\/es\/wp-json\/wp\/v2\/types\/product"}],"version-history":[{"count":2,"href":"https:\/\/staging.aldeco.pt\/es\/wp-json\/wp\/v2\/product\/199299\/revisions"}],"predecessor-version":[{"id":202039,"href":"https:\/\/staging.aldeco.pt\/es\/wp-json\/wp\/v2\/product\/199299\/revisions\/202039"}],"wp:featuredmedia":[{"embeddable":true,"href":"https:\/\/staging.aldeco.pt\/es\/wp-json\/wp\/v2\/media\/195903"}],"wp:attachment":[{"href":"https:\/\/staging.aldeco.pt\/es\/wp-json\/wp\/v2\/media?parent=199299"}],"wp:term":[{"taxonomy":"product_brand","embeddable":true,"href":"https:\/\/staging.aldeco.pt\/es\/wp-json\/wp\/v2\/product_brand?post=199299"},{"taxonomy":"product_cat","embeddable":true,"href":"https:\/\/staging.aldeco.pt\/es\/wp-json\/wp\/v2\/product_cat?post=199299"},{"taxonomy":"product_tag","embeddable":true,"href":"https:\/\/staging.aldeco.pt\/es\/wp-json\/wp\/v2\/product_tag?post=199299"}],"curies":[{"name":"wp","href":"https:\/\/api.w.org\/{rel}","templated":true}]}}