{"id":199297,"date":"2024-07-23T23:20:48","date_gmt":"2024-07-23T23:20:48","guid":{"rendered":"https:\/\/aldeco.pt\/staging\/product\/cojin-specialist-fr-dark-olive-gray-linen-50x50\/"},"modified":"2024-10-29T10:30:06","modified_gmt":"2024-10-29T10:30:06","slug":"cojin-specialist-fr-dark-olive-gray-linen-50x50","status":"publish","type":"product","link":"https:\/\/staging.aldeco.pt\/es\/product\/cojin-specialist-fr-dark-olive-gray-linen-50x50\/","title":{"rendered":"COJ\u00cdN SPECIALIST FR DARK OLIVE GRAY LINEN 50&#215;50"},"content":{"rendered":"<p>Coj\u00edn decorativo cuadrado en Specialist. Un lino con un aspecto caracter\u00edstico muy natural y org\u00e1nico. Colores cuidadosamente desarrollados para combinar con los diferentes dise\u00f1os de esta colecci\u00f3n as\u00ed como con el resto. Esta almohada tiene cremallera oculta y est\u00e1 disponible en diferentes combinaciones de colores, con o sin relleno.<\/p>\n","protected":false},"excerpt":{"rendered":"<p>Coj\u00edn decorativo cuadrado en Specialist en dos colores distintos. Un lino con un aspecto caracter\u00edstico muy natural y org\u00e1nico. Colores cuidadosamente desarrollados para combinar con los diferentes dise\u00f1os de esta colecci\u00f3n as\u00ed como con el resto. Esta almohada tiene cremallera oculta y est\u00e1 disponible en diferentes combinaciones de colores, con o sin relleno.<\/p>\n<h2>Coj\u00edn Specialist es un lino con un aspecto caracter\u00edstico muy natural y org\u00e1nico.<\/h2>\n<p><img fetchpriority=\"high\" decoding=\"async\" class=\"alignnone wp-image-197154 size-medium\" src=\"https:\/\/aldeco.pt\/staging\/wp-content\/uploads\/2024\/07\/CUSHION-SPECIALIST-FR-DARK-OLIVE-GRAY-LINEN-50x50-1-300x241.jpg\" alt=\"Coj\u00edn Specialist Fr Dark Olive Gray Linen - Aldeco\" width=\"300\" height=\"241\" \/><\/p>\n<p><a href=\"https:\/\/aldeco.pt\/staging\/product\/cushion-specialist-fr-dark-olive-gray-linen-50x50\/?attribute_pa_aldeco-color=09-dark-olive-gray-linen\">https:\/\/aldeco.pt\/staging\/product\/cushion-specialist-fr-dark-olive-gray-linen-50&#215;50\/?attribute_pa_aldeco-color=09-dark-olive-gray-linen<\/a><a href=\"https:\/\/www.instagram.com\/aldeco_interiorfabrics\/\">https:\/\/www.instagram.com\/aldeco_interiorfabrics\/<\/a><\/p>\n","protected":false},"featured_media":197156,"template":"","meta":[],"product_brand":[],"product_cat":[6146],"product_tag":[],"class_list":{"0":"post-199297","1":"product","2":"type-product","3":"status-publish","4":"has-post-thumbnail","6":"product_cat-aldeco-2-es","7":"pa_composition-ext-100-li-es","8":"pa_line-cojines","9":"pa_range-liso-es","12":"first","13":"instock","14":"purchasable","15":"product-type-variable"},"acf":[],"_links":{"self":[{"href":"https:\/\/staging.aldeco.pt\/es\/wp-json\/wp\/v2\/product\/199297","targetHints":{"allow":["GET"]}}],"collection":[{"href":"https:\/\/staging.aldeco.pt\/es\/wp-json\/wp\/v2\/product"}],"about":[{"href":"https:\/\/staging.aldeco.pt\/es\/wp-json\/wp\/v2\/types\/product"}],"version-history":[{"count":3,"href":"https:\/\/staging.aldeco.pt\/es\/wp-json\/wp\/v2\/product\/199297\/revisions"}],"predecessor-version":[{"id":204570,"href":"https:\/\/staging.aldeco.pt\/es\/wp-json\/wp\/v2\/product\/199297\/revisions\/204570"}],"wp:featuredmedia":[{"embeddable":true,"href":"https:\/\/staging.aldeco.pt\/es\/wp-json\/wp\/v2\/media\/197156"}],"wp:attachment":[{"href":"https:\/\/staging.aldeco.pt\/es\/wp-json\/wp\/v2\/media?parent=199297"}],"wp:term":[{"taxonomy":"product_brand","embeddable":true,"href":"https:\/\/staging.aldeco.pt\/es\/wp-json\/wp\/v2\/product_brand?post=199297"},{"taxonomy":"product_cat","embeddable":true,"href":"https:\/\/staging.aldeco.pt\/es\/wp-json\/wp\/v2\/product_cat?post=199297"},{"taxonomy":"product_tag","embeddable":true,"href":"https:\/\/staging.aldeco.pt\/es\/wp-json\/wp\/v2\/product_tag?post=199297"}],"curies":[{"name":"wp","href":"https:\/\/api.w.org\/{rel}","templated":true}]}}