{"id":199286,"date":"2024-07-23T23:18:45","date_gmt":"2024-07-23T23:18:45","guid":{"rendered":"https:\/\/aldeco.pt\/staging\/product\/cojin-sal-pommegranate-45x45\/"},"modified":"2024-10-10T11:47:39","modified_gmt":"2024-10-10T11:47:39","slug":"cojin-sal-pommegranate-45x45","status":"publish","type":"product","link":"https:\/\/staging.aldeco.pt\/es\/product\/cojin-sal-pommegranate-45x45\/","title":{"rendered":"COJ\u00cdN SAL POMMEGRANATE 45&#215;45"},"content":{"rendered":"<p>Coj\u00edn decorativo cuadrado con tejido liso SAL IN\/OUTDOOR FR, un tejido panam\u00e1 mixto vers\u00e1til. Esta almohada tiene cremallera oculta y est\u00e1 disponible en diferentes combinaciones de colores, con o sin relleno.<\/p>\n","protected":false},"excerpt":{"rendered":"<p>Coj\u00edn decorativo cuadrado con tejido liso SAL IN\/OUTDOOR FR, un tejido panam\u00e1 mixto vers\u00e1til. Esta almohada tiene cremallera oculta y est\u00e1 disponible en diferentes combinaciones de colores, con o sin relleno.<\/p>\n<h2>Coj\u00edn SAL IN\/OUTDOOR FR un tejido panam\u00e1 mixto vers\u00e1til.<\/h2>\n<p><img fetchpriority=\"high\" decoding=\"async\" class=\"alignnone wp-image-197123 size-medium\" src=\"https:\/\/aldeco.pt\/staging\/wp-content\/uploads\/2024\/07\/CUSHION-SAL-POMMEGRANATE-45x45-1-300x241.jpg\" alt=\"Coj\u00edn Sal Pommegranate - Aldeco\" width=\"300\" height=\"241\" \/><\/p>\n<p><a href=\"https:\/\/aldeco.pt\/staging\/product\/cushion-sal-pommegranate-45x45\/?attribute_pa_aldeco-color=04-pommegranate\">https:\/\/aldeco.pt\/staging\/product\/cushion-sal-pommegranate-45&#215;45\/?attribute_pa_aldeco-color=04-pommegranate<\/a><a href=\"https:\/\/www.instagram.com\/aldeco_interiorfabrics\/\">https:\/\/www.instagram.com\/aldeco_interiorfabrics\/<\/a><\/p>\n","protected":false},"featured_media":197125,"template":"","meta":[],"product_brand":[],"product_cat":[6146],"product_tag":[],"class_list":{"0":"post-199286","1":"product","2":"type-product","3":"status-publish","4":"has-post-thumbnail","6":"product_cat-aldeco-2-es","7":"pa_composition-ext-100-pp-es","8":"pa_line-cojines","11":"first","12":"instock","13":"purchasable","14":"product-type-variable"},"acf":[],"_links":{"self":[{"href":"https:\/\/staging.aldeco.pt\/es\/wp-json\/wp\/v2\/product\/199286","targetHints":{"allow":["GET"]}}],"collection":[{"href":"https:\/\/staging.aldeco.pt\/es\/wp-json\/wp\/v2\/product"}],"about":[{"href":"https:\/\/staging.aldeco.pt\/es\/wp-json\/wp\/v2\/types\/product"}],"version-history":[{"count":2,"href":"https:\/\/staging.aldeco.pt\/es\/wp-json\/wp\/v2\/product\/199286\/revisions"}],"predecessor-version":[{"id":205040,"href":"https:\/\/staging.aldeco.pt\/es\/wp-json\/wp\/v2\/product\/199286\/revisions\/205040"}],"wp:featuredmedia":[{"embeddable":true,"href":"https:\/\/staging.aldeco.pt\/es\/wp-json\/wp\/v2\/media\/197125"}],"wp:attachment":[{"href":"https:\/\/staging.aldeco.pt\/es\/wp-json\/wp\/v2\/media?parent=199286"}],"wp:term":[{"taxonomy":"product_brand","embeddable":true,"href":"https:\/\/staging.aldeco.pt\/es\/wp-json\/wp\/v2\/product_brand?post=199286"},{"taxonomy":"product_cat","embeddable":true,"href":"https:\/\/staging.aldeco.pt\/es\/wp-json\/wp\/v2\/product_cat?post=199286"},{"taxonomy":"product_tag","embeddable":true,"href":"https:\/\/staging.aldeco.pt\/es\/wp-json\/wp\/v2\/product_tag?post=199286"}],"curies":[{"name":"wp","href":"https:\/\/api.w.org\/{rel}","templated":true}]}}