{"id":199238,"date":"2024-07-23T23:21:25","date_gmt":"2024-07-23T23:21:25","guid":{"rendered":"https:\/\/aldeco.pt\/staging\/product\/cojin-starlight-blue-universe-50x50-p\/"},"modified":"2024-10-29T13:18:31","modified_gmt":"2024-10-29T13:18:31","slug":"cojin-starlight-blue-universe-50x50-p","status":"publish","type":"product","link":"https:\/\/staging.aldeco.pt\/es\/product\/cojin-starlight-blue-universe-50x50-p\/","title":{"rendered":"COJ\u00cdN STARLIGHT BLUE UNIVERSE 50&#215;50 P"},"content":{"rendered":"<p>Coj\u00edn decorativo cuadrado en STARLIGHT, un maravilloso tejido dobby; se caracteriza por un patr\u00f3n de estrellas y una textura extra. El dise\u00f1o multitono y su dibujo resaltan la textura de una tela bien equilibrada. Esta almohada tiene cremallera oculta, vivo en Si\u00e9ge Velvet y est\u00e1 disponible en diferentes combinaciones de colores, con o sin relleno.<\/p>\n","protected":false},"excerpt":{"rendered":"<p>Coj\u00edn decorativo cuadrado en STARLIGHT, un maravilloso tejido dobby; se caracteriza por un patr\u00f3n de estrellas y una textura extra. El dise\u00f1o multitono y su dibujo resaltan la textura de una tela bien equilibrada. Esta almohada tiene cremallera oculta, vivo en Si\u00e9ge Velvet y est\u00e1 disponible en diferentes combinaciones de colores, con o sin relleno.<\/p>\n<h2>Coj\u00edn STARLIGHT, un maravilloso tejido dobby; se caracteriza por un patr\u00f3n de estrellas y una textura extra.<\/h2>\n<p><img fetchpriority=\"high\" decoding=\"async\" class=\"alignnone wp-image-197414 size-medium\" src=\"https:\/\/aldeco.pt\/staging\/wp-content\/uploads\/2024\/07\/CUSHION-STARLIGHT-BLUE-UNIVERSE-50x50-P-300x241.jpg\" alt=\"Coj\u00edn Starlight Blue Universe - Aldeco\" width=\"300\" height=\"241\" \/><\/p>\n<p><a href=\"https:\/\/aldeco.pt\/staging\/product\/cushion-radiant-cherry-blossom-60x35-p\/?attribute_pa_aldeco-color=04-cherry-blossom\">https:\/\/aldeco.pt\/staging\/product\/cushion-radiant-cherry-blossom-60&#215;35-p\/?attribute_pa_aldeco-color=04-cherry-blossom<\/a><a href=\"https:\/\/www.instagram.com\/aldeco_interiorfabrics\/\">https:\/\/www.instagram.com\/aldeco_interiorfabrics\/<\/a><\/p>\n","protected":false},"featured_media":197416,"template":"","meta":[],"product_brand":[],"product_cat":[6146],"product_tag":[],"class_list":{"0":"post-199238","1":"product","2":"type-product","3":"status-publish","4":"has-post-thumbnail","6":"product_cat-aldeco-2-es","7":"pa_composition-ext-68-vi-32-li-es","8":"pa_line-cojines","9":"pa_range-jacquard-es","12":"first","13":"instock","14":"purchasable","15":"product-type-variable"},"acf":[],"_links":{"self":[{"href":"https:\/\/staging.aldeco.pt\/es\/wp-json\/wp\/v2\/product\/199238","targetHints":{"allow":["GET"]}}],"collection":[{"href":"https:\/\/staging.aldeco.pt\/es\/wp-json\/wp\/v2\/product"}],"about":[{"href":"https:\/\/staging.aldeco.pt\/es\/wp-json\/wp\/v2\/types\/product"}],"version-history":[{"count":2,"href":"https:\/\/staging.aldeco.pt\/es\/wp-json\/wp\/v2\/product\/199238\/revisions"}],"predecessor-version":[{"id":201922,"href":"https:\/\/staging.aldeco.pt\/es\/wp-json\/wp\/v2\/product\/199238\/revisions\/201922"}],"wp:featuredmedia":[{"embeddable":true,"href":"https:\/\/staging.aldeco.pt\/es\/wp-json\/wp\/v2\/media\/197416"}],"wp:attachment":[{"href":"https:\/\/staging.aldeco.pt\/es\/wp-json\/wp\/v2\/media?parent=199238"}],"wp:term":[{"taxonomy":"product_brand","embeddable":true,"href":"https:\/\/staging.aldeco.pt\/es\/wp-json\/wp\/v2\/product_brand?post=199238"},{"taxonomy":"product_cat","embeddable":true,"href":"https:\/\/staging.aldeco.pt\/es\/wp-json\/wp\/v2\/product_cat?post=199238"},{"taxonomy":"product_tag","embeddable":true,"href":"https:\/\/staging.aldeco.pt\/es\/wp-json\/wp\/v2\/product_tag?post=199238"}],"curies":[{"name":"wp","href":"https:\/\/api.w.org\/{rel}","templated":true}]}}