{"id":199236,"date":"2024-07-23T23:16:45","date_gmt":"2024-07-23T23:16:45","guid":{"rendered":"https:\/\/aldeco.pt\/staging\/product\/cojin-pulp-astrakan-taupe-50x50\/"},"modified":"2024-09-19T09:38:44","modified_gmt":"2024-09-19T09:38:44","slug":"cojin-pulp-astrakan-taupe-50x50","status":"publish","type":"product","link":"https:\/\/staging.aldeco.pt\/es\/product\/cojin-pulp-astrakan-taupe-50x50\/","title":{"rendered":"COJ\u00cdN PULP ASTRAKAN TAUPE 50&#215;50"},"content":{"rendered":"<p>Suave coj\u00edn decorativo cuadrado con tejido PULP ASTRAKAN, una chenilla jacquard te\u00f1ida en hilo inspirada en la textura del Astrakhan. Esta almohada tiene cremallera oculta y est\u00e1 disponible en diferentes combinaciones de colores, con o sin relleno.<\/p>\n","protected":false},"excerpt":{"rendered":"<p>Suave coj\u00edn decorativo cuadrado con tejido PULP ASTRAKAN, una chenilla jacquard te\u00f1ida en hilo inspirada en la textura del Astrakhan. Esta almohada tiene cremallera oculta y est\u00e1 disponible en diferentes combinaciones de colores, con o sin relleno.<\/p>\n<h2>Coj\u00edn PULP ASTRAKAN, una chenilla jacquard te\u00f1ida en hilo inspirada en la textura del Astrakhan. Esta almohada tiene cremallera oculta y est\u00e1 disponible en diferentes combinaciones de colores, con o sin relleno.<\/h2>\n<p><img fetchpriority=\"high\" decoding=\"async\" class=\"alignnone wp-image-196673 size-medium\" src=\"https:\/\/aldeco.pt\/staging\/wp-content\/uploads\/2024\/07\/CUSHION-PULP-ASTRAKAN-TAUPE-50x50-1-300x241.jpg\" alt=\"Coj\u00edn Pulp Astrakan Taupe - Aldeco\" width=\"300\" height=\"241\" \/><\/p>\n<p><a href=\"https:\/\/aldeco.pt\/staging\/product\/cushion-pulp-astrakan-taupe-50x50\/?attribute_pa_aldeco-color=02-taupe\">https:\/\/aldeco.pt\/staging\/product\/cushion-pulp-astrakan-taupe-50&#215;50\/?attribute_pa_aldeco-color=02-taupe<\/a><a href=\"https:\/\/www.instagram.com\/aldeco_interiorfabrics\/\">https:\/\/www.instagram.com\/aldeco_interiorfabrics\/<\/a><\/p>\n","protected":false},"featured_media":196675,"template":"","meta":[],"product_brand":[],"product_cat":[6146],"product_tag":[],"class_list":{"0":"post-199236","1":"product","2":"type-product","3":"status-publish","4":"has-post-thumbnail","6":"product_cat-aldeco-2-es","7":"pa_composition-ext-80-vi-20-pl-es","8":"pa_line-cojines","9":"pa_range-chenilla","12":"first","13":"instock","14":"purchasable","15":"product-type-variable"},"acf":[],"_links":{"self":[{"href":"https:\/\/staging.aldeco.pt\/es\/wp-json\/wp\/v2\/product\/199236","targetHints":{"allow":["GET"]}}],"collection":[{"href":"https:\/\/staging.aldeco.pt\/es\/wp-json\/wp\/v2\/product"}],"about":[{"href":"https:\/\/staging.aldeco.pt\/es\/wp-json\/wp\/v2\/types\/product"}],"version-history":[{"count":2,"href":"https:\/\/staging.aldeco.pt\/es\/wp-json\/wp\/v2\/product\/199236\/revisions"}],"predecessor-version":[{"id":200648,"href":"https:\/\/staging.aldeco.pt\/es\/wp-json\/wp\/v2\/product\/199236\/revisions\/200648"}],"wp:featuredmedia":[{"embeddable":true,"href":"https:\/\/staging.aldeco.pt\/es\/wp-json\/wp\/v2\/media\/196675"}],"wp:attachment":[{"href":"https:\/\/staging.aldeco.pt\/es\/wp-json\/wp\/v2\/media?parent=199236"}],"wp:term":[{"taxonomy":"product_brand","embeddable":true,"href":"https:\/\/staging.aldeco.pt\/es\/wp-json\/wp\/v2\/product_brand?post=199236"},{"taxonomy":"product_cat","embeddable":true,"href":"https:\/\/staging.aldeco.pt\/es\/wp-json\/wp\/v2\/product_cat?post=199236"},{"taxonomy":"product_tag","embeddable":true,"href":"https:\/\/staging.aldeco.pt\/es\/wp-json\/wp\/v2\/product_tag?post=199236"}],"curies":[{"name":"wp","href":"https:\/\/api.w.org\/{rel}","templated":true}]}}