{"id":199221,"date":"2024-07-23T23:16:32","date_gmt":"2024-07-23T23:16:32","guid":{"rendered":"https:\/\/aldeco.pt\/staging\/product\/cojin-puka-puka-fr-natural-white-45x30-p\/"},"modified":"2024-08-29T14:34:05","modified_gmt":"2024-08-29T14:34:05","slug":"cojin-puka-puka-fr-natural-white-45x30-p","status":"publish","type":"product","link":"https:\/\/staging.aldeco.pt\/es\/product\/cojin-puka-puka-fr-natural-white-45x30-p\/","title":{"rendered":"COJ\u00cdN PUKA PUKA FR NATURAL WHITE 45&#215;30 P"},"content":{"rendered":"<p>Coj\u00edn decorativo rectangular con tela PUKA PUKA IN\/OUTDOOR FR, fabricado con polipropileno y poli\u00e9ster reciclados de acuerdo con el GLOBAL RECYCLED STANDARD. Es un tejido panam\u00e1 apto tanto para ambientes interiores como exteriores, elaborado a partir de residuos de la producci\u00f3n de tela no tejida utilizada para la confecci\u00f3n de mascarillas y pa\u00f1ales (sobras de materiales secundarios, materiales no conformes), y de residuos o sobrantes de la producci\u00f3n de hilo de algod\u00f3n poli\u00e9ster. Este es un producto sostenible que entra en nuestra categor\u00eda AldECO. Esta almohada tiene cremallera oculta y est\u00e1 disponible en diferentes combinaciones de colores, con o sin relleno.<\/p>\n","protected":false},"excerpt":{"rendered":"<p>Coj\u00edn decorativo rectangular con tela PUKA PUKA IN\/OUTDOOR FR, fabricado con polipropileno y poli\u00e9ster reciclados de acuerdo con el GLOBAL RECYCLED STANDARD. Es un tejido panam\u00e1 apto tanto para ambientes interiores como exteriores, elaborado a partir de residuos de la producci\u00f3n de tela no tejida utilizada para la confecci\u00f3n de mascarillas y pa\u00f1ales (sobras de materiales secundarios, materiales no conformes), y de residuos o sobrantes de la producci\u00f3n de hilo de algod\u00f3n poli\u00e9ster. Este es un producto sostenible que entra en nuestra categor\u00eda AldECO. Esta almohada tiene cremallera oculta y est\u00e1 disponible en diferentes combinaciones de colores, con o sin relleno. <\/p>\n<h2>Coj\u00edn PUKA PUKA IN\/OUTDOOR FR, fabricado con polipropileno y poli\u00e9ster reciclados de acuerdo con el GLOBAL RECYCLED STANDARD. Es un tejido panam\u00e1 apto tanto para ambientes interiores como exteriores, elaborado a partir de residuos de la producci\u00f3n de tela no tejida utilizada para la confecci\u00f3n de mascarillas y pa\u00f1ales (sobras de materiales secundarios, materiales no conformes), y de residuos o sobrantes de la producci\u00f3n de hilo de algod\u00f3n poli\u00e9ster. Este es un producto sostenible que entra en nuestra categor\u00eda AldECO. Esta almohada tiene cremallera oculta y est\u00e1 disponible en diferentes combinaciones de colores, con o sin relleno.<\/h2>\n<p><img fetchpriority=\"high\" decoding=\"async\" class=\"alignnone wp-image-195890 size-medium\" src=\"https:\/\/aldeco.pt\/staging\/wp-content\/uploads\/2024\/07\/CUSHION-PUKA-PUKA-FR-NATURAL-WHITE-45x30-P-300x241.jpg\" alt=\"Coj\u00edn Puka Puka FR Natural White - Aldeco\" width=\"300\" height=\"241\"><\/p>\n<p><a href=\"https:\/\/aldeco.pt\/staging\/product\/cushion-puka-puka-fr-charcoal-50x50-p\/?attribute_pa_aldeco-color=17-charcoal\">https:\/\/aldeco.pt\/staging\/product\/cushion-puka-puka-fr-charcoal-50&#215;50-p\/?attribute_pa_aldeco-color=17-charcoal<\/a><a href=\"https:\/\/www.instagram.com\/aldeco_interiorfabrics\/\">https:\/\/www.instagram.com\/aldeco_interiorfabrics\/<\/a><\/p>\n","protected":false},"featured_media":195892,"template":"","meta":[],"product_brand":[],"product_cat":[6146],"product_tag":[],"class_list":{"0":"post-199221","1":"product","2":"type-product","3":"status-publish","4":"has-post-thumbnail","6":"product_cat-aldeco-2-es","7":"pa_composition-ext-100-rolef-es","8":"pa_line-cojines","9":"pa_range-liso-es","12":"first","13":"instock","14":"purchasable","15":"product-type-variable"},"acf":[],"_links":{"self":[{"href":"https:\/\/staging.aldeco.pt\/es\/wp-json\/wp\/v2\/product\/199221","targetHints":{"allow":["GET"]}}],"collection":[{"href":"https:\/\/staging.aldeco.pt\/es\/wp-json\/wp\/v2\/product"}],"about":[{"href":"https:\/\/staging.aldeco.pt\/es\/wp-json\/wp\/v2\/types\/product"}],"version-history":[{"count":1,"href":"https:\/\/staging.aldeco.pt\/es\/wp-json\/wp\/v2\/product\/199221\/revisions"}],"predecessor-version":[{"id":199453,"href":"https:\/\/staging.aldeco.pt\/es\/wp-json\/wp\/v2\/product\/199221\/revisions\/199453"}],"wp:featuredmedia":[{"embeddable":true,"href":"https:\/\/staging.aldeco.pt\/es\/wp-json\/wp\/v2\/media\/195892"}],"wp:attachment":[{"href":"https:\/\/staging.aldeco.pt\/es\/wp-json\/wp\/v2\/media?parent=199221"}],"wp:term":[{"taxonomy":"product_brand","embeddable":true,"href":"https:\/\/staging.aldeco.pt\/es\/wp-json\/wp\/v2\/product_brand?post=199221"},{"taxonomy":"product_cat","embeddable":true,"href":"https:\/\/staging.aldeco.pt\/es\/wp-json\/wp\/v2\/product_cat?post=199221"},{"taxonomy":"product_tag","embeddable":true,"href":"https:\/\/staging.aldeco.pt\/es\/wp-json\/wp\/v2\/product_tag?post=199221"}],"curies":[{"name":"wp","href":"https:\/\/api.w.org\/{rel}","templated":true}]}}