{"id":199217,"date":"2024-07-23T23:21:46","date_gmt":"2024-07-23T23:21:46","guid":{"rendered":"https:\/\/aldeco.pt\/staging\/product\/cojin-tailleur-fr-white-sand-40x40\/"},"modified":"2024-10-29T15:15:03","modified_gmt":"2024-10-29T15:15:03","slug":"cojin-tailleur-fr-white-sand-40x40","status":"publish","type":"product","link":"https:\/\/staging.aldeco.pt\/es\/product\/cojin-tailleur-fr-white-sand-40x40\/","title":{"rendered":"COJ\u00cdN TAILLEUR FR WHITE SAND 40&#215;40"},"content":{"rendered":"<p>Coj\u00edn decorativo cuadrado en TAILLEUR, un jacquard con hilos boucl\u00e9 multicolor, que le da un aspecto muy elegante y natural como los famosos trajes de tweed de principios del siglo XX. Esta tela tiene un toque moderno y es extremadamente suave. Esta almohada tiene cremallera oculta y est\u00e1 disponible en diferentes combinaciones de colores, con o sin relleno.<\/p>\n","protected":false},"excerpt":{"rendered":"<p>Coj\u00edn decorativo cuadrado en TAILLEUR, un jacquard con hilos boucl\u00e9 multicolor, que le da un aspecto muy elegante y natural como los famosos trajes de tweed de principios del siglo XX. Esta tela tiene un toque moderno y es extremadamente suave. Esta almohada tiene cremallera oculta y est\u00e1 disponible en diferentes combinaciones de colores, con o sin relleno.<\/p>\n<h2>Coj\u00edn TAILLEUR, un jacquard con hilos boucl\u00e9 multicolor, que le da un aspecto muy elegante y natural como los famosos trajes de tweed de principios del siglo XX. Esta tela tiene un toque moderno y es extremadamente suave. Esta almohada tiene cremallera oculta y est\u00e1 disponible en diferentes combinaciones de colores, con o sin relleno.<\/h2>\n<p><img fetchpriority=\"high\" decoding=\"async\" class=\"alignnone wp-image-195527 size-medium\" src=\"https:\/\/aldeco.pt\/staging\/wp-content\/uploads\/2024\/07\/CUSHION-TAILLEUR-FR-WHITE-SAND-40x40-1-300x241.jpg\" alt=\"Coj\u00edn Tailleur FR White Sand - Aldeco\" width=\"300\" height=\"241\" \/><\/p>\n<p><a href=\"https:\/\/aldeco.pt\/staging\/product\/cushion-tailleur-fr-white-sand-40x40\/?attribute_pa_aldeco-color=01-white-sand\">https:\/\/aldeco.pt\/staging\/product\/cushion-tailleur-fr-white-sand-40&#215;40\/?attribute_pa_aldeco-color=01-white-sand<\/a><a href=\"https:\/\/www.instagram.com\/aldeco_interiorfabrics\/\">https:\/\/www.instagram.com\/aldeco_interiorfabrics\/<\/a><\/p>\n","protected":false},"featured_media":195529,"template":"","meta":[],"product_brand":[],"product_cat":[6146],"product_tag":[],"class_list":{"0":"post-199217","1":"product","2":"type-product","3":"status-publish","4":"has-post-thumbnail","6":"product_cat-aldeco-2-es","7":"pa_composition-ext-44-co-36-pl-11-pc-4-li-2-wo-2-v-i-1-pa-es","8":"pa_line-cojines","9":"pa_range-boucle-es","10":"pa_range-jacquard-es","13":"first","14":"instock","15":"purchasable","16":"product-type-variable"},"acf":[],"_links":{"self":[{"href":"https:\/\/staging.aldeco.pt\/es\/wp-json\/wp\/v2\/product\/199217","targetHints":{"allow":["GET"]}}],"collection":[{"href":"https:\/\/staging.aldeco.pt\/es\/wp-json\/wp\/v2\/product"}],"about":[{"href":"https:\/\/staging.aldeco.pt\/es\/wp-json\/wp\/v2\/types\/product"}],"version-history":[{"count":3,"href":"https:\/\/staging.aldeco.pt\/es\/wp-json\/wp\/v2\/product\/199217\/revisions"}],"predecessor-version":[{"id":201881,"href":"https:\/\/staging.aldeco.pt\/es\/wp-json\/wp\/v2\/product\/199217\/revisions\/201881"}],"wp:featuredmedia":[{"embeddable":true,"href":"https:\/\/staging.aldeco.pt\/es\/wp-json\/wp\/v2\/media\/195529"}],"wp:attachment":[{"href":"https:\/\/staging.aldeco.pt\/es\/wp-json\/wp\/v2\/media?parent=199217"}],"wp:term":[{"taxonomy":"product_brand","embeddable":true,"href":"https:\/\/staging.aldeco.pt\/es\/wp-json\/wp\/v2\/product_brand?post=199217"},{"taxonomy":"product_cat","embeddable":true,"href":"https:\/\/staging.aldeco.pt\/es\/wp-json\/wp\/v2\/product_cat?post=199217"},{"taxonomy":"product_tag","embeddable":true,"href":"https:\/\/staging.aldeco.pt\/es\/wp-json\/wp\/v2\/product_tag?post=199217"}],"curies":[{"name":"wp","href":"https:\/\/api.w.org\/{rel}","templated":true}]}}