{"id":199211,"date":"2024-07-23T23:16:15","date_gmt":"2024-07-23T23:16:15","guid":{"rendered":"https:\/\/aldeco.pt\/staging\/product\/cojin-pitch-aquarelle-50x30-p\/"},"modified":"2024-08-29T14:34:08","modified_gmt":"2024-08-29T14:34:08","slug":"cojin-pitch-aquarelle-50x30-p","status":"publish","type":"product","link":"https:\/\/staging.aldeco.pt\/es\/product\/cojin-pitch-aquarelle-50x30-p\/","title":{"rendered":"COJ\u00cdN PITCH AQUARELLE 50&#215;30 P"},"content":{"rendered":"<p>Coj\u00edn decorativo rectangular con tela Pitch. Esta tela altamente vers\u00e1til tiene un dise\u00f1o con un ritmo din\u00e1mico. Esta almohada tiene cremallera oculta y est\u00e1 disponible en diferentes combinaciones de colores, con o sin relleno.<\/p>\n","protected":false},"excerpt":{"rendered":"<p>Coj\u00edn decorativo rectangular con tela Pitch. Esta tela altamente vers\u00e1til tiene un dise\u00f1o con un ritmo din\u00e1mico. Esta almohada tiene cremallera oculta y est\u00e1 disponible en diferentes combinaciones de colores, con o sin relleno. <\/p>\n<h2>Coj\u00edn Pitch es un coj\u00edn decorativo rectangular con tela Pitch. Esta tela altamente vers\u00e1til tiene un dise\u00f1o con un ritmo din\u00e1mico.<\/h2>\n<p><img fetchpriority=\"high\" decoding=\"async\" class=\"alignnone wp-image-197394 size-medium\" src=\"https:\/\/aldeco.pt\/staging\/wp-content\/uploads\/2024\/07\/CUSHION-PITCH-AQUARELLE-50x30-P-300x241.jpg\" alt=\"Coj\u00edn Pitch Aquarelle - Aldeco\" width=\"300\" height=\"241\"><\/p>\n<p><a href=\"https:\/\/aldeco.pt\/staging\/product\/cushion-pitch-aquarelle-50x30-p\/?attribute_pa_aldeco-color=02-aquarelle\">https:\/\/aldeco.pt\/staging\/product\/cushion-pitch-aquarelle-50&#215;30-p\/?attribute_pa_aldeco-color=02-aquarelle<\/a><a href=\"https:\/\/www.instagram.com\/aldeco_interiorfabrics\/\">https:\/\/www.instagram.com\/aldeco_interiorfabrics\/<\/a><\/p>\n","protected":false},"featured_media":197396,"template":"","meta":[],"product_brand":[],"product_cat":[6146],"product_tag":[],"class_list":{"0":"post-199211","1":"product","2":"type-product","3":"status-publish","4":"has-post-thumbnail","6":"product_cat-aldeco-2-es","7":"pa_composition-ext-46-vi-28-co-15-li-11-pl-es","8":"pa_line-cojines","9":"pa_range-jacquard-es","12":"first","13":"instock","14":"purchasable","15":"product-type-variable"},"acf":[],"_links":{"self":[{"href":"https:\/\/staging.aldeco.pt\/es\/wp-json\/wp\/v2\/product\/199211","targetHints":{"allow":["GET"]}}],"collection":[{"href":"https:\/\/staging.aldeco.pt\/es\/wp-json\/wp\/v2\/product"}],"about":[{"href":"https:\/\/staging.aldeco.pt\/es\/wp-json\/wp\/v2\/types\/product"}],"version-history":[{"count":1,"href":"https:\/\/staging.aldeco.pt\/es\/wp-json\/wp\/v2\/product\/199211\/revisions"}],"predecessor-version":[{"id":199456,"href":"https:\/\/staging.aldeco.pt\/es\/wp-json\/wp\/v2\/product\/199211\/revisions\/199456"}],"wp:featuredmedia":[{"embeddable":true,"href":"https:\/\/staging.aldeco.pt\/es\/wp-json\/wp\/v2\/media\/197396"}],"wp:attachment":[{"href":"https:\/\/staging.aldeco.pt\/es\/wp-json\/wp\/v2\/media?parent=199211"}],"wp:term":[{"taxonomy":"product_brand","embeddable":true,"href":"https:\/\/staging.aldeco.pt\/es\/wp-json\/wp\/v2\/product_brand?post=199211"},{"taxonomy":"product_cat","embeddable":true,"href":"https:\/\/staging.aldeco.pt\/es\/wp-json\/wp\/v2\/product_cat?post=199211"},{"taxonomy":"product_tag","embeddable":true,"href":"https:\/\/staging.aldeco.pt\/es\/wp-json\/wp\/v2\/product_tag?post=199211"}],"curies":[{"name":"wp","href":"https:\/\/api.w.org\/{rel}","templated":true}]}}