{"id":199205,"date":"2024-07-23T23:21:58","date_gmt":"2024-07-23T23:21:58","guid":{"rendered":"https:\/\/aldeco.pt\/staging\/product\/cojin-terrasse-fr-white-antracite-50x50-p\/"},"modified":"2024-10-29T16:56:44","modified_gmt":"2024-10-29T16:56:44","slug":"cojin-terrasse-fr-white-antracite-50x50-p","status":"publish","type":"product","link":"https:\/\/staging.aldeco.pt\/es\/product\/cojin-terrasse-fr-white-antracite-50x50-p\/","title":{"rendered":"COJ\u00cdN TERRASSE FR WHITE ANTRACITE 50&#215;50 P"},"content":{"rendered":"<p>Coj\u00edn decorativo cuadrado con frente en Terrasse, reverso y vivo en Maison. Tejido jacquard con motivo geom\u00e9trico inspirado en la deconstrucci\u00f3n de los granos de madera de las construcciones t\u00edpicas de las terrazas de Comporta. Esta almohada tiene cremallera oculta y est\u00e1 disponible en diferentes combinaciones de colores, con o sin relleno.<\/p>\n","protected":false},"excerpt":{"rendered":"<p>Coj\u00edn decorativo cuadrado con frente en Terrasse, reverso y vivo en Maison. Tejido jacquard con motivo geom\u00e9trico inspirado en la deconstrucci\u00f3n de los granos de madera de las construcciones t\u00edpicas de las terrazas de Comporta. Esta almohada tiene cremallera oculta y est\u00e1 disponible en diferentes combinaciones de colores, con o sin relleno.<\/p>\n<h2>Coj\u00edn Terrasse Fr, tejido jacquard con motivo geom\u00e9trico inspirado en la deconstrucci\u00f3n de los granos de madera de las construcciones t\u00edpicas de las terrazas de Comporta. Esta almohada tiene cremallera oculta y est\u00e1 disponible en diferentes combinaciones de colores, con o sin relleno.<\/h2>\n<p><img fetchpriority=\"high\" decoding=\"async\" class=\"alignnone wp-image-196149 size-medium\" src=\"https:\/\/aldeco.pt\/staging\/wp-content\/uploads\/2024\/07\/CUSHION-TERRASSE-FR-WHITE-ANTRACITE-50x50-P-300x241.jpg\" alt=\"Coj\u00edn Terrasse Fr White Antracite - Aldeco\" width=\"300\" height=\"241\" \/><\/p>\n<p><a href=\"https:\/\/aldeco.pt\/staging\/product\/cushion-terrasse-fr-white-antracite-50x50-p\/?attribute_pa_aldeco-color=05-white-anthracite\">https:\/\/aldeco.pt\/staging\/product\/cushion-terrasse-fr-white-antracite-50&#215;50-p\/?attribute_pa_aldeco-color=05-white-anthracite<\/a>. <a href=\"https:\/\/www.instagram.com\/aldeco_interiorfabrics\/\">https:\/\/www.instagram.com\/aldeco_interiorfabrics\/<\/a><\/p>\n","protected":false},"featured_media":196151,"template":"","meta":[],"product_brand":[],"product_cat":[6146],"product_tag":[],"class_list":{"0":"post-199205","1":"product","2":"type-product","3":"status-publish","4":"has-post-thumbnail","6":"product_cat-aldeco-2-es","7":"pa_composition-ext-80-pp-20-pl-es","8":"pa_line-cojines","11":"first","12":"instock","13":"purchasable","14":"product-type-variable"},"acf":[],"_links":{"self":[{"href":"https:\/\/staging.aldeco.pt\/es\/wp-json\/wp\/v2\/product\/199205","targetHints":{"allow":["GET"]}}],"collection":[{"href":"https:\/\/staging.aldeco.pt\/es\/wp-json\/wp\/v2\/product"}],"about":[{"href":"https:\/\/staging.aldeco.pt\/es\/wp-json\/wp\/v2\/types\/product"}],"version-history":[{"count":2,"href":"https:\/\/staging.aldeco.pt\/es\/wp-json\/wp\/v2\/product\/199205\/revisions"}],"predecessor-version":[{"id":200869,"href":"https:\/\/staging.aldeco.pt\/es\/wp-json\/wp\/v2\/product\/199205\/revisions\/200869"}],"wp:featuredmedia":[{"embeddable":true,"href":"https:\/\/staging.aldeco.pt\/es\/wp-json\/wp\/v2\/media\/196151"}],"wp:attachment":[{"href":"https:\/\/staging.aldeco.pt\/es\/wp-json\/wp\/v2\/media?parent=199205"}],"wp:term":[{"taxonomy":"product_brand","embeddable":true,"href":"https:\/\/staging.aldeco.pt\/es\/wp-json\/wp\/v2\/product_brand?post=199205"},{"taxonomy":"product_cat","embeddable":true,"href":"https:\/\/staging.aldeco.pt\/es\/wp-json\/wp\/v2\/product_cat?post=199205"},{"taxonomy":"product_tag","embeddable":true,"href":"https:\/\/staging.aldeco.pt\/es\/wp-json\/wp\/v2\/product_tag?post=199205"}],"curies":[{"name":"wp","href":"https:\/\/api.w.org\/{rel}","templated":true}]}}