{"id":199197,"date":"2024-07-23T23:15:59","date_gmt":"2024-07-23T23:15:59","guid":{"rendered":"https:\/\/aldeco.pt\/staging\/product\/cojin-paysage-de-reve-eden-garden-45x30\/"},"modified":"2024-10-08T10:03:19","modified_gmt":"2024-10-08T10:03:19","slug":"cojin-paysage-de-reve-eden-garden-45x30","status":"publish","type":"product","link":"https:\/\/staging.aldeco.pt\/es\/product\/cojin-paysage-de-reve-eden-garden-45x30\/","title":{"rendered":"COJ\u00cdN PAYSAGE DE R\u00caVE EDEN GARDEN 45&#215;30"},"content":{"rendered":"<p>Coj\u00edn decorativo rectangular PAYSAGE DE R\u00caVE, un tejido de algod\u00f3n estampado con un aspecto de lino muy natural. nspirado en los paisajes de la Polinesia Francesa y la obra de Gaugin, con el uso de colores s\u00f3lidos sobre un fondo degradado. La flora presente es ex\u00f3tica con hojas grandes y trazos limpios, casi como un toile de jouy. Esta almohada tiene cremallera oculta y est\u00e1 disponible en diferentes combinaciones de colores, con o sin relleno.<\/p>\n","protected":false},"excerpt":{"rendered":"<p>Coj\u00edn decorativo rectangular PAYSAGE DE R\u00caVE, un tejido de algod\u00f3n estampado con un aspecto de lino muy natural. nspirado en los paisajes de la Polinesia Francesa y la obra de Gaugin, con el uso de colores s\u00f3lidos sobre un fondo degradado. La flora presente es ex\u00f3tica con hojas grandes y trazos limpios, casi como un toile de jouy. Esta almohada tiene cremallera oculta y est\u00e1 disponible en diferentes combinaciones de colores, con o sin relleno.<\/p>\n<h2>Coj\u00edn PAYSAGE DE R\u00caVE, un tejido de algod\u00f3n estampado con un aspecto de lino muy natural. nspirado en los paisajes de la Polinesia Francesa y la obra de Gaugin, con el uso de colores s\u00f3lidos sobre un fondo degradado. La flora presente es ex\u00f3tica con hojas grandes y trazos limpios, casi como un toile de jouy. Esta almohada tiene cremallera oculta y est\u00e1 disponible en diferentes combinaciones de colores, con o sin relleno.<\/h2>\n<p><img fetchpriority=\"high\" decoding=\"async\" class=\"alignnone wp-image-195852 size-medium\" src=\"https:\/\/aldeco.pt\/staging\/wp-content\/uploads\/2024\/07\/CUSHION-PAYSAGE-DE-REVE-EDEN-GARDEN-45x30-1-300x241.jpg\" alt=\"Coj\u00edn Paysage de R\u00eave Eden Green - Aldeco\" width=\"300\" height=\"241\" \/><\/p>\n<p><a href=\"https:\/\/aldeco.pt\/staging\/product\/cushion-paysage-de-reve-eden-garden-45x30\/?attribute_pa_aldeco-color=04-eden-garden\">https:\/\/aldeco.pt\/staging\/product\/cushion-paysage-de-reve-eden-garden-45&#215;30\/?attribute_pa_aldeco-color=04-eden-garden<\/a><a href=\"https:\/\/www.instagram.com\/aldeco_interiorfabrics\/\">https:\/\/www.instagram.com\/aldeco_interiorfabrics\/<\/a><\/p>\n","protected":false},"featured_media":195854,"template":"","meta":[],"product_brand":[],"product_cat":[6146],"product_tag":[],"class_list":{"0":"post-199197","1":"product","2":"type-product","3":"status-publish","4":"has-post-thumbnail","6":"product_cat-aldeco-2-es","7":"pa_composition-ext-100-co-es","8":"pa_line-cojines","11":"first","12":"instock","13":"purchasable","14":"product-type-variable"},"acf":[],"_links":{"self":[{"href":"https:\/\/staging.aldeco.pt\/es\/wp-json\/wp\/v2\/product\/199197","targetHints":{"allow":["GET"]}}],"collection":[{"href":"https:\/\/staging.aldeco.pt\/es\/wp-json\/wp\/v2\/product"}],"about":[{"href":"https:\/\/staging.aldeco.pt\/es\/wp-json\/wp\/v2\/types\/product"}],"version-history":[{"count":2,"href":"https:\/\/staging.aldeco.pt\/es\/wp-json\/wp\/v2\/product\/199197\/revisions"}],"predecessor-version":[{"id":202193,"href":"https:\/\/staging.aldeco.pt\/es\/wp-json\/wp\/v2\/product\/199197\/revisions\/202193"}],"wp:featuredmedia":[{"embeddable":true,"href":"https:\/\/staging.aldeco.pt\/es\/wp-json\/wp\/v2\/media\/195854"}],"wp:attachment":[{"href":"https:\/\/staging.aldeco.pt\/es\/wp-json\/wp\/v2\/media?parent=199197"}],"wp:term":[{"taxonomy":"product_brand","embeddable":true,"href":"https:\/\/staging.aldeco.pt\/es\/wp-json\/wp\/v2\/product_brand?post=199197"},{"taxonomy":"product_cat","embeddable":true,"href":"https:\/\/staging.aldeco.pt\/es\/wp-json\/wp\/v2\/product_cat?post=199197"},{"taxonomy":"product_tag","embeddable":true,"href":"https:\/\/staging.aldeco.pt\/es\/wp-json\/wp\/v2\/product_tag?post=199197"}],"curies":[{"name":"wp","href":"https:\/\/api.w.org\/{rel}","templated":true}]}}