{"id":199189,"date":"2024-07-23T23:22:15","date_gmt":"2024-07-23T23:22:15","guid":{"rendered":"https:\/\/aldeco.pt\/staging\/product\/cojin-tiebele-in-outdoor-golden-rod-60x30\/"},"modified":"2024-10-29T16:56:41","modified_gmt":"2024-10-29T16:56:41","slug":"cojin-tiebele-in-outdoor-golden-rod-60x30","status":"publish","type":"product","link":"https:\/\/staging.aldeco.pt\/es\/product\/cojin-tiebele-in-outdoor-golden-rod-60x30\/","title":{"rendered":"COJ\u00cdN TI\u00c9B\u00c9L\u00c9 IN\/OUTDOOR GOLDEN ROD 60&#215;30"},"content":{"rendered":"<p>Coj\u00edn decorativo rectangular con tela Ti\u00e9b\u00e9l\u00e9, en Burkina Faso, es un pueblo africano \u00fanico en su tipo con casas de barro pintadas impresionantes. Decoran sus hogares pintando dise\u00f1os intrincados en las paredes exteriores de sus casas, usando barro y tiza de colores. Mientras que la construcci\u00f3n de las casas es realizada por los hombres, la pintura es trabajo de mujeres. Las casas est\u00e1n adornadas con patrones folcl\u00f3ricos incre\u00edblemente precisos y delicados. Este incre\u00edble jacquard est\u00e1 inspirado en \u00c1frica y en esta pr\u00e1ctica tan antigua que da como resultado un tejido geom\u00e9trico pesado. Esta almohada tiene cremallera oculta y est\u00e1 disponible en diferentes combinaciones de colores, con o sin relleno.<\/p>\n","protected":false},"excerpt":{"rendered":"<p>Coj\u00edn decorativo rectangular con tela Ti\u00e9b\u00e9l\u00e9, en Burkina Faso, es un pueblo africano \u00fanico en su tipo con casas de barro pintadas impresionantes. Decoran sus hogares pintando dise\u00f1os intrincados en las paredes exteriores de sus casas, usando barro y tiza de colores. Mientras que la construcci\u00f3n de las casas es realizada por los hombres, la pintura es trabajo de mujeres. Las casas est\u00e1n adornadas con patrones folcl\u00f3ricos incre\u00edblemente precisos y delicados. Este incre\u00edble jacquard est\u00e1 inspirado en \u00c1frica y en esta pr\u00e1ctica tan antigua que da como resultado un tejido geom\u00e9trico pesado. Esta almohada tiene cremallera oculta y est\u00e1 disponible en diferentes combinaciones de colores, con o sin relleno. <\/p>\n<h2>Coj\u00edn Ti\u00e9b\u00e9l\u00e9 rectangular , en Burkina Faso, es un pueblo africano \u00fanico en su tipo con casas de barro pintadas impresionantes.<\/h2>\n<p><img fetchpriority=\"high\" decoding=\"async\" class=\"alignnone wp-image-196678 size-medium\" src=\"https:\/\/aldeco.pt\/staging\/wp-content\/uploads\/2024\/07\/CUSHION-TIEBELE-IN-OUTDOOR-GOLDEN-ROD-60x30-1-300x241.jpg\" alt=\"Coj\u00edn Ti\u00e9b\u00e9l\u00e9 In\/Outdoor Golden Rod - Aldeco\" width=\"300\" height=\"241\"><\/p>\n<p><a href=\"https:\/\/aldeco.pt\/staging\/product\/cushion-tiebele-in-outdoor-golden-rod-60x30\/?attribute_pa_aldeco-color=01-golden-rod\">https:\/\/aldeco.pt\/staging\/product\/cushion-tiebele-in-outdoor-golden-rod-60&#215;30\/?attribute_pa_aldeco-color=01-golden-rod<\/a><a href=\"https:\/\/www.instagram.com\/aldeco_interiorfabrics\/\">https:\/\/www.instagram.com\/aldeco_interiorfabrics\/<\/a><\/p>\n","protected":false},"featured_media":196680,"template":"","meta":[],"product_brand":[],"product_cat":[6146],"product_tag":[],"class_list":{"0":"post-199189","1":"product","2":"type-product","3":"status-publish","4":"has-post-thumbnail","6":"product_cat-aldeco-2-es","7":"pa_composition-ext-100-pp-es","8":"pa_line-cojines","9":"pa_range-jacquard-es","12":"first","13":"instock","14":"purchasable","15":"product-type-variable"},"acf":[],"_links":{"self":[{"href":"https:\/\/staging.aldeco.pt\/es\/wp-json\/wp\/v2\/product\/199189","targetHints":{"allow":["GET"]}}],"collection":[{"href":"https:\/\/staging.aldeco.pt\/es\/wp-json\/wp\/v2\/product"}],"about":[{"href":"https:\/\/staging.aldeco.pt\/es\/wp-json\/wp\/v2\/types\/product"}],"version-history":[{"count":1,"href":"https:\/\/staging.aldeco.pt\/es\/wp-json\/wp\/v2\/product\/199189\/revisions"}],"predecessor-version":[{"id":199393,"href":"https:\/\/staging.aldeco.pt\/es\/wp-json\/wp\/v2\/product\/199189\/revisions\/199393"}],"wp:featuredmedia":[{"embeddable":true,"href":"https:\/\/staging.aldeco.pt\/es\/wp-json\/wp\/v2\/media\/196680"}],"wp:attachment":[{"href":"https:\/\/staging.aldeco.pt\/es\/wp-json\/wp\/v2\/media?parent=199189"}],"wp:term":[{"taxonomy":"product_brand","embeddable":true,"href":"https:\/\/staging.aldeco.pt\/es\/wp-json\/wp\/v2\/product_brand?post=199189"},{"taxonomy":"product_cat","embeddable":true,"href":"https:\/\/staging.aldeco.pt\/es\/wp-json\/wp\/v2\/product_cat?post=199189"},{"taxonomy":"product_tag","embeddable":true,"href":"https:\/\/staging.aldeco.pt\/es\/wp-json\/wp\/v2\/product_tag?post=199189"}],"curies":[{"name":"wp","href":"https:\/\/api.w.org\/{rel}","templated":true}]}}