{"id":199185,"date":"2024-07-23T23:15:48","date_gmt":"2024-07-23T23:15:48","guid":{"rendered":"https:\/\/aldeco.pt\/staging\/product\/cojin-on-weaving-terracotta-blue-60x30\/"},"modified":"2024-08-29T14:34:14","modified_gmt":"2024-08-29T14:34:14","slug":"cojin-on-weaving-terracotta-blue-60x30","status":"publish","type":"product","link":"https:\/\/staging.aldeco.pt\/es\/product\/cojin-on-weaving-terracotta-blue-60x30\/","title":{"rendered":"COJ\u00cdN ON WEAVING TERRACOTTA BLUE 60&#215;30"},"content":{"rendered":"<p>Coj\u00edn decorativo rectangular de aspecto muy refinado. ON WEAVING es un jacquard satinado con un dise\u00f1o geom\u00e9trico inspirado en la cester\u00eda y los azulejos tradicionales  Esta almohada tiene cremallera oculta y est\u00e1 disponible en diferentes combinaciones de colores, con o sin relleno.<\/p>\n","protected":false},"excerpt":{"rendered":"<p>Coj\u00edn decorativo rectangular de aspecto muy refinado. ON WEAVING es un jacquard satinado con un dise\u00f1o geom\u00e9trico inspirado en la cester\u00eda y los azulejos tradicionales.  Esta almohada tiene cremallera oculta y est\u00e1 disponible en diferentes combinaciones de colores, con o sin relleno. <\/p>\n<h2>Coj\u00edn ON WEAVING es un jacquard satinado con un dise\u00f1o geom\u00e9trico inspirado en la cester\u00eda y los azulejos tradicionales. Esta almohada tiene cremallera oculta y est\u00e1 disponible en diferentes combinaciones de colores, con o sin relleno.<\/h2>\n<p><img fetchpriority=\"high\" decoding=\"async\" class=\"alignnone wp-image-196662 size-medium\" src=\"https:\/\/aldeco.pt\/staging\/wp-content\/uploads\/2024\/07\/CUSHION-ON-WEAVING-TERRACOTTA-BLUE-60x30-1-300x241.jpg\" alt=\"Coj\u00edn On Weaving Terracotta - Aldeco\" width=\"300\" height=\"241\"><\/p>\n<p><a href=\"https:\/\/aldeco.pt\/staging\/product\/cushion-on-weaving-terracotta-blue-60x30\/?attribute_pa_aldeco-color=03-terracota\">https:\/\/aldeco.pt\/staging\/product\/cushion-on-weaving-terracotta-blue-60&#215;30\/?attribute_pa_aldeco-color=03-terracota<\/a><a href=\"https:\/\/www.instagram.com\/aldeco_interiorfabrics\/\">https:\/\/www.instagram.com\/aldeco_interiorfabrics\/<\/a><\/p>\n","protected":false},"featured_media":196664,"template":"","meta":[],"product_brand":[],"product_cat":[6146],"product_tag":[],"class_list":{"0":"post-199185","1":"product","2":"type-product","3":"status-publish","4":"has-post-thumbnail","6":"product_cat-aldeco-2-es","7":"pa_composition-ext-38-pl-34-co-28-vi-es","8":"pa_line-cojines","9":"pa_range-jacquard-es","10":"pa_range-satin-es","13":"first","14":"instock","15":"purchasable","16":"product-type-variable"},"acf":[],"_links":{"self":[{"href":"https:\/\/staging.aldeco.pt\/es\/wp-json\/wp\/v2\/product\/199185","targetHints":{"allow":["GET"]}}],"collection":[{"href":"https:\/\/staging.aldeco.pt\/es\/wp-json\/wp\/v2\/product"}],"about":[{"href":"https:\/\/staging.aldeco.pt\/es\/wp-json\/wp\/v2\/types\/product"}],"version-history":[{"count":1,"href":"https:\/\/staging.aldeco.pt\/es\/wp-json\/wp\/v2\/product\/199185\/revisions"}],"predecessor-version":[{"id":199463,"href":"https:\/\/staging.aldeco.pt\/es\/wp-json\/wp\/v2\/product\/199185\/revisions\/199463"}],"wp:featuredmedia":[{"embeddable":true,"href":"https:\/\/staging.aldeco.pt\/es\/wp-json\/wp\/v2\/media\/196664"}],"wp:attachment":[{"href":"https:\/\/staging.aldeco.pt\/es\/wp-json\/wp\/v2\/media?parent=199185"}],"wp:term":[{"taxonomy":"product_brand","embeddable":true,"href":"https:\/\/staging.aldeco.pt\/es\/wp-json\/wp\/v2\/product_brand?post=199185"},{"taxonomy":"product_cat","embeddable":true,"href":"https:\/\/staging.aldeco.pt\/es\/wp-json\/wp\/v2\/product_cat?post=199185"},{"taxonomy":"product_tag","embeddable":true,"href":"https:\/\/staging.aldeco.pt\/es\/wp-json\/wp\/v2\/product_tag?post=199185"}],"curies":[{"name":"wp","href":"https:\/\/api.w.org\/{rel}","templated":true}]}}