{"id":199130,"date":"2024-07-23T23:23:29","date_gmt":"2024-07-23T23:23:29","guid":{"rendered":"https:\/\/aldeco.pt\/staging\/product\/cojin-toile-life-fr-linen-50x50\/"},"modified":"2024-11-04T14:38:33","modified_gmt":"2024-11-04T14:38:33","slug":"cojin-toile-life-fr-linen-50x50","status":"publish","type":"product","link":"https:\/\/staging.aldeco.pt\/es\/product\/cojin-toile-life-fr-linen-50x50\/","title":{"rendered":"COJ\u00cdN TOILE LIFE FR LINEN 50&#215;50"},"content":{"rendered":"<p>Coj\u00edn decorativo cuadrado con Toile Life. Tras el gran \u00e9xito de los terciopelos Life y Sealife, hemos desarrollado una soluci\u00f3n para exteriores para tus proyectos m\u00e1s exigentes. Esta tela panam\u00e1 estampada con aspecto toile de jouy sobre una base natural en bruto. Esta almohada tiene cremallera oculta y est\u00e1 disponible en diferentes combinaciones de colores, con o sin relleno.<\/p>\n","protected":false},"excerpt":{"rendered":"<p>Coj\u00edn decorativo cuadrado con Toile Life. Tras el gran \u00e9xito de los terciopelos Life y Sealife, hemos desarrollado una soluci\u00f3n para exteriores para tus proyectos m\u00e1s exigentes. Esta tela panam\u00e1 estampada con aspecto toile de jouy sobre una base natural en bruto. Esta almohada tiene cremallera oculta y est\u00e1 disponible en diferentes combinaciones de colores, con o sin relleno. <\/p>\n<h2>Coj\u00edn Toile Life. Tras el gran \u00e9xito de los terciopelos Life y Sealife, hemos desarrollado una soluci\u00f3n para exteriores para tus proyectos m\u00e1s exigentes. Esta tela panam\u00e1 estampada con aspecto toile de jouy sobre una base natural en bruto. Esta almohada tiene cremallera oculta y est\u00e1 disponible en diferentes combinaciones de colores, con o sin relleno.<\/h2>\n<p><img fetchpriority=\"high\" decoding=\"async\" class=\"alignnone wp-image-196255 size-medium\" src=\"https:\/\/aldeco.pt\/staging\/wp-content\/uploads\/2024\/07\/CUSHION-TOILE-LIFE-FR-LINEN-50x50-1-300x241.jpg\" alt=\"Coj\u00edn Toile Life Fr Linen - Aldeco\" width=\"300\" height=\"241\"><\/p>\n<p><a href=\"https:\/\/aldeco.pt\/staging\/product\/cushion-toile-life-fr-linen-50x50\/?attribute_pa_aldeco-color=01-linen\">https:\/\/aldeco.pt\/staging\/product\/cushion-toile-life-fr-linen-50&#215;50\/?attribute_pa_aldeco-color=01-linen<\/a><a href=\"https:\/\/www.instagram.com\/aldeco_interiorfabrics\/\">https:\/\/www.instagram.com\/aldeco_interiorfabrics\/<\/a><\/p>\n","protected":false},"featured_media":196257,"template":"","meta":[],"product_brand":[],"product_cat":[6146],"product_tag":[],"class_list":{"0":"post-199130","1":"product","2":"type-product","3":"status-publish","4":"has-post-thumbnail","6":"product_cat-aldeco-2-es","7":"pa_composition-ext-90-pc-10-li-es","8":"pa_line-cojines","9":"pa_range-estampado-es","10":"pa_range-panama-es","13":"first","14":"instock","15":"purchasable","16":"product-type-variable"},"acf":[],"_links":{"self":[{"href":"https:\/\/staging.aldeco.pt\/es\/wp-json\/wp\/v2\/product\/199130","targetHints":{"allow":["GET"]}}],"collection":[{"href":"https:\/\/staging.aldeco.pt\/es\/wp-json\/wp\/v2\/product"}],"about":[{"href":"https:\/\/staging.aldeco.pt\/es\/wp-json\/wp\/v2\/types\/product"}],"version-history":[{"count":1,"href":"https:\/\/staging.aldeco.pt\/es\/wp-json\/wp\/v2\/product\/199130\/revisions"}],"predecessor-version":[{"id":199385,"href":"https:\/\/staging.aldeco.pt\/es\/wp-json\/wp\/v2\/product\/199130\/revisions\/199385"}],"wp:featuredmedia":[{"embeddable":true,"href":"https:\/\/staging.aldeco.pt\/es\/wp-json\/wp\/v2\/media\/196257"}],"wp:attachment":[{"href":"https:\/\/staging.aldeco.pt\/es\/wp-json\/wp\/v2\/media?parent=199130"}],"wp:term":[{"taxonomy":"product_brand","embeddable":true,"href":"https:\/\/staging.aldeco.pt\/es\/wp-json\/wp\/v2\/product_brand?post=199130"},{"taxonomy":"product_cat","embeddable":true,"href":"https:\/\/staging.aldeco.pt\/es\/wp-json\/wp\/v2\/product_cat?post=199130"},{"taxonomy":"product_tag","embeddable":true,"href":"https:\/\/staging.aldeco.pt\/es\/wp-json\/wp\/v2\/product_tag?post=199130"}],"curies":[{"name":"wp","href":"https:\/\/api.w.org\/{rel}","templated":true}]}}