{"id":199128,"date":"2024-07-23T23:14:08","date_gmt":"2024-07-23T23:14:08","guid":{"rendered":"https:\/\/aldeco.pt\/staging\/product\/cojin-modernist-jacquard-velvet-moss-green-50x50\/"},"modified":"2024-10-09T13:32:24","modified_gmt":"2024-10-09T13:32:24","slug":"cojin-modernist-jacquard-velvet-moss-green-50x50","status":"publish","type":"product","link":"https:\/\/staging.aldeco.pt\/es\/product\/cojin-modernist-jacquard-velvet-moss-green-50x50\/","title":{"rendered":"COJ\u00cdN MODERNIST JACQUARD VELVET MOSS GREEN 50&#215;50"},"content":{"rendered":"<p>Elegante coj\u00edn decorativo cuadrado con tejido Modernist. Tejido de terciopelo jacquard con formas geom\u00e9tricas con un toque moderno. La rica combinaci\u00f3n de colores da como resultado un terciopelo vibrante y din\u00e1mico. Esta almohada tiene cremallera oculta y est\u00e1 disponible en diferentes combinaciones de colores, con o sin relleno.<\/p>\n","protected":false},"excerpt":{"rendered":"<p>Elegante coj\u00edn decorativo cuadrado con tejido Modernist. Tejido de terciopelo jacquard con formas geom\u00e9tricas con un toque moderno. La rica combinaci\u00f3n de colores da como resultado un terciopelo vibrante y din\u00e1mico. Esta almohada tiene cremallera oculta y est\u00e1 disponible en diferentes combinaciones de colores, con o sin relleno.<\/p>\n<h2>Coj\u00edn Modernist, terciopelo Jacquard con formas geom\u00e9tricas con un toque moderno. La rica combinaci\u00f3n de colores da como resultado un terciopelo vibrante y din\u00e1mico. Esta almohada tiene cremallera oculta y est\u00e1 disponible en diferentes combinaciones de colores, con o sin relleno.<\/h2>\n<p><img fetchpriority=\"high\" decoding=\"async\" class=\"alignnone wp-image-196558 size-medium\" src=\"https:\/\/aldeco.pt\/staging\/wp-content\/uploads\/2024\/07\/CUSHION-MODERNIST-JACQUARD-VELVET-MOSS-GREEN-50x50-1-300x241.jpg\" alt=\"Coj\u00edn Modernist Jacquard Velvet Moss Green - Aldeco\" width=\"300\" height=\"241\" \/><\/p>\n<p><a href=\"https:\/\/aldeco.pt\/staging\/product\/cushion-modernist-jacquard-velvet-moss-green-50x50\/?attribute_pa_aldeco-color=04-moss-green\">https:\/\/aldeco.pt\/staging\/product\/cushion-modernist-jacquard-velvet-moss-green-50&#215;50\/?attribute_pa_aldeco-color=04-moss-green<\/a><a href=\"https:\/\/www.instagram.com\/aldeco_interiorfabrics\/\">https:\/\/www.instagram.com\/aldeco_interiorfabrics\/<\/a><\/p>\n","protected":false},"featured_media":196560,"template":"","meta":[],"product_brand":[],"product_cat":[6146],"product_tag":[],"class_list":{"0":"post-199128","1":"product","2":"type-product","3":"status-publish","4":"has-post-thumbnail","6":"product_cat-aldeco-2-es","7":"pa_composition-ext-81-vi-17-pl-2-co-es","8":"pa_line-cojines","9":"pa_range-jacquard-es","10":"pa_range-terciopelo","13":"first","14":"instock","15":"purchasable","16":"product-type-variable"},"acf":[],"_links":{"self":[{"href":"https:\/\/staging.aldeco.pt\/es\/wp-json\/wp\/v2\/product\/199128","targetHints":{"allow":["GET"]}}],"collection":[{"href":"https:\/\/staging.aldeco.pt\/es\/wp-json\/wp\/v2\/product"}],"about":[{"href":"https:\/\/staging.aldeco.pt\/es\/wp-json\/wp\/v2\/types\/product"}],"version-history":[{"count":2,"href":"https:\/\/staging.aldeco.pt\/es\/wp-json\/wp\/v2\/product\/199128\/revisions"}],"predecessor-version":[{"id":204553,"href":"https:\/\/staging.aldeco.pt\/es\/wp-json\/wp\/v2\/product\/199128\/revisions\/204553"}],"wp:featuredmedia":[{"embeddable":true,"href":"https:\/\/staging.aldeco.pt\/es\/wp-json\/wp\/v2\/media\/196560"}],"wp:attachment":[{"href":"https:\/\/staging.aldeco.pt\/es\/wp-json\/wp\/v2\/media?parent=199128"}],"wp:term":[{"taxonomy":"product_brand","embeddable":true,"href":"https:\/\/staging.aldeco.pt\/es\/wp-json\/wp\/v2\/product_brand?post=199128"},{"taxonomy":"product_cat","embeddable":true,"href":"https:\/\/staging.aldeco.pt\/es\/wp-json\/wp\/v2\/product_cat?post=199128"},{"taxonomy":"product_tag","embeddable":true,"href":"https:\/\/staging.aldeco.pt\/es\/wp-json\/wp\/v2\/product_tag?post=199128"}],"curies":[{"name":"wp","href":"https:\/\/api.w.org\/{rel}","templated":true}]}}