{"id":199122,"date":"2024-07-23T23:13:55","date_gmt":"2024-07-23T23:13:55","guid":{"rendered":"https:\/\/aldeco.pt\/staging\/product\/cojin-mirabillis-taupe-dream-60x30\/"},"modified":"2024-08-29T14:34:34","modified_gmt":"2024-08-29T14:34:34","slug":"cojin-mirabillis-taupe-dream-60x30","status":"publish","type":"product","link":"https:\/\/staging.aldeco.pt\/es\/product\/cojin-mirabillis-taupe-dream-60x30\/","title":{"rendered":"COJ\u00cdN MIRABILLIS TAUPE DREAM 60&#215;30"},"content":{"rendered":"<p>Elegante coj\u00edn decorativo rectangular con tejido Mirabillis. Este sat\u00e9n bordado vibrante y caprichoso est\u00e1 inspirado en el arte popular portugu\u00e9s y los trajes tradicionales. Caracterizado por el uso audaz de colores y motivos que enfatizan p\u00e1jaros, flores y una elaborada decoraci\u00f3n bordada, este dise\u00f1o tiene un toque moderno con hojas, frutas y animales tropicales.   Esta almohada tiene cremallera oculta y est\u00e1 disponible en diferentes combinaciones de colores, con o sin relleno.<\/p>\n","protected":false},"excerpt":{"rendered":"<p>Elegante coj\u00edn decorativo rectangular con tejido Mirabillis. Este sat\u00e9n bordado vibrante y caprichoso est\u00e1 inspirado en el arte popular portugu\u00e9s y los trajes tradicionales. Caracterizado por el uso audaz de colores y motivos que enfatizan p\u00e1jaros, flores y una elaborada decoraci\u00f3n bordada, este dise\u00f1o tiene un toque moderno con hojas, frutas y animales tropicales.   Esta almohada tiene cremallera oculta y est\u00e1 disponible en diferentes combinaciones de colores, con o sin relleno. <\/p>\n<h2>Coj\u00edn Mirabillis, este sat\u00e9n bordado vibrante y caprichoso est\u00e1 inspirado en el arte popular portugu\u00e9s y los trajes tradicionales.<\/h2>\n<p><img fetchpriority=\"high\" decoding=\"async\" class=\"alignnone wp-image-196542 size-medium\" src=\"https:\/\/aldeco.pt\/staging\/wp-content\/uploads\/2024\/07\/CUSHION-MIRABILLIS-TAUPE-DREAM-60x30-1-300x241.jpg\" alt=\"Coj\u00edn Mirabillis Taupe Dream - Aldeco\" width=\"300\" height=\"241\"><\/p>\n<p><a href=\"https:\/\/aldeco.pt\/staging\/product\/cushion-mirabillis-taupe-dream-60x30\/?attribute_pa_aldeco-color=01-taupe-dream\">https:\/\/aldeco.pt\/staging\/product\/cushion-mirabillis-taupe-dream-60&#215;30\/?attribute_pa_aldeco-color=01-taupe-dream<\/a><a href=\"https:\/\/www.instagram.com\/aldeco_interiorfabrics\/\">https:\/\/www.instagram.com\/aldeco_interiorfabrics\/<\/a><\/p>\n","protected":false},"featured_media":196544,"template":"","meta":[],"product_brand":[],"product_cat":[6146],"product_tag":[],"class_list":{"0":"post-199122","1":"product","2":"type-product","3":"status-publish","4":"has-post-thumbnail","6":"product_cat-aldeco-2-es","7":"pa_composition-ext-54-co-46-pl-es","8":"pa_line-cojines","9":"pa_range-bordado-es","10":"pa_range-satin-es","13":"first","14":"instock","15":"purchasable","16":"product-type-variable"},"acf":[],"_links":{"self":[{"href":"https:\/\/staging.aldeco.pt\/es\/wp-json\/wp\/v2\/product\/199122","targetHints":{"allow":["GET"]}}],"collection":[{"href":"https:\/\/staging.aldeco.pt\/es\/wp-json\/wp\/v2\/product"}],"about":[{"href":"https:\/\/staging.aldeco.pt\/es\/wp-json\/wp\/v2\/types\/product"}],"version-history":[{"count":1,"href":"https:\/\/staging.aldeco.pt\/es\/wp-json\/wp\/v2\/product\/199122\/revisions"}],"predecessor-version":[{"id":199483,"href":"https:\/\/staging.aldeco.pt\/es\/wp-json\/wp\/v2\/product\/199122\/revisions\/199483"}],"wp:featuredmedia":[{"embeddable":true,"href":"https:\/\/staging.aldeco.pt\/es\/wp-json\/wp\/v2\/media\/196544"}],"wp:attachment":[{"href":"https:\/\/staging.aldeco.pt\/es\/wp-json\/wp\/v2\/media?parent=199122"}],"wp:term":[{"taxonomy":"product_brand","embeddable":true,"href":"https:\/\/staging.aldeco.pt\/es\/wp-json\/wp\/v2\/product_brand?post=199122"},{"taxonomy":"product_cat","embeddable":true,"href":"https:\/\/staging.aldeco.pt\/es\/wp-json\/wp\/v2\/product_cat?post=199122"},{"taxonomy":"product_tag","embeddable":true,"href":"https:\/\/staging.aldeco.pt\/es\/wp-json\/wp\/v2\/product_tag?post=199122"}],"curies":[{"name":"wp","href":"https:\/\/api.w.org\/{rel}","templated":true}]}}