{"id":199110,"date":"2024-07-23T23:13:35","date_gmt":"2024-07-23T23:13:35","guid":{"rendered":"https:\/\/aldeco.pt\/staging\/product\/cojin-mirabillis-blue-dream-45x45\/"},"modified":"2024-08-29T14:34:38","modified_gmt":"2024-08-29T14:34:38","slug":"cojin-mirabillis-blue-dream-45x45","status":"publish","type":"product","link":"https:\/\/staging.aldeco.pt\/es\/product\/cojin-mirabillis-blue-dream-45x45\/","title":{"rendered":"COJ\u00cdN MIRABILLIS BLUE DREAM 45&#215;45"},"content":{"rendered":"<p>Elegante coj\u00edn decorativo cuadrado con tejido Mirabillis. Este sat\u00e9n bordado vibrante y caprichoso est\u00e1 inspirado en el arte popular portugu\u00e9s y los trajes tradicionales. Caracterizado por el uso audaz de colores y motivos que enfatizan p\u00e1jaros, flores y una elaborada decoraci\u00f3n bordada, este dise\u00f1o tiene un toque moderno con hojas, frutas y animales tropicales.   Esta almohada tiene cremallera oculta y est\u00e1 disponible en diferentes combinaciones de colores, con o sin relleno.<\/p>\n","protected":false},"excerpt":{"rendered":"<p>Elegante coj\u00edn decorativo cuadrado con tejido Mirabillis. Este sat\u00e9n bordado vibrante y caprichoso est\u00e1 inspirado en el arte popular portugu\u00e9s y los trajes tradicionales. Caracterizado por el uso audaz de colores y motivos que enfatizan p\u00e1jaros, flores y una elaborada decoraci\u00f3n bordada, este dise\u00f1o tiene un toque moderno con hojas, frutas y animales tropicales.   Esta almohada tiene cremallera oculta y est\u00e1 disponible en diferentes combinaciones de colores, con o sin relleno. <\/p>\n<h2>Coj\u00edn Mirabillis, este sat\u00e9n bordado vibrante y caprichoso est\u00e1 inspirado en el arte popular portugu\u00e9s y los trajes tradicionales.<\/h2>\n<p><img fetchpriority=\"high\" decoding=\"async\" class=\"alignnone wp-image-196516 size-medium\" src=\"https:\/\/aldeco.pt\/staging\/wp-content\/uploads\/2024\/07\/CUSHION-MIRABILLIS-BLUE-DREAM-50x50-1-300x241.jpg\" alt=\"Coj\u00edn Mirabillis Blue Dream - Aldeco\" width=\"300\" height=\"241\"><\/p>\n<p><a href=\"https:\/\/aldeco.pt\/staging\/product\/cushion-mirabillis-blue-dream-45x45\/?attribute_pa_aldeco-color=02-blue-dream\">https:\/\/aldeco.pt\/staging\/product\/cushion-mirabillis-blue-dream-45&#215;45\/?attribute_pa_aldeco-color=02-blue-dream<\/a><a href=\"https:\/\/www.instagram.com\/aldeco_interiorfabrics\/\">https:\/\/www.instagram.com\/aldeco_interiorfabrics\/<\/a><\/p>\n","protected":false},"featured_media":196518,"template":"","meta":[],"product_brand":[],"product_cat":[6146],"product_tag":[],"class_list":{"0":"post-199110","1":"product","2":"type-product","3":"status-publish","4":"has-post-thumbnail","6":"product_cat-aldeco-2-es","7":"pa_composition-ext-54-co-46-pl-es","8":"pa_line-cojines","9":"pa_range-bordado-es","10":"pa_range-satin-es","13":"first","14":"instock","15":"purchasable","16":"product-type-variable"},"acf":[],"_links":{"self":[{"href":"https:\/\/staging.aldeco.pt\/es\/wp-json\/wp\/v2\/product\/199110","targetHints":{"allow":["GET"]}}],"collection":[{"href":"https:\/\/staging.aldeco.pt\/es\/wp-json\/wp\/v2\/product"}],"about":[{"href":"https:\/\/staging.aldeco.pt\/es\/wp-json\/wp\/v2\/types\/product"}],"version-history":[{"count":1,"href":"https:\/\/staging.aldeco.pt\/es\/wp-json\/wp\/v2\/product\/199110\/revisions"}],"predecessor-version":[{"id":199488,"href":"https:\/\/staging.aldeco.pt\/es\/wp-json\/wp\/v2\/product\/199110\/revisions\/199488"}],"wp:featuredmedia":[{"embeddable":true,"href":"https:\/\/staging.aldeco.pt\/es\/wp-json\/wp\/v2\/media\/196518"}],"wp:attachment":[{"href":"https:\/\/staging.aldeco.pt\/es\/wp-json\/wp\/v2\/media?parent=199110"}],"wp:term":[{"taxonomy":"product_brand","embeddable":true,"href":"https:\/\/staging.aldeco.pt\/es\/wp-json\/wp\/v2\/product_brand?post=199110"},{"taxonomy":"product_cat","embeddable":true,"href":"https:\/\/staging.aldeco.pt\/es\/wp-json\/wp\/v2\/product_cat?post=199110"},{"taxonomy":"product_tag","embeddable":true,"href":"https:\/\/staging.aldeco.pt\/es\/wp-json\/wp\/v2\/product_tag?post=199110"}],"curies":[{"name":"wp","href":"https:\/\/api.w.org\/{rel}","templated":true}]}}