{"id":199108,"date":"2024-07-23T23:23:43","date_gmt":"2024-07-23T23:23:43","guid":{"rendered":"https:\/\/aldeco.pt\/staging\/product\/cojin-toile-sealife-fr-coral-gable-50x50\/"},"modified":"2024-11-04T15:44:51","modified_gmt":"2024-11-04T15:44:51","slug":"cojin-toile-sealife-fr-coral-gable-50x50","status":"publish","type":"product","link":"https:\/\/staging.aldeco.pt\/es\/product\/cojin-toile-sealife-fr-coral-gable-50x50\/","title":{"rendered":"COJ\u00cdN TOILE SEALIFE FR CORAL GABLE 50&#215;50"},"content":{"rendered":"<p>Coj\u00edn decorativo cuadrado con Toile Sealife. Tras el gran \u00e9xito de los terciopelos Life y Sealife, hemos desarrollado una soluci\u00f3n para exteriores para tus proyectos m\u00e1s exigentes. Esta tela panam\u00e1 estampada con aspecto toile de jouy sobre una base natural blanca. Esta almohada tiene cremallera oculta y est\u00e1 disponible en diferentes combinaciones de colores, con o sin relleno.<\/p>\n","protected":false},"excerpt":{"rendered":"<p>Coj\u00edn decorativo cuadrado con Toile Sealife. Tras el gran \u00e9xito de los terciopelos Life y Sealife, hemos desarrollado una soluci\u00f3n para exteriores para tus proyectos m\u00e1s exigentes. Esta tela panam\u00e1 estampada con aspecto toile de jouy sobre una base natural blanca. Esta almohada tiene cremallera oculta y est\u00e1 disponible en diferentes combinaciones de colores, con o sin relleno. <\/p>\n<h2>Coj\u00edn Toile Sealife. Tras el gran \u00e9xito de los terciopelos Life y Sealife, hemos desarrollado una soluci\u00f3n para exteriores para tus proyectos m\u00e1s exigentes. Esta tela panam\u00e1 estampada con aspecto toile de jouy sobre una base natural blanca. Esta almohada tiene cremallera oculta y est\u00e1 disponible en diferentes combinaciones de colores, con o sin relleno.<\/h2>\n<p><img fetchpriority=\"high\" decoding=\"async\" class=\"alignnone wp-image-196272 size-medium\" src=\"https:\/\/aldeco.pt\/staging\/wp-content\/uploads\/2024\/07\/CUSHION-TOILE-SEALIFE-FR-CORAL-GABLE-50x50-1-300x241.jpg\" alt=\"Coj\u00edn Toile Sealife Fr Coral Gable - Aldeco\" width=\"300\" height=\"241\"><\/p>\n<p><a href=\"https:\/\/aldeco.pt\/staging\/product\/cushion-toile-sealife-fr-coral-gable-50x50\/?attribute_pa_aldeco-color=02-coral-gable\">https:\/\/aldeco.pt\/staging\/product\/cushion-toile-sealife-fr-coral-gable-50&#215;50\/?attribute_pa_aldeco-color=02-coral-gable<\/a><a href=\"https:\/\/www.instagram.com\/aldeco_interiorfabrics\/\">https:\/\/www.instagram.com\/aldeco_interiorfabrics\/<\/a><\/p>\n","protected":false},"featured_media":196274,"template":"","meta":[],"product_brand":[],"product_cat":[6146],"product_tag":[],"class_list":{"0":"post-199108","1":"product","2":"type-product","3":"status-publish","4":"has-post-thumbnail","6":"product_cat-aldeco-2-es","7":"pa_composition-ext-90-pc-10-li-es","8":"pa_line-cojines","9":"pa_range-estampado-es","10":"pa_range-panama-es","13":"first","14":"instock","15":"purchasable","16":"product-type-variable"},"acf":[],"_links":{"self":[{"href":"https:\/\/staging.aldeco.pt\/es\/wp-json\/wp\/v2\/product\/199108","targetHints":{"allow":["GET"]}}],"collection":[{"href":"https:\/\/staging.aldeco.pt\/es\/wp-json\/wp\/v2\/product"}],"about":[{"href":"https:\/\/staging.aldeco.pt\/es\/wp-json\/wp\/v2\/types\/product"}],"version-history":[{"count":1,"href":"https:\/\/staging.aldeco.pt\/es\/wp-json\/wp\/v2\/product\/199108\/revisions"}],"predecessor-version":[{"id":199384,"href":"https:\/\/staging.aldeco.pt\/es\/wp-json\/wp\/v2\/product\/199108\/revisions\/199384"}],"wp:featuredmedia":[{"embeddable":true,"href":"https:\/\/staging.aldeco.pt\/es\/wp-json\/wp\/v2\/media\/196274"}],"wp:attachment":[{"href":"https:\/\/staging.aldeco.pt\/es\/wp-json\/wp\/v2\/media?parent=199108"}],"wp:term":[{"taxonomy":"product_brand","embeddable":true,"href":"https:\/\/staging.aldeco.pt\/es\/wp-json\/wp\/v2\/product_brand?post=199108"},{"taxonomy":"product_cat","embeddable":true,"href":"https:\/\/staging.aldeco.pt\/es\/wp-json\/wp\/v2\/product_cat?post=199108"},{"taxonomy":"product_tag","embeddable":true,"href":"https:\/\/staging.aldeco.pt\/es\/wp-json\/wp\/v2\/product_tag?post=199108"}],"curies":[{"name":"wp","href":"https:\/\/api.w.org\/{rel}","templated":true}]}}