{"id":199106,"date":"2024-07-23T23:12:53","date_gmt":"2024-07-23T23:12:53","guid":{"rendered":"https:\/\/aldeco.pt\/staging\/product\/cojin-mily-fr-greige-ball-30\/"},"modified":"2024-10-10T11:55:06","modified_gmt":"2024-10-10T11:55:06","slug":"cojin-mily-fr-greige-ball-30","status":"publish","type":"product","link":"https:\/\/staging.aldeco.pt\/es\/product\/cojin-mily-fr-greige-ball-30\/","title":{"rendered":"COJ\u00cdN MILY FR GREIGE BALL 30"},"content":{"rendered":"<p>A\u00f1ade un elemento divertido e igualmente lujoso a tu sof\u00e1 o cama con el coj\u00edn decorativo de bolas. Est\u00e1 confeccionado en MILY FR, un tejido de chenilla con alto relieve. Este tejido muy suave y elegante cumple con el est\u00e1ndar REACH en materia de sostenibilidad y trazabilidad de sustancias qu\u00edmicas y es OEKO-TEX 100, no contiene sustancias nocivas para el medio ambiente. Este coj\u00edn con cremallera oculta muy de moda est\u00e1 disponible en diferentes combinaciones de colores, con o sin relleno.<\/p>\n","protected":false},"excerpt":{"rendered":"<p>A\u00f1ade un elemento divertido e igualmente lujoso a tu sof\u00e1 o cama con el coj\u00edn decorativo de bolas. Est\u00e1 confeccionado en MILY FR, un tejido de chenilla con alto relieve. Este tejido muy suave y elegante cumple con el est\u00e1ndar REACH en materia de sostenibilidad y trazabilidad de sustancias qu\u00edmicas y es OEKO-TEX 100, no contiene sustancias nocivas para el medio ambiente. Este coj\u00edn con cremallera oculta muy de moda est\u00e1 disponible en diferentes combinaciones de colores, con o sin relleno<\/p>\n<h2>Coj\u00edn MILY FR, A\u00f1ade un elemento divertido e igualmente lujoso a tu sof\u00e1 o cama con el coj\u00edn decorativo de bolas. Est\u00e1 confeccionado en MILY FR, un tejido de chenilla con alto relieve. Este tejido muy suave y elegante cumple con el est\u00e1ndar REACH en materia de sostenibilidad y trazabilidad de sustancias qu\u00edmicas y es OEKO-TEX 100, no contiene sustancias nocivas para el medio ambiente. Este coj\u00edn con cremallera oculta muy de moda est\u00e1 disponible en diferentes combinaciones de colores, con o sin relleno.<\/h2>\n<p><img fetchpriority=\"high\" decoding=\"async\" class=\"alignnone wp-image-195615 size-medium\" src=\"https:\/\/aldeco.pt\/staging\/wp-content\/uploads\/2024\/07\/CUSHION-MILY-FR-GREIGE-BALL-30-300x241.jpg\" alt=\"Coj\u00edn Mily FR Greige - Aldeco\" width=\"300\" height=\"241\" \/><\/p>\n<p><a href=\"https:\/\/aldeco.pt\/staging\/product\/cushion-mily-fr-greige-ball-30\/?attribute_pa_colour=greige&amp;attribute_pa_aldeco-color=03-greige\">https:\/\/aldeco.pt\/staging\/product\/cushion-mily-fr-greige-ball-30\/?attribute_pa_colour=greigeattribute_pa_aldeco-color=03-greige<\/a><a href=\"https:\/\/www.instagram.com\/aldeco_interiorfabrics\/\">https:\/\/www.instagram.com\/aldeco_interiorfabrics\/<\/a><\/p>\n","protected":false},"featured_media":195617,"template":"","meta":[],"product_brand":[],"product_cat":[6154],"product_tag":[],"class_list":{"0":"post-199106","1":"product","2":"type-product","3":"status-publish","4":"has-post-thumbnail","6":"product_cat-aldeco-smarter-es","7":"pa_composition-ext-100-pl-es","8":"pa_line-cojines","9":"pa_range-liso-es","12":"first","13":"instock","14":"purchasable","15":"product-type-variable"},"acf":[],"_links":{"self":[{"href":"https:\/\/staging.aldeco.pt\/es\/wp-json\/wp\/v2\/product\/199106","targetHints":{"allow":["GET"]}}],"collection":[{"href":"https:\/\/staging.aldeco.pt\/es\/wp-json\/wp\/v2\/product"}],"about":[{"href":"https:\/\/staging.aldeco.pt\/es\/wp-json\/wp\/v2\/types\/product"}],"version-history":[{"count":2,"href":"https:\/\/staging.aldeco.pt\/es\/wp-json\/wp\/v2\/product\/199106\/revisions"}],"predecessor-version":[{"id":205051,"href":"https:\/\/staging.aldeco.pt\/es\/wp-json\/wp\/v2\/product\/199106\/revisions\/205051"}],"wp:featuredmedia":[{"embeddable":true,"href":"https:\/\/staging.aldeco.pt\/es\/wp-json\/wp\/v2\/media\/195617"}],"wp:attachment":[{"href":"https:\/\/staging.aldeco.pt\/es\/wp-json\/wp\/v2\/media?parent=199106"}],"wp:term":[{"taxonomy":"product_brand","embeddable":true,"href":"https:\/\/staging.aldeco.pt\/es\/wp-json\/wp\/v2\/product_brand?post=199106"},{"taxonomy":"product_cat","embeddable":true,"href":"https:\/\/staging.aldeco.pt\/es\/wp-json\/wp\/v2\/product_cat?post=199106"},{"taxonomy":"product_tag","embeddable":true,"href":"https:\/\/staging.aldeco.pt\/es\/wp-json\/wp\/v2\/product_tag?post=199106"}],"curies":[{"name":"wp","href":"https:\/\/api.w.org\/{rel}","templated":true}]}}