{"id":199101,"date":"2024-07-23T23:12:48","date_gmt":"2024-07-23T23:12:48","guid":{"rendered":"https:\/\/aldeco.pt\/staging\/product\/cojin-meridienne-fr-taupe-40x40\/"},"modified":"2024-08-29T14:34:48","modified_gmt":"2024-08-29T14:34:48","slug":"cojin-meridienne-fr-taupe-40x40","status":"publish","type":"product","link":"https:\/\/staging.aldeco.pt\/es\/product\/cojin-meridienne-fr-taupe-40x40\/","title":{"rendered":"COJ\u00cdN M\u00c9RIDIENNE FR TAUPE 40&#215;40"},"content":{"rendered":"<p>Coj\u00edn cuadrado decorativo con tejido M\u00e9ridienne, es una pieza muy elegante pero muy natural de chenilla te\u00f1ida. Este tejido tiene una estructura muy suave con un aspecto c\u00f4tel\u00e9 atemporal Esta almohada tiene cremallera oculta y est\u00e1 disponible en diferentes combinaciones de colores, con o sin relleno.<\/p>\n","protected":false},"excerpt":{"rendered":"<p>Coj\u00edn cuadrado decorativo con tejido M\u00e9ridienne, es una pieza muy elegante pero muy natural de chenilla te\u00f1ida. Este tejido tiene una estructura muy suave con un aspecto c\u00f4tel\u00e9 atemporal Esta almohada tiene cremallera oculta y est\u00e1 disponible en diferentes combinaciones de colores, con o sin relleno. <\/p>\n<h2>Coj\u00edn M\u00e9ridienne, es una pieza muy elegante pero muy natural de chenilla te\u00f1ida. Este tejido tiene una estructura muy suave con un aspecto c\u00f4tel\u00e9 atemporal Esta almohada tiene cremallera oculta y est\u00e1 disponible en diferentes combinaciones de colores, con o sin relleno.<\/h2>\n<p><img fetchpriority=\"high\" decoding=\"async\" class=\"alignnone wp-image-195480 size-medium\" src=\"https:\/\/aldeco.pt\/staging\/wp-content\/uploads\/2024\/07\/CUSHION-MERIDIENNE-FR-TAUPE-40x40-1-300x241.jpg\" alt=\"Coj\u00edn M\u00e9ridienne FR Taupe - Aldeco\" width=\"300\" height=\"241\"><\/p>\n<p><a href=\"https:\/\/aldeco.pt\/staging\/product\/cushion-meridienne-fr-taupe-40x40\/?attribute_pa_aldeco-color=07-taupe\">https:\/\/aldeco.pt\/staging\/product\/cushion-meridienne-fr-taupe-40&#215;40\/?attribute_pa_aldeco-color=07-taupe<\/a><a href=\"https:\/\/www.instagram.com\/aldeco_interiorfabrics\/\">https:\/\/www.instagram.com\/aldeco_interiorfabrics\/<\/a><\/p>\n","protected":false},"featured_media":195482,"template":"","meta":[],"product_brand":[],"product_cat":[6146],"product_tag":[],"class_list":{"0":"post-199101","1":"product","2":"type-product","3":"status-publish","4":"has-post-thumbnail","6":"product_cat-aldeco-2-es","7":"pa_composition-ext-52-vi-42-co-6-li-es","8":"pa_line-cojines","9":"pa_range-chenilla","10":"pa_range-jacquard-es","13":"first","14":"instock","15":"purchasable","16":"product-type-variable"},"acf":[],"_links":{"self":[{"href":"https:\/\/staging.aldeco.pt\/es\/wp-json\/wp\/v2\/product\/199101","targetHints":{"allow":["GET"]}}],"collection":[{"href":"https:\/\/staging.aldeco.pt\/es\/wp-json\/wp\/v2\/product"}],"about":[{"href":"https:\/\/staging.aldeco.pt\/es\/wp-json\/wp\/v2\/types\/product"}],"version-history":[{"count":1,"href":"https:\/\/staging.aldeco.pt\/es\/wp-json\/wp\/v2\/product\/199101\/revisions"}],"predecessor-version":[{"id":199490,"href":"https:\/\/staging.aldeco.pt\/es\/wp-json\/wp\/v2\/product\/199101\/revisions\/199490"}],"wp:featuredmedia":[{"embeddable":true,"href":"https:\/\/staging.aldeco.pt\/es\/wp-json\/wp\/v2\/media\/195482"}],"wp:attachment":[{"href":"https:\/\/staging.aldeco.pt\/es\/wp-json\/wp\/v2\/media?parent=199101"}],"wp:term":[{"taxonomy":"product_brand","embeddable":true,"href":"https:\/\/staging.aldeco.pt\/es\/wp-json\/wp\/v2\/product_brand?post=199101"},{"taxonomy":"product_cat","embeddable":true,"href":"https:\/\/staging.aldeco.pt\/es\/wp-json\/wp\/v2\/product_cat?post=199101"},{"taxonomy":"product_tag","embeddable":true,"href":"https:\/\/staging.aldeco.pt\/es\/wp-json\/wp\/v2\/product_tag?post=199101"}],"curies":[{"name":"wp","href":"https:\/\/api.w.org\/{rel}","templated":true}]}}