{"id":199078,"date":"2024-07-23T23:24:03","date_gmt":"2024-07-23T23:24:03","guid":{"rendered":"https:\/\/aldeco.pt\/staging\/product\/cojin-tribe-01-natural-linen-50x50-p\/"},"modified":"2024-11-05T08:58:56","modified_gmt":"2024-11-05T08:58:56","slug":"cojin-tribe-01-natural-linen-50x50-p","status":"publish","type":"product","link":"https:\/\/staging.aldeco.pt\/es\/product\/cojin-tribe-01-natural-linen-50x50-p\/","title":{"rendered":"COJ\u00cdN TRIBE 01 NATURAL LINEN 50&#215;50 P"},"content":{"rendered":"<p>Coj\u00edn decorativo cuadrado con TRIBE, estructura en jacquard con aspecto de lino. Es la base de los terciopelos de jacquard Sperky y Decoup\u00e8. Est\u00e1 disponible en un \u00fanico color natural. Esta almohada tiene cremallera oculta, vivo y est\u00e1 disponible con o sin relleno.<\/p>\n","protected":false},"excerpt":{"rendered":"<p>Coj\u00edn decorativo cuadrado con TRIBE, estructura en jacquard con aspecto de lino. Es la base de los terciopelos de jacquard Sperky y Decoup\u00e8. Est\u00e1 disponible en un \u00fanico color natural. Esta almohada tiene cremallera oculta, vivo y est\u00e1 disponible con o sin relleno.<\/p>\n<h2>Coj\u00edn TRIBE, una estructura en jacquard con aspecto de lino. Es la base de los terciopelos de jacquard Sperky y Decoup\u00e8. Est\u00e1 disponible en un \u00fanico color natural. Esta almohada tiene cremallera oculta, vivo y est\u00e1 disponible con o sin relleno.<\/h2>\n<p><img fetchpriority=\"high\" decoding=\"async\" class=\"alignnone wp-image-195987 size-medium\" src=\"https:\/\/aldeco.pt\/staging\/wp-content\/uploads\/2024\/07\/CUSHION-TRIBE-01-NATURAL-LINEN-50x50-P-300x241.jpg\" alt=\"Coj\u00edn Tribe Natural Linen - Aldeco\" width=\"300\" height=\"241\" \/><\/p>\n<p><a href=\"https:\/\/aldeco.pt\/staging\/product\/cushion-tribe-01-natural-linen-50x50-p\/?attribute_pa_aldeco-color=01-natural-linen\">https:\/\/aldeco.pt\/staging\/product\/cushion-tribe-01-natural-linen-50&#215;50-p\/?attribute_pa_aldeco-color=01-natural-linen<\/a><a href=\"https:\/\/www.instagram.com\/aldeco_interiorfabrics\/\">https:\/\/www.instagram.com\/aldeco_interiorfabrics\/<\/a><\/p>\n","protected":false},"featured_media":195989,"template":"","meta":[],"product_brand":[],"product_cat":[6146],"product_tag":[],"class_list":{"0":"post-199078","1":"product","2":"type-product","3":"status-publish","4":"has-post-thumbnail","6":"product_cat-aldeco-2-es","7":"pa_composition-ext-62-vi-20-pl-13co-5-li-es","8":"pa_line-cojines","11":"first","12":"instock","13":"purchasable","14":"product-type-variable"},"acf":[],"_links":{"self":[{"href":"https:\/\/staging.aldeco.pt\/es\/wp-json\/wp\/v2\/product\/199078","targetHints":{"allow":["GET"]}}],"collection":[{"href":"https:\/\/staging.aldeco.pt\/es\/wp-json\/wp\/v2\/product"}],"about":[{"href":"https:\/\/staging.aldeco.pt\/es\/wp-json\/wp\/v2\/types\/product"}],"version-history":[{"count":2,"href":"https:\/\/staging.aldeco.pt\/es\/wp-json\/wp\/v2\/product\/199078\/revisions"}],"predecessor-version":[{"id":201739,"href":"https:\/\/staging.aldeco.pt\/es\/wp-json\/wp\/v2\/product\/199078\/revisions\/201739"}],"wp:featuredmedia":[{"embeddable":true,"href":"https:\/\/staging.aldeco.pt\/es\/wp-json\/wp\/v2\/media\/195989"}],"wp:attachment":[{"href":"https:\/\/staging.aldeco.pt\/es\/wp-json\/wp\/v2\/media?parent=199078"}],"wp:term":[{"taxonomy":"product_brand","embeddable":true,"href":"https:\/\/staging.aldeco.pt\/es\/wp-json\/wp\/v2\/product_brand?post=199078"},{"taxonomy":"product_cat","embeddable":true,"href":"https:\/\/staging.aldeco.pt\/es\/wp-json\/wp\/v2\/product_cat?post=199078"},{"taxonomy":"product_tag","embeddable":true,"href":"https:\/\/staging.aldeco.pt\/es\/wp-json\/wp\/v2\/product_tag?post=199078"}],"curies":[{"name":"wp","href":"https:\/\/api.w.org\/{rel}","templated":true}]}}