{"id":199069,"date":"2024-07-23T23:24:08","date_gmt":"2024-07-23T23:24:08","guid":{"rendered":"https:\/\/aldeco.pt\/staging\/product\/cojin-twiggy-cherry-blossom-50x50-p\/"},"modified":"2024-11-05T08:58:55","modified_gmt":"2024-11-05T08:58:55","slug":"cojin-twiggy-cherry-blossom-50x50-p","status":"publish","type":"product","link":"https:\/\/staging.aldeco.pt\/es\/product\/cojin-twiggy-cherry-blossom-50x50-p\/","title":{"rendered":"COJ\u00cdN TWIGGY CHERRY BLOSSOM 50&#215;50 P"},"content":{"rendered":"<p>Coj\u00edn decorativo cuadrado con vivo en Terciopelo Si\u00e9ge. Twiggy es un dise\u00f1o moderno con un motivo a cuadros y rayas multicolores que forman un degradado. Esta almohada tiene cremallera oculta y est\u00e1 disponible en diferentes combinaciones de colores, con o sin relleno.<\/p>\n","protected":false},"excerpt":{"rendered":"<p>Coj\u00edn decorativo cuadrado con vivo en Terciopelo Si\u00e9ge. Twiggy es un dise\u00f1o moderno con un motivo a cuadros y rayas multicolores que forman un degradado. Esta almohada tiene cremallera oculta y est\u00e1 disponible en diferentes combinaciones de colores, con o sin relleno.<\/p>\n<h2>Coj\u00edn Twiggy es un dise\u00f1o moderno con motivo de cuadros y rayas multicolores formando un degradado.<\/h2>\n<p><img fetchpriority=\"high\" decoding=\"async\" class=\"alignnone wp-image-197425 size-medium\" src=\"https:\/\/aldeco.pt\/staging\/wp-content\/uploads\/2024\/07\/CUSHION-TWIGGY-CHERRY-BLOSSOM-50x50-P-300x241.jpg\" alt=\"Coj\u00edn Twiggy Cherry Blossom - Aldeco\" width=\"300\" height=\"241\" \/><\/p>\n<p><a href=\"https:\/\/aldeco.pt\/staging\/product\/cushion-twiggy-cherry-blossom-50x50-p\/?attribute_pa_aldeco-color=03-cherry-blossom\">https:\/\/aldeco.pt\/staging\/product\/cushion-twiggy-cherry-blossom-50&#215;50-p\/?attribute_pa_aldeco-color=03-cherry-blossom<\/a><a href=\"https:\/\/www.instagram.com\/aldeco_interiorfabrics\/\">https:\/\/www.instagram.com\/aldeco_interiorfabrics\/<\/a><\/p>\n","protected":false},"featured_media":197427,"template":"","meta":[],"product_brand":[],"product_cat":[6146],"product_tag":[],"class_list":{"0":"post-199069","1":"product","2":"type-product","3":"status-publish","4":"has-post-thumbnail","6":"product_cat-aldeco-2-es","7":"pa_composition-ext-36-co-30-vi-19-pl-15-li-es","8":"pa_line-cojines","9":"pa_range-jacquard-es","12":"first","13":"instock","14":"purchasable","15":"product-type-variable"},"acf":[],"_links":{"self":[{"href":"https:\/\/staging.aldeco.pt\/es\/wp-json\/wp\/v2\/product\/199069","targetHints":{"allow":["GET"]}}],"collection":[{"href":"https:\/\/staging.aldeco.pt\/es\/wp-json\/wp\/v2\/product"}],"about":[{"href":"https:\/\/staging.aldeco.pt\/es\/wp-json\/wp\/v2\/types\/product"}],"version-history":[{"count":2,"href":"https:\/\/staging.aldeco.pt\/es\/wp-json\/wp\/v2\/product\/199069\/revisions"}],"predecessor-version":[{"id":202077,"href":"https:\/\/staging.aldeco.pt\/es\/wp-json\/wp\/v2\/product\/199069\/revisions\/202077"}],"wp:featuredmedia":[{"embeddable":true,"href":"https:\/\/staging.aldeco.pt\/es\/wp-json\/wp\/v2\/media\/197427"}],"wp:attachment":[{"href":"https:\/\/staging.aldeco.pt\/es\/wp-json\/wp\/v2\/media?parent=199069"}],"wp:term":[{"taxonomy":"product_brand","embeddable":true,"href":"https:\/\/staging.aldeco.pt\/es\/wp-json\/wp\/v2\/product_brand?post=199069"},{"taxonomy":"product_cat","embeddable":true,"href":"https:\/\/staging.aldeco.pt\/es\/wp-json\/wp\/v2\/product_cat?post=199069"},{"taxonomy":"product_tag","embeddable":true,"href":"https:\/\/staging.aldeco.pt\/es\/wp-json\/wp\/v2\/product_tag?post=199069"}],"curies":[{"name":"wp","href":"https:\/\/api.w.org\/{rel}","templated":true}]}}