{"id":199067,"date":"2024-07-23T23:12:12","date_gmt":"2024-07-23T23:12:12","guid":{"rendered":"https:\/\/aldeco.pt\/staging\/product\/cojin-mako-velvet-natural-white-50x50-s\/"},"modified":"2024-10-03T10:03:33","modified_gmt":"2024-10-03T10:03:33","slug":"cojin-mako-velvet-natural-white-50x50-s","status":"publish","type":"product","link":"https:\/\/staging.aldeco.pt\/es\/product\/cojin-mako-velvet-natural-white-50x50-s\/","title":{"rendered":"COJ\u00cdN MAK\u00d2 VELVET NATURAL WHITE 50&#215;50 S"},"content":{"rendered":"<p>Descubre la suavidad pura con este coj\u00edn decorativo cuadrado con sirgaria de edici\u00f3n limitada. MAK\u00d2 VELVET es un terciopelo jacquard muy especial con una textura abstracta similar al patr\u00f3n de astrakan. Est\u00e1 fabricado 100% en algod\u00f3n Mak\u00f2, un material natural de muy alta calidad procedente de Egipto. Estos hilos preciosos est\u00e1n hechos de fibras extralargas (33 mm y m\u00e1s) y se caracterizan por su suavidad y transpirabilidad. Mak\u00f2 Velvet tiene un pelaje largo y una consistencia delicada pero resistente. Este exquisito terciopelo est\u00e1 disponible en un solo color por su elegancia. Esta almohada tiene cremallera oculta y est\u00e1 disponible en diferentes combinaciones de colores, con o sin relleno.<\/p>\n","protected":false},"excerpt":{"rendered":"<p>Descubre la suavidad pura con este coj\u00edn decorativo cuadrado con sirgaria de edici\u00f3n limitada. MAK\u00d2 VELVET es un terciopelo jacquard muy especial con una textura abstracta similar al patr\u00f3n de astrakan. Est\u00e1 fabricado 100% en algod\u00f3n Mak\u00f2, un material natural de muy alta calidad procedente de Egipto. Estos hilos preciosos est\u00e1n hechos de fibras extralargas (33 mm y m\u00e1s) y se caracterizan por su suavidad y transpirabilidad. Mak\u00f2 Velvet tiene un pelaje largo y una consistencia delicada pero resistente. Este exquisito terciopelo est\u00e1 disponible en un solo color por su elegancia. Esta almohada tiene cremallera oculta y est\u00e1 disponible en diferentes combinaciones de colores, con o sin relleno.<\/p>\n<h2>Cushion MAK\u00d2 VELVET is a very special jacquard velvet with an abstract texture like the astrakhan pattern. Est\u00e1 fabricado 100% en algod\u00f3n Mak\u00f2, un material natural de muy alta calidad procedente de Egipto. Estos hilos preciosos est\u00e1n hechos de fibras extralargas (33 mm y m\u00e1s) y se caracterizan por su suavidad y transpirabilidad. Mak\u00f2 Velvet tiene un pelaje largo y una consistencia delicada pero resistente. Este exquisito terciopelo est\u00e1 disponible en un solo color por su elegancia. Esta almohada tiene cremallera oculta y est\u00e1 disponible en diferentes combinaciones de colores, con o sin relleno.<\/h2>\n<p><img fetchpriority=\"high\" decoding=\"async\" class=\"alignnone wp-image-195833 size-medium\" src=\"https:\/\/aldeco.pt\/staging\/wp-content\/uploads\/2024\/07\/CUSHION-MAKO-VELVET-NATURAL-WHITE-50x50-S-300x241.jpg\" alt=\"Coj\u00edn Mak\u00f2 Velvet Natural White - Aldeco\" width=\"300\" height=\"241\" \/><\/p>\n<p><a href=\"https:\/\/aldeco.pt\/staging\/product\/cushion-mako-velvet-natural-white-50x50-s\/?attribute_pa_aldeco-color=01-natural-white\">https:\/\/aldeco.pt\/staging\/product\/cushion-mako-velvet-natural-white-50&#215;50-s\/?attribute_pa_aldeco-color=01-natural-white<\/a><a href=\"https:\/\/www.instagram.com\/aldeco_interiorfabrics\/\">https:\/\/www.instagram.com\/aldeco_interiorfabrics\/<\/a><\/p>\n","protected":false},"featured_media":195835,"template":"","meta":[],"product_brand":[],"product_cat":[6146],"product_tag":[],"class_list":{"0":"post-199067","1":"product","2":"type-product","3":"status-publish","4":"has-post-thumbnail","6":"product_cat-aldeco-2-es","7":"pa_composition-ext-100-co-es","8":"pa_line-cojines","9":"pa_range-terciopelo","12":"first","13":"instock","14":"purchasable","15":"product-type-variable"},"acf":[],"_links":{"self":[{"href":"https:\/\/staging.aldeco.pt\/es\/wp-json\/wp\/v2\/product\/199067","targetHints":{"allow":["GET"]}}],"collection":[{"href":"https:\/\/staging.aldeco.pt\/es\/wp-json\/wp\/v2\/product"}],"about":[{"href":"https:\/\/staging.aldeco.pt\/es\/wp-json\/wp\/v2\/types\/product"}],"version-history":[{"count":3,"href":"https:\/\/staging.aldeco.pt\/es\/wp-json\/wp\/v2\/product\/199067\/revisions"}],"predecessor-version":[{"id":201944,"href":"https:\/\/staging.aldeco.pt\/es\/wp-json\/wp\/v2\/product\/199067\/revisions\/201944"}],"wp:featuredmedia":[{"embeddable":true,"href":"https:\/\/staging.aldeco.pt\/es\/wp-json\/wp\/v2\/media\/195835"}],"wp:attachment":[{"href":"https:\/\/staging.aldeco.pt\/es\/wp-json\/wp\/v2\/media?parent=199067"}],"wp:term":[{"taxonomy":"product_brand","embeddable":true,"href":"https:\/\/staging.aldeco.pt\/es\/wp-json\/wp\/v2\/product_brand?post=199067"},{"taxonomy":"product_cat","embeddable":true,"href":"https:\/\/staging.aldeco.pt\/es\/wp-json\/wp\/v2\/product_cat?post=199067"},{"taxonomy":"product_tag","embeddable":true,"href":"https:\/\/staging.aldeco.pt\/es\/wp-json\/wp\/v2\/product_tag?post=199067"}],"curies":[{"name":"wp","href":"https:\/\/api.w.org\/{rel}","templated":true}]}}