{"id":199059,"date":"2024-07-23T23:24:20","date_gmt":"2024-07-23T23:24:20","guid":{"rendered":"https:\/\/aldeco.pt\/staging\/product\/cojin-twiggy-shadow-pink-nude-50x30-p\/"},"modified":"2024-11-05T12:28:11","modified_gmt":"2024-11-05T12:28:11","slug":"cojin-twiggy-shadow-pink-nude-50x30-p","status":"publish","type":"product","link":"https:\/\/staging.aldeco.pt\/es\/product\/cojin-twiggy-shadow-pink-nude-50x30-p\/","title":{"rendered":"COJ\u00cdN TWIGGY SHADOW PINK NUDE 50&#215;30 P"},"content":{"rendered":"<p>Coj\u00edn decorativo rectangular con vivo en Terciopelo Si\u00e9ge. Twiggy es un dise\u00f1o moderno con motivo de cuadros y rayas multicolores formando un degradado. Esta almohada tiene cremallera oculta y est\u00e1 disponible en diferentes combinaciones de colores, con o sin relleno.<\/p>\n","protected":false},"excerpt":{"rendered":"<p>Coj\u00edn decorativo rectangular con vivo en Terciopelo Si\u00e9ge. Twiggy es un dise\u00f1o moderno con un motivo a cuadros y rayas multicolores que forman un degradado. Esta almohada tiene cremallera oculta y est\u00e1 disponible en diferentes combinaciones de colores, con o sin relleno.<\/p>\n<h2>Coj\u00edn Twiggy es un dise\u00f1o moderno con motivo de cuadros y rayas multicolores formando un degradado.<\/h2>\n<p><img fetchpriority=\"high\" decoding=\"async\" class=\"alignnone wp-image-197441 size-medium\" src=\"https:\/\/aldeco.pt\/staging\/wp-content\/uploads\/2024\/07\/CUSHION-TWIGGY-SHADOW-PINK-NUDE-50x30-P-300x241.jpg\" alt=\"Coj\u00edn Twiggy Shadow Pink Nude - Aldeco\" width=\"300\" height=\"241\" \/><\/p>\n<p><a href=\"https:\/\/aldeco.pt\/staging\/product\/cushion-twiggy-shadow-pink-nude-50x30-p\/?attribute_pa_aldeco-color=02-shadow-pink-nude\">https:\/\/aldeco.pt\/staging\/product\/cushion-twiggy-shadow-pink-nude-50&#215;30-p\/?attribute_pa_aldeco-color=02-shadow-pink-nude<\/a><a href=\"https:\/\/www.instagram.com\/aldeco_interiorfabrics\/\">https:\/\/www.instagram.com\/aldeco_interiorfabrics\/<\/a><\/p>\n<p>&nbsp;<\/p>\n","protected":false},"featured_media":197443,"template":"","meta":[],"product_brand":[],"product_cat":[6146],"product_tag":[],"class_list":{"0":"post-199059","1":"product","2":"type-product","3":"status-publish","4":"has-post-thumbnail","6":"product_cat-aldeco-2-es","7":"pa_composition-ext-36-co-30-vi-19-pl-15-li-es","8":"pa_line-cojines","9":"pa_range-jacquard-es","12":"first","13":"instock","14":"purchasable","15":"product-type-variable"},"acf":[],"_links":{"self":[{"href":"https:\/\/staging.aldeco.pt\/es\/wp-json\/wp\/v2\/product\/199059","targetHints":{"allow":["GET"]}}],"collection":[{"href":"https:\/\/staging.aldeco.pt\/es\/wp-json\/wp\/v2\/product"}],"about":[{"href":"https:\/\/staging.aldeco.pt\/es\/wp-json\/wp\/v2\/types\/product"}],"version-history":[{"count":2,"href":"https:\/\/staging.aldeco.pt\/es\/wp-json\/wp\/v2\/product\/199059\/revisions"}],"predecessor-version":[{"id":202067,"href":"https:\/\/staging.aldeco.pt\/es\/wp-json\/wp\/v2\/product\/199059\/revisions\/202067"}],"wp:featuredmedia":[{"embeddable":true,"href":"https:\/\/staging.aldeco.pt\/es\/wp-json\/wp\/v2\/media\/197443"}],"wp:attachment":[{"href":"https:\/\/staging.aldeco.pt\/es\/wp-json\/wp\/v2\/media?parent=199059"}],"wp:term":[{"taxonomy":"product_brand","embeddable":true,"href":"https:\/\/staging.aldeco.pt\/es\/wp-json\/wp\/v2\/product_brand?post=199059"},{"taxonomy":"product_cat","embeddable":true,"href":"https:\/\/staging.aldeco.pt\/es\/wp-json\/wp\/v2\/product_cat?post=199059"},{"taxonomy":"product_tag","embeddable":true,"href":"https:\/\/staging.aldeco.pt\/es\/wp-json\/wp\/v2\/product_tag?post=199059"}],"curies":[{"name":"wp","href":"https:\/\/api.w.org\/{rel}","templated":true}]}}