{"id":199057,"date":"2024-07-23T23:12:03","date_gmt":"2024-07-23T23:12:03","guid":{"rendered":"https:\/\/aldeco.pt\/staging\/product\/cojin-maison-fr-white-riverside-blue-60x30-p\/"},"modified":"2024-09-30T09:10:12","modified_gmt":"2024-09-30T09:10:12","slug":"cojin-maison-fr-white-riverside-blue-60x30-p","status":"publish","type":"product","link":"https:\/\/staging.aldeco.pt\/es\/product\/cojin-maison-fr-white-riverside-blue-60x30-p\/","title":{"rendered":"COJ\u00cdN MAISON FR WHITE RIVERSIDE BLUE 60&#215;30 P"},"content":{"rendered":"<p>Coj\u00edn decorativo rectangular con Maison en diferentes colores en ambas caras y Libert\u00e9 en el vivo. Tejido te\u00f1ido en hilo con estructura de Panam\u00e1 en colores naturales que se puede combinar f\u00e1cilmente con el resto de colecciones In \/ Outdoor de Aldeco. Tejido de f\u00e1cil mantenimiento, lavable a m\u00e1quina sin centrifugar y no necesita plancha, manteniendo su impecable apariencia en todo momento. Esta almohada tiene cremallera oculta y est\u00e1 disponible en diferentes combinaciones de colores, con o sin relleno.<\/p>\n","protected":false},"excerpt":{"rendered":"<p>Coj\u00edn decorativo rectangular con Maison en diferentes colores en ambas caras y Libert\u00e9 en el vivo. Tejido te\u00f1ido en hilo con estructura de Panam\u00e1 en colores naturales que se puede combinar f\u00e1cilmente con el resto de colecciones In \/ Outdoor de Aldeco. Tejido de f\u00e1cil mantenimiento, lavable a m\u00e1quina sin centrifugar y no necesita plancha, manteniendo su impecable apariencia en todo momento. Esta almohada tiene cremallera oculta y est\u00e1 disponible en diferentes combinaciones de colores, con o sin relleno.<\/p>\n<h2>Coj\u00edn MAISON IN\/OUTDOOR FR tejido te\u00f1ido en hilo con estructura de Panam\u00e1 en colores naturales que se puede combinar f\u00e1cilmente con el resto de colecciones In \/ Outdoor de Aldeco. Tejido de f\u00e1cil mantenimiento, lavable a m\u00e1quina sin centrifugar y no necesita plancha, manteniendo su impecable apariencia en todo momento. Esta almohada tiene cremallera oculta y est\u00e1 disponible en diferentes combinaciones de colores, con o sin relleno.<\/h2>\n<p><img fetchpriority=\"high\" decoding=\"async\" class=\"alignnone wp-image-196134 size-medium\" src=\"https:\/\/aldeco.pt\/staging\/wp-content\/uploads\/2024\/07\/CUSHION-MAISON-FR-WHITE-RIVERSIDE-BLUE-60x30-P-300x241.jpg\" alt=\"Coj\u00edn Maison Fr White Riverside Blue - Aldeco\" width=\"300\" height=\"241\" \/><\/p>\n<p><a href=\"https:\/\/aldeco.pt\/staging\/product\/cushion-maison-fr-white-riverside-blue-60x30-p\/?attribute_pa_aldeco-color=05-riverside-blue\">https:\/\/aldeco.pt\/staging\/product\/cushion-maison-fr-white-riverside-blue-60&#215;30-p\/?attribute_pa_aldeco-color=05-riverside-blue<\/a><a href=\"https:\/\/www.instagram.com\/aldeco_interiorfabrics\/\">https:\/\/www.instagram.com\/aldeco_interiorfabrics\/<\/a><\/p>\n","protected":false},"featured_media":196136,"template":"","meta":[],"product_brand":[],"product_cat":[6146],"product_tag":[],"class_list":{"0":"post-199057","1":"product","2":"type-product","3":"status-publish","4":"has-post-thumbnail","6":"product_cat-aldeco-2-es","7":"pa_composition-ext-100-pp-es","8":"pa_line-cojines","9":"pa_range-liso-es","12":"first","13":"instock","14":"purchasable","15":"product-type-variable"},"acf":[],"_links":{"self":[{"href":"https:\/\/staging.aldeco.pt\/es\/wp-json\/wp\/v2\/product\/199057","targetHints":{"allow":["GET"]}}],"collection":[{"href":"https:\/\/staging.aldeco.pt\/es\/wp-json\/wp\/v2\/product"}],"about":[{"href":"https:\/\/staging.aldeco.pt\/es\/wp-json\/wp\/v2\/types\/product"}],"version-history":[{"count":2,"href":"https:\/\/staging.aldeco.pt\/es\/wp-json\/wp\/v2\/product\/199057\/revisions"}],"predecessor-version":[{"id":200923,"href":"https:\/\/staging.aldeco.pt\/es\/wp-json\/wp\/v2\/product\/199057\/revisions\/200923"}],"wp:featuredmedia":[{"embeddable":true,"href":"https:\/\/staging.aldeco.pt\/es\/wp-json\/wp\/v2\/media\/196136"}],"wp:attachment":[{"href":"https:\/\/staging.aldeco.pt\/es\/wp-json\/wp\/v2\/media?parent=199057"}],"wp:term":[{"taxonomy":"product_brand","embeddable":true,"href":"https:\/\/staging.aldeco.pt\/es\/wp-json\/wp\/v2\/product_brand?post=199057"},{"taxonomy":"product_cat","embeddable":true,"href":"https:\/\/staging.aldeco.pt\/es\/wp-json\/wp\/v2\/product_cat?post=199057"},{"taxonomy":"product_tag","embeddable":true,"href":"https:\/\/staging.aldeco.pt\/es\/wp-json\/wp\/v2\/product_tag?post=199057"}],"curies":[{"name":"wp","href":"https:\/\/api.w.org\/{rel}","templated":true}]}}