{"id":199053,"date":"2024-07-23T23:24:24","date_gmt":"2024-07-23T23:24:24","guid":{"rendered":"https:\/\/aldeco.pt\/staging\/product\/cojin-unique-aquarelle-60x35-p\/"},"modified":"2024-11-05T12:28:10","modified_gmt":"2024-11-05T12:28:10","slug":"cojin-unique-aquarelle-60x35-p","status":"publish","type":"product","link":"https:\/\/staging.aldeco.pt\/es\/product\/cojin-unique-aquarelle-60x35-p\/","title":{"rendered":"COJ\u00cdN UNIQUE AQUARELLE 60&#215;35 P"},"content":{"rendered":"<p>Coj\u00edn decorativo rectangular con vivo en Terciopelo Box. UNIQUE es un tejido compuesto por un micro patr\u00f3n, extremadamente vers\u00e1til y duradero. Esta almohada tiene cremallera oculta y est\u00e1 disponible en diferentes combinaciones de colores, con o sin relleno.<\/p>\n","protected":false},"excerpt":{"rendered":"<p>Coj\u00edn decorativo rectangular con vivo en Terciopelo Box. UNIQUE es un tejido compuesto por un micro patr\u00f3n, extremadamente vers\u00e1til y duradero. Esta almohada tiene cremallera oculta y est\u00e1 disponible en diferentes combinaciones de colores, con o sin relleno.<\/p>\n<h2>Coj\u00edn Unique es un coj\u00edn decorativo rectangular con vivo en Terciopelo Box. UNIQUE es un tejido compuesto por un micro patr\u00f3n, extremadamente vers\u00e1til y duradero.<\/h2>\n<p><img fetchpriority=\"high\" decoding=\"async\" class=\"alignnone wp-image-197419 size-medium\" src=\"https:\/\/aldeco.pt\/staging\/wp-content\/uploads\/2024\/07\/CUSHION-UNIQUE-AQUARELLE-60x35-P-300x241.jpg\" alt=\"Coj\u00edn Unique Aquarelle - Aldeco\" width=\"300\" height=\"241\" \/><\/p>\n<p><a href=\"https:\/\/aldeco.pt\/staging\/product\/cushion-unique-aquarelle-60x35-p\/?attribute_pa_aldeco-color=04-aquarelle\">https:\/\/aldeco.pt\/staging\/product\/cushion-unique-aquarelle-60&#215;35-p\/?attribute_pa_aldeco-color=04-aquarelle<\/a><a href=\"https:\/\/www.instagram.com\/aldeco_interiorfabrics\/\">https:\/\/www.instagram.com\/aldeco_interiorfabrics\/<\/a><\/p>\n","protected":false},"featured_media":197421,"template":"","meta":[],"product_brand":[],"product_cat":[6146],"product_tag":[],"class_list":{"0":"post-199053","1":"product","2":"type-product","3":"status-publish","4":"has-post-thumbnail","6":"product_cat-aldeco-2-es","7":"pa_composition-ext-45-vi-22-li-17-pl-16-co-es","8":"pa_line-cojines","9":"pa_range-jacquard-es","12":"first","13":"instock","14":"purchasable","15":"product-type-variable"},"acf":[],"_links":{"self":[{"href":"https:\/\/staging.aldeco.pt\/es\/wp-json\/wp\/v2\/product\/199053","targetHints":{"allow":["GET"]}}],"collection":[{"href":"https:\/\/staging.aldeco.pt\/es\/wp-json\/wp\/v2\/product"}],"about":[{"href":"https:\/\/staging.aldeco.pt\/es\/wp-json\/wp\/v2\/types\/product"}],"version-history":[{"count":2,"href":"https:\/\/staging.aldeco.pt\/es\/wp-json\/wp\/v2\/product\/199053\/revisions"}],"predecessor-version":[{"id":200705,"href":"https:\/\/staging.aldeco.pt\/es\/wp-json\/wp\/v2\/product\/199053\/revisions\/200705"}],"wp:featuredmedia":[{"embeddable":true,"href":"https:\/\/staging.aldeco.pt\/es\/wp-json\/wp\/v2\/media\/197421"}],"wp:attachment":[{"href":"https:\/\/staging.aldeco.pt\/es\/wp-json\/wp\/v2\/media?parent=199053"}],"wp:term":[{"taxonomy":"product_brand","embeddable":true,"href":"https:\/\/staging.aldeco.pt\/es\/wp-json\/wp\/v2\/product_brand?post=199053"},{"taxonomy":"product_cat","embeddable":true,"href":"https:\/\/staging.aldeco.pt\/es\/wp-json\/wp\/v2\/product_cat?post=199053"},{"taxonomy":"product_tag","embeddable":true,"href":"https:\/\/staging.aldeco.pt\/es\/wp-json\/wp\/v2\/product_tag?post=199053"}],"curies":[{"name":"wp","href":"https:\/\/api.w.org\/{rel}","templated":true}]}}