{"id":199047,"date":"2024-07-23T23:11:47","date_gmt":"2024-07-23T23:11:47","guid":{"rendered":"https:\/\/aldeco.pt\/staging\/product\/cojin-lumiere-velvet-riverside-gold-blue-60x30-p\/"},"modified":"2024-10-01T11:31:16","modified_gmt":"2024-10-01T11:31:16","slug":"cojin-lumiere-velvet-riverside-gold-blue-60x30-p","status":"publish","type":"product","link":"https:\/\/staging.aldeco.pt\/es\/product\/cojin-lumiere-velvet-riverside-gold-blue-60x30-p\/","title":{"rendered":"COJ\u00cdN LUMI\u00c9RE VELVET RIVERSIDE GOLD BLUE 60&#215;30 P"},"content":{"rendered":"<p>Coj\u00edn rectangular decorativo de terciopelo con Lumi\u00e9re Velvet y reverso y vivo de Terciopelo Si\u00e9ge. Terciopelo jacquard cardado con dise\u00f1o geom\u00e9trico detallado. El juego de colores presente en cada color se enriquece con el efecto retorcido de un hilo brillante que contrasta con el resto del dise\u00f1o, haci\u00e9ndolo simplemente irresistible. Esta almohada tiene cremallera oculta y est\u00e1 disponible en diferentes combinaciones de colores, con o sin relleno.<\/p>\n","protected":false},"excerpt":{"rendered":"<p>Coj\u00edn rectangular decorativo de terciopelo con Lumi\u00e9re Velvet y reverso y vivo de Terciopelo Si\u00e9ge. Terciopelo jacquard cardado con dise\u00f1o geom\u00e9trico detallado. El juego de colores presente en cada color se enriquece con el efecto retorcido de un hilo brillante que contrasta con el resto del dise\u00f1o, haci\u00e9ndolo simplemente irresistible. Esta almohada tiene cremallera oculta y est\u00e1 disponible en diferentes combinaciones de colores, con o sin relleno.<\/p>\n<h2>Coj\u00edn Lumi\u00e9re Velvet y reverso y vivo de Terciopelo Si\u00e9ge. Terciopelo jacquard cardado con dise\u00f1o geom\u00e9trico detallado. El juego de colores presente en cada color se enriquece con el efecto retorcido de un hilo brillante que contrasta con el resto del dise\u00f1o, haci\u00e9ndolo simplemente irresistible. Esta almohada tiene cremallera oculta y est\u00e1 disponible en diferentes combinaciones de colores, con o sin relleno.<\/h2>\n<p><img fetchpriority=\"high\" decoding=\"async\" class=\"alignnone wp-image-196221 size-medium\" src=\"https:\/\/aldeco.pt\/staging\/wp-content\/uploads\/2024\/07\/CUSHION-LUMIERE-VELVET-RIVERSIDE-GOLD-BLUE-60x30-P-300x241.jpg\" alt=\"Coj\u00edn Lumi\u00e9re Velvet Riverside Gold Blue - Aldeco\" width=\"300\" height=\"241\" \/><\/p>\n<p><a href=\"https:\/\/aldeco.pt\/staging\/product\/cushion-lumiere-velvet-riverside-gold-blue-60x30-p\/?attribute_pa_aldeco-color=04-riverside-gold-blue\">https:\/\/aldeco.pt\/staging\/product\/cushion-lumiere-velvet-riverside-gold-blue-60&#215;30-p\/?attribute_pa_aldeco-color=04-riverside-gold-blue<\/a><a href=\"https:\/\/www.instagram.com\/aldeco_interiorfabrics\/\">https:\/\/www.instagram.com\/aldeco_interiorfabrics\/<\/a><\/p>\n","protected":false},"featured_media":196223,"template":"","meta":[],"product_brand":[],"product_cat":[6146],"product_tag":[],"class_list":{"0":"post-199047","1":"product","2":"type-product","3":"status-publish","4":"has-post-thumbnail","6":"product_cat-aldeco-2-es","7":"pa_composition-ext-67-vi-33-pl-es","8":"pa_line-cojines","9":"pa_range-terciopelo","12":"first","13":"instock","14":"purchasable","15":"product-type-variable"},"acf":[],"_links":{"self":[{"href":"https:\/\/staging.aldeco.pt\/es\/wp-json\/wp\/v2\/product\/199047","targetHints":{"allow":["GET"]}}],"collection":[{"href":"https:\/\/staging.aldeco.pt\/es\/wp-json\/wp\/v2\/product"}],"about":[{"href":"https:\/\/staging.aldeco.pt\/es\/wp-json\/wp\/v2\/types\/product"}],"version-history":[{"count":2,"href":"https:\/\/staging.aldeco.pt\/es\/wp-json\/wp\/v2\/product\/199047\/revisions"}],"predecessor-version":[{"id":201300,"href":"https:\/\/staging.aldeco.pt\/es\/wp-json\/wp\/v2\/product\/199047\/revisions\/201300"}],"wp:featuredmedia":[{"embeddable":true,"href":"https:\/\/staging.aldeco.pt\/es\/wp-json\/wp\/v2\/media\/196223"}],"wp:attachment":[{"href":"https:\/\/staging.aldeco.pt\/es\/wp-json\/wp\/v2\/media?parent=199047"}],"wp:term":[{"taxonomy":"product_brand","embeddable":true,"href":"https:\/\/staging.aldeco.pt\/es\/wp-json\/wp\/v2\/product_brand?post=199047"},{"taxonomy":"product_cat","embeddable":true,"href":"https:\/\/staging.aldeco.pt\/es\/wp-json\/wp\/v2\/product_cat?post=199047"},{"taxonomy":"product_tag","embeddable":true,"href":"https:\/\/staging.aldeco.pt\/es\/wp-json\/wp\/v2\/product_tag?post=199047"}],"curies":[{"name":"wp","href":"https:\/\/api.w.org\/{rel}","templated":true}]}}