{"id":198989,"date":"2024-07-23T23:10:46","date_gmt":"2024-07-23T23:10:46","guid":{"rendered":"https:\/\/aldeco.pt\/staging\/product\/cojin-looks-water-repellent-fr-natural-blue-45x45\/"},"modified":"2024-08-29T14:36:23","modified_gmt":"2024-08-29T14:36:23","slug":"cojin-looks-water-repellent-fr-natural-blue-45x45","status":"publish","type":"product","link":"https:\/\/staging.aldeco.pt\/es\/product\/cojin-looks-water-repellent-fr-natural-blue-45x45\/","title":{"rendered":"COJ\u00cdN LOOKS WATER REPELLENT FR NATURAL BLUE 45&#215;45"},"content":{"rendered":"<p>Coj\u00edn decorativo cuadrado con tejido Looks. Tejido Jacquard con efecto mixto, repelente al agua (hidrof\u00edlico) con un motivo de chevron desestructurado muy discreto. Esta almohada tiene cremallera oculta y est\u00e1 disponible en diferentes combinaciones de colores, con o sin relleno.<\/p>\n","protected":false},"excerpt":{"rendered":"<p>Coj\u00edn decorativo cuadrado con tejido Looks. Tejido Jacquard con efecto mixto, repelente al agua (hidrof\u00edlico) con un motivo de chevron desestructurado muy discreto. Esta almohada tiene cremallera oculta y est\u00e1 disponible en diferentes combinaciones de colores, con o sin relleno. <\/p>\n<h2>Coj\u00edn Looks tejido jacquard con efecto mixto, repelente al agua (hidr\u00f3filo) con un motivo de chevr\u00f3n deconstruido muy discreto.<\/h2>\n<p><img fetchpriority=\"high\" decoding=\"async\" class=\"alignnone wp-image-197046 size-medium\" src=\"https:\/\/aldeco.pt\/staging\/wp-content\/uploads\/2024\/07\/CUSHION-LOOKS-WATER-REPELLENT-FR-NATURAL-BLUE-45x45-1-300x241.jpg\" alt=\"Coj\u00edn Looks Water Repellent Fr Natural Blue - Aldeco\" width=\"300\" height=\"241\"><\/p>\n<p><a href=\"https:\/\/aldeco.pt\/staging\/product\/cushion-looks-water-repellent-fr-natural-blue-45x45\/?attribute_pa_aldeco-color=05-natural-blue\">https:\/\/aldeco.pt\/staging\/product\/cushion-looks-water-repellent-fr-natural-blue-45&#215;45\/?attribute_pa_aldeco-color=05-natural-blue<\/a><a href=\"https:\/\/www.instagram.com\/aldeco_interiorfabrics\/\">https:\/\/www.instagram.com\/aldeco_interiorfabrics\/<\/a><\/p>\n","protected":false},"featured_media":197048,"template":"","meta":[],"product_brand":[],"product_cat":[6146],"product_tag":[],"class_list":{"0":"post-198989","1":"product","2":"type-product","3":"status-publish","4":"has-post-thumbnail","6":"product_cat-aldeco-2-es","7":"pa_composition-ext-45-co-30-cv-25-pl-es","8":"pa_line-cojines","9":"pa_range-jacquard-es","12":"first","13":"instock","14":"purchasable","15":"product-type-variable"},"acf":[],"_links":{"self":[{"href":"https:\/\/staging.aldeco.pt\/es\/wp-json\/wp\/v2\/product\/198989","targetHints":{"allow":["GET"]}}],"collection":[{"href":"https:\/\/staging.aldeco.pt\/es\/wp-json\/wp\/v2\/product"}],"about":[{"href":"https:\/\/staging.aldeco.pt\/es\/wp-json\/wp\/v2\/types\/product"}],"version-history":[{"count":1,"href":"https:\/\/staging.aldeco.pt\/es\/wp-json\/wp\/v2\/product\/198989\/revisions"}],"predecessor-version":[{"id":199518,"href":"https:\/\/staging.aldeco.pt\/es\/wp-json\/wp\/v2\/product\/198989\/revisions\/199518"}],"wp:featuredmedia":[{"embeddable":true,"href":"https:\/\/staging.aldeco.pt\/es\/wp-json\/wp\/v2\/media\/197048"}],"wp:attachment":[{"href":"https:\/\/staging.aldeco.pt\/es\/wp-json\/wp\/v2\/media?parent=198989"}],"wp:term":[{"taxonomy":"product_brand","embeddable":true,"href":"https:\/\/staging.aldeco.pt\/es\/wp-json\/wp\/v2\/product_brand?post=198989"},{"taxonomy":"product_cat","embeddable":true,"href":"https:\/\/staging.aldeco.pt\/es\/wp-json\/wp\/v2\/product_cat?post=198989"},{"taxonomy":"product_tag","embeddable":true,"href":"https:\/\/staging.aldeco.pt\/es\/wp-json\/wp\/v2\/product_tag?post=198989"}],"curies":[{"name":"wp","href":"https:\/\/api.w.org\/{rel}","templated":true}]}}