{"id":198972,"date":"2024-07-23T23:10:22","date_gmt":"2024-07-23T23:10:22","guid":{"rendered":"https:\/\/aldeco.pt\/staging\/product\/cojin-life-velvet-timber-taupe-50x50\/"},"modified":"2024-10-01T11:43:54","modified_gmt":"2024-10-01T11:43:54","slug":"cojin-life-velvet-timber-taupe-50x50","status":"publish","type":"product","link":"https:\/\/staging.aldeco.pt\/es\/product\/cojin-life-velvet-timber-taupe-50x50\/","title":{"rendered":"COJ\u00cdN LIFE VELVET TIMBER TAUPE 50&#215;50"},"content":{"rendered":"<p>Coj\u00edn cuadrado decorativo de terciopelo. Cuando la Naturaleza re\u00fane todas las condiciones de luz solar, temperatura, humedad &#8230; Crea VIDA. LIFE VELVET es nuestro tributo a la Madre Naturaleza y la magn\u00edfica capacidad de realizar este absoluto milagro: LIFE. Life est\u00e1 impresa en la misma base de terciopelo de doble ancho de Sealife. Esta almohada tiene cremallera oculta y est\u00e1 disponible en diferentes combinaciones de colores, con o sin relleno.<\/p>\n","protected":false},"excerpt":{"rendered":"<p>Coj\u00edn cuadrado decorativo de terciopelo. Cuando la Naturaleza re\u00fane todas las condiciones de luz solar, temperatura, humedad &#8230; Crea VIDA. LIFE VELVET es nuestro tributo a la Madre Naturaleza y la magn\u00edfica capacidad de realizar este absoluto milagro: LIFE. Life est\u00e1 impresa en la misma base de terciopelo de doble ancho de Sealife. Esta almohada tiene cremallera oculta y est\u00e1 disponible en diferentes combinaciones de colores, con o sin relleno.<\/p>\n<h2>Coj\u00edn LIFE VELVET es nuestro tributo a la Madre Naturaleza y la magn\u00edfica capacidad de realizar este absoluto milagro: LA VIDA.<\/h2>\n<p><img fetchpriority=\"high\" decoding=\"async\" class=\"alignnone wp-image-196844 size-medium\" src=\"https:\/\/aldeco.pt\/staging\/wp-content\/uploads\/2024\/07\/CUSHION-LIFE-VELVET-TIMBER-TAUPE-50x50-1-300x241.jpg\" alt=\"Coj\u00edn Life Velvet Timber Taupe - Aldeco\" width=\"300\" height=\"241\" \/><\/p>\n<p><a href=\"https:\/\/aldeco.pt\/staging\/product\/cushion-life-velvet-timber-taupe-50x50\/?attribute_pa_aldeco-color=02-timber-taupe\">https:\/\/aldeco.pt\/staging\/product\/cushion-life-velvet-timber-taupe-50&#215;50\/?attribute_pa_aldeco-color=02-timber-taupe<\/a><a href=\"https:\/\/www.instagram.com\/aldeco_interiorfabrics\/\">https:\/\/www.instagram.com\/aldeco_interiorfabrics\/<\/a><\/p>\n","protected":false},"featured_media":196846,"template":"","meta":[],"product_brand":[],"product_cat":[6146],"product_tag":[],"class_list":{"0":"post-198972","1":"product","2":"type-product","3":"status-publish","4":"has-post-thumbnail","6":"product_cat-aldeco-2-es","7":"pa_composition-ext-100-pl-es","8":"pa_line-cojines","11":"first","12":"instock","13":"purchasable","14":"product-type-variable"},"acf":[],"_links":{"self":[{"href":"https:\/\/staging.aldeco.pt\/es\/wp-json\/wp\/v2\/product\/198972","targetHints":{"allow":["GET"]}}],"collection":[{"href":"https:\/\/staging.aldeco.pt\/es\/wp-json\/wp\/v2\/product"}],"about":[{"href":"https:\/\/staging.aldeco.pt\/es\/wp-json\/wp\/v2\/types\/product"}],"version-history":[{"count":3,"href":"https:\/\/staging.aldeco.pt\/es\/wp-json\/wp\/v2\/product\/198972\/revisions"}],"predecessor-version":[{"id":201330,"href":"https:\/\/staging.aldeco.pt\/es\/wp-json\/wp\/v2\/product\/198972\/revisions\/201330"}],"wp:featuredmedia":[{"embeddable":true,"href":"https:\/\/staging.aldeco.pt\/es\/wp-json\/wp\/v2\/media\/196846"}],"wp:attachment":[{"href":"https:\/\/staging.aldeco.pt\/es\/wp-json\/wp\/v2\/media?parent=198972"}],"wp:term":[{"taxonomy":"product_brand","embeddable":true,"href":"https:\/\/staging.aldeco.pt\/es\/wp-json\/wp\/v2\/product_brand?post=198972"},{"taxonomy":"product_cat","embeddable":true,"href":"https:\/\/staging.aldeco.pt\/es\/wp-json\/wp\/v2\/product_cat?post=198972"},{"taxonomy":"product_tag","embeddable":true,"href":"https:\/\/staging.aldeco.pt\/es\/wp-json\/wp\/v2\/product_tag?post=198972"}],"curies":[{"name":"wp","href":"https:\/\/api.w.org\/{rel}","templated":true}]}}