{"id":198946,"date":"2024-07-23T23:09:41","date_gmt":"2024-07-23T23:09:41","guid":{"rendered":"https:\/\/aldeco.pt\/staging\/product\/cojin-liberte-fr-coral-gable-50x50-p\/"},"modified":"2024-09-23T14:56:21","modified_gmt":"2024-09-23T14:56:21","slug":"cojin-liberte-fr-coral-gable-50x50-p","status":"publish","type":"product","link":"https:\/\/staging.aldeco.pt\/es\/product\/cojin-liberte-fr-coral-gable-50x50-p\/","title":{"rendered":"COJ\u00cdN LIBERT\u00c9 FR CORAL GABLE 50&#215;50 P"},"content":{"rendered":"<p>Coj\u00edn decorativo cuadrado con tejido Maison en el respaldo y librea. Tejido jacquard con motivo geom\u00e9trico que consiste en una reinterpretaci\u00f3n del cl\u00e1sico pied-de-poule. Con una alta resistencia a la abrasi\u00f3n y a la luz solar como el resto de la colecci\u00f3n, Libert\u00e9 In\/Outdoor es simplemente irresistible y atemporal. Esta almohada tiene cremallera oculta y est\u00e1 disponible en diferentes combinaciones de colores, con o sin relleno.<\/p>\n","protected":false},"excerpt":{"rendered":"<p>Coj\u00edn decorativo cuadrado con tejido Maison en el respaldo y librea. Tejido jacquard con motivo geom\u00e9trico que consiste en una reinterpretaci\u00f3n del cl\u00e1sico pied-de-poule. Con una alta resistencia a la abrasi\u00f3n y a la luz solar como el resto de la colecci\u00f3n, Libert\u00e9 In\/Outdoor es simplemente irresistible y atemporal. Esta almohada tiene cremallera oculta y est\u00e1 disponible en diferentes combinaciones de colores, con o sin relleno.<\/p>\n<h2>Coj\u00edn Libert\u00e9 Fr con tejido Maison en el respaldo y librea. Tejido jacquard con motivo geom\u00e9trico que consiste en una reinterpretaci\u00f3n del cl\u00e1sico pied-de-poule. Con una alta resistencia a la abrasi\u00f3n y a la luz solar como el resto de la colecci\u00f3n, Libert\u00e9 In\/Outdoor es simplemente irresistible y atemporal. Esta almohada tiene cremallera oculta y est\u00e1 disponible en diferentes combinaciones de colores, con o sin relleno.<\/h2>\n<p><img fetchpriority=\"high\" decoding=\"async\" class=\"alignnone wp-image-196078 size-medium\" src=\"https:\/\/aldeco.pt\/staging\/wp-content\/uploads\/2024\/07\/CUSHION-LIBERTE-FR-CORAL-GABLE-50x50-P-300x241.jpg\" alt=\"Coj\u00edn libert\u00e9 FR Coral Gable - Aldeco\" width=\"300\" height=\"241\" \/><\/p>\n<p><a href=\"https:\/\/aldeco.pt\/staging\/product\/cushion-liberte-fr-coral-gable-50x50-p\/?attribute_pa_aldeco-color=03-coral-gable\">https:\/\/aldeco.pt\/staging\/product\/cushion-liberte-fr-coral-gable-50&#215;50-p\/?attribute_pa_aldeco-color=03-coral-gable<\/a><a href=\"https:\/\/www.instagram.com\/aldeco_interiorfabrics\/\">https:\/\/www.instagram.com\/aldeco_interiorfabrics\/<\/a><\/p>\n","protected":false},"featured_media":196080,"template":"","meta":[],"product_brand":[],"product_cat":[6146],"product_tag":[],"class_list":{"0":"post-198946","1":"product","2":"type-product","3":"status-publish","4":"has-post-thumbnail","6":"product_cat-aldeco-2-es","7":"pa_composition-ext-80-pp-20-pl-es","8":"pa_line-cojines","11":"first","12":"instock","13":"purchasable","14":"product-type-variable"},"acf":[],"_links":{"self":[{"href":"https:\/\/staging.aldeco.pt\/es\/wp-json\/wp\/v2\/product\/198946","targetHints":{"allow":["GET"]}}],"collection":[{"href":"https:\/\/staging.aldeco.pt\/es\/wp-json\/wp\/v2\/product"}],"about":[{"href":"https:\/\/staging.aldeco.pt\/es\/wp-json\/wp\/v2\/types\/product"}],"version-history":[{"count":2,"href":"https:\/\/staging.aldeco.pt\/es\/wp-json\/wp\/v2\/product\/198946\/revisions"}],"predecessor-version":[{"id":200760,"href":"https:\/\/staging.aldeco.pt\/es\/wp-json\/wp\/v2\/product\/198946\/revisions\/200760"}],"wp:featuredmedia":[{"embeddable":true,"href":"https:\/\/staging.aldeco.pt\/es\/wp-json\/wp\/v2\/media\/196080"}],"wp:attachment":[{"href":"https:\/\/staging.aldeco.pt\/es\/wp-json\/wp\/v2\/media?parent=198946"}],"wp:term":[{"taxonomy":"product_brand","embeddable":true,"href":"https:\/\/staging.aldeco.pt\/es\/wp-json\/wp\/v2\/product_brand?post=198946"},{"taxonomy":"product_cat","embeddable":true,"href":"https:\/\/staging.aldeco.pt\/es\/wp-json\/wp\/v2\/product_cat?post=198946"},{"taxonomy":"product_tag","embeddable":true,"href":"https:\/\/staging.aldeco.pt\/es\/wp-json\/wp\/v2\/product_tag?post=198946"}],"curies":[{"name":"wp","href":"https:\/\/api.w.org\/{rel}","templated":true}]}}