{"id":198944,"date":"2024-07-23T23:09:34","date_gmt":"2024-07-23T23:09:34","guid":{"rendered":"https:\/\/aldeco.pt\/staging\/product\/cojin-lesprit-africain-serengeti-gris-40x40\/"},"modified":"2024-10-10T10:02:53","modified_gmt":"2024-10-10T10:02:53","slug":"cojin-lesprit-africain-serengeti-gris-40x40","status":"publish","type":"product","link":"https:\/\/staging.aldeco.pt\/es\/product\/cojin-lesprit-africain-serengeti-gris-40x40\/","title":{"rendered":"COJ\u00cdN L&#8217;ESPRIT AFRICAIN SERENGETI GRIS 40&#215;40"},"content":{"rendered":"<p>Coj\u00edn cuadrado decorativo con rayas \u00e9tnicas. L&#8217;ESPRIT AFRICAIN es un tejido jacquard de aspecto muy natural. Se trata de una reinterpretaci\u00f3n de una raya muy din\u00e1mica inspirada en la visi\u00f3n del horizonte de las grandes pir\u00e1mides de Egipto, resultado de los grandes viajes por el desierto de la musa que inspir\u00f3 esta colecci\u00f3n. La combinaci\u00f3n de tonos naturales da como resultado una raya moderna e irresistible. Esta almohada tiene cremallera oculta y est\u00e1 disponible en diferentes combinaciones de colores, con o sin relleno.<\/p>\n","protected":false},"excerpt":{"rendered":"<p>Coj\u00edn cuadrado decorativo con rayas \u00e9tnicas. L&#8217;ESPRIT AFRICAIN es un tejido jacquard de aspecto muy natural. Se trata de una reinterpretaci\u00f3n de una raya muy din\u00e1mica inspirada en la visi\u00f3n del horizonte de las grandes pir\u00e1mides de Egipto, resultado de los grandes viajes por el desierto de la musa que inspir\u00f3 esta colecci\u00f3n. La combinaci\u00f3n de tonos naturales da como resultado una raya moderna e irresistible. Esta almohada tiene cremallera oculta y est\u00e1 disponible en diferentes combinaciones de colores, con o sin relleno.<\/p>\n<h2>Coj\u00edn L&#8217;ESPRIT AFRICAIN es un tejido jacquard de aspecto muy natural. Se trata de una reinterpretaci\u00f3n de una raya muy din\u00e1mica inspirada en la visi\u00f3n del horizonte de las grandes pir\u00e1mides de Egipto, resultado de los grandes viajes por el desierto de la musa que inspir\u00f3 esta colecci\u00f3n. La combinaci\u00f3n de tonos naturales da como resultado una raya moderna e irresistible. Esta almohada tiene cremallera oculta y est\u00e1 disponible en diferentes combinaciones de colores, con o sin relleno.<\/h2>\n<p><img fetchpriority=\"high\" decoding=\"async\" class=\"alignnone wp-image-195445 size-medium\" src=\"https:\/\/aldeco.pt\/staging\/wp-content\/uploads\/2024\/07\/CUSHION-LESPRIT-AFRICAIN-SERENGETI-GRIS-40x40-2-300x241.jpg\" alt=\"Coj\u00edn L'Esprit Africain Serengeti Gris - Aldeco\" width=\"300\" height=\"241\" \/><\/p>\n<p><a href=\"https:\/\/aldeco.pt\/staging\/product\/cushion-lesprit-africain-serengeti-gris-40x40\/?attribute_pa_aldeco-color=01-serengeti-gris\">https:\/\/aldeco.pt\/staging\/product\/cushion-lesprit-africain-serengeti-gris-40&#215;40\/?attribute_pa_aldeco-color=01-serengeti-gris<\/a><a href=\"https:\/\/www.instagram.com\/aldeco_interiorfabrics\/\">https:\/\/www.instagram.com\/aldeco_interiorfabrics\/<\/a><\/p>\n","protected":false},"featured_media":195447,"template":"","meta":[],"product_brand":[],"product_cat":[6146],"product_tag":[],"class_list":{"0":"post-198944","1":"product","2":"type-product","3":"status-publish","4":"has-post-thumbnail","6":"product_cat-aldeco-2-es","7":"pa_composition-ext-30-vi-29-co-27-pl-14-li-es","8":"pa_line-cojines","9":"pa_range-jacquard-es","12":"first","13":"instock","14":"purchasable","15":"product-type-variable"},"acf":[],"_links":{"self":[{"href":"https:\/\/staging.aldeco.pt\/es\/wp-json\/wp\/v2\/product\/198944","targetHints":{"allow":["GET"]}}],"collection":[{"href":"https:\/\/staging.aldeco.pt\/es\/wp-json\/wp\/v2\/product"}],"about":[{"href":"https:\/\/staging.aldeco.pt\/es\/wp-json\/wp\/v2\/types\/product"}],"version-history":[{"count":2,"href":"https:\/\/staging.aldeco.pt\/es\/wp-json\/wp\/v2\/product\/198944\/revisions"}],"predecessor-version":[{"id":204917,"href":"https:\/\/staging.aldeco.pt\/es\/wp-json\/wp\/v2\/product\/198944\/revisions\/204917"}],"wp:featuredmedia":[{"embeddable":true,"href":"https:\/\/staging.aldeco.pt\/es\/wp-json\/wp\/v2\/media\/195447"}],"wp:attachment":[{"href":"https:\/\/staging.aldeco.pt\/es\/wp-json\/wp\/v2\/media?parent=198944"}],"wp:term":[{"taxonomy":"product_brand","embeddable":true,"href":"https:\/\/staging.aldeco.pt\/es\/wp-json\/wp\/v2\/product_brand?post=198944"},{"taxonomy":"product_cat","embeddable":true,"href":"https:\/\/staging.aldeco.pt\/es\/wp-json\/wp\/v2\/product_cat?post=198944"},{"taxonomy":"product_tag","embeddable":true,"href":"https:\/\/staging.aldeco.pt\/es\/wp-json\/wp\/v2\/product_tag?post=198944"}],"curies":[{"name":"wp","href":"https:\/\/api.w.org\/{rel}","templated":true}]}}