{"id":198938,"date":"2024-07-23T23:26:17","date_gmt":"2024-07-23T23:26:17","guid":{"rendered":"https:\/\/aldeco.pt\/staging\/product\/cojin-zeus-babys-breath-60x30-s\/"},"modified":"2024-11-05T16:35:06","modified_gmt":"2024-11-05T16:35:06","slug":"cojin-zeus-babys-breath-60x30-s","status":"publish","type":"product","link":"https:\/\/staging.aldeco.pt\/es\/product\/cojin-zeus-babys-breath-60x30-s\/","title":{"rendered":"COJ\u00cdN ZEUS BABY&#8217;S BREATH 60&#215;30 S"},"content":{"rendered":"<p>Coj\u00edn decorativo rectangular con raso Fondant en el reverso y pasamaner\u00eda de edici\u00f3n limitada. Zeus, tambi\u00e9n conocida como Cebra Imperial, es un Gr\u00e9vy que fue descubierto en \u00c1frica Occidental. Zeus es la estrella del Historic Carousel Museum de Albany y fue adoptado por Char Walters, cuyo dicho favorito era: &#8220;Si escuchas cascos, espera caballos, no cebras&#8221;. Char llam\u00f3 a su nueva cebra \u201cZeus\u201d porque su cabeza sostenida con orgullo la hace lucir majestuosa. Zorba es el mono de comportamiento juguet\u00f3n que cuelga de una enredadera que Zeus sostiene en su boca. La naturaleza es la protagonista de esta tela bordada, donde lo imponente se encuentra con lo bello y donde los animales juegan de forma on\u00edrica, como si fueran parte de un carrusel, bailando y celebrando la naturaleza. El bordado Zeus combina diversas t\u00e9cnicas de bordado presentes en cada uno de sus elementos, aportando un aspecto \u00fanico y rico a este raso, como si fuera un carrusel. Esta almohada tiene cremallera oculta y est\u00e1 disponible en diferentes combinaciones de colores, con o sin relleno.<\/p>\n","protected":false},"excerpt":{"rendered":"<p>Coj\u00edn decorativo rectangular con raso Fondant en el reverso y pasamaner\u00eda de edici\u00f3n limitada. Zeus, tambi\u00e9n conocida como Cebra Imperial, es un Gr\u00e9vy que fue descubierto en \u00c1frica Occidental. Zeus es la estrella del Historic Carousel Museum de Albany y fue adoptado por Char Walters, cuyo dicho favorito era: &#8220;Si escuchas cascos, espera caballos, no cebras&#8221;. Char llam\u00f3 a su nueva cebra \u201cZeus\u201d porque su cabeza sostenida con orgullo la hace lucir majestuosa. Zorba es el mono de comportamiento juguet\u00f3n que cuelga de una enredadera que Zeus sostiene en su boca. La naturaleza es la protagonista de esta tela bordada, donde lo imponente se encuentra con lo bello y donde los animales juegan de forma on\u00edrica, como si fueran parte de un carrusel, bailando y celebrando la naturaleza. El bordado Zeus combina diversas t\u00e9cnicas de bordado presentes en cada uno de sus elementos, aportando un aspecto \u00fanico y rico a este raso, como si fuera un carrusel. Esta almohada tiene cremallera oculta y est\u00e1 disponible en diferentes combinaciones de colores, con o sin relleno.<\/p>\n<h2>Coj\u00edn Zeus, coj\u00edn decorativo rectangular con raso Fondant en el reverso y pasamaner\u00eda de edici\u00f3n limitada. Zeus, tambi\u00e9n conocida como Cebra Imperial, es un Gr\u00e9vy que fue descubierto en \u00c1frica Occidental.<\/h2>\n<p><a href=\"https:\/\/aldeco.pt\/staging\/product\/cushion-zeus-babys-breath-60x30-s\/?attribute_pa_aldeco-color=01-babys-breath\">https:\/\/aldeco.pt\/staging\/product\/cushion-zeus-babys-breath-60&#215;30-s\/?attribute_pa_aldeco-color=01-babys-breath<\/a><a href=\"https:\/\/www.instagram.com\/aldeco_interiorfabrics\/\">https:\/\/www.instagram.com\/aldeco_interiorfabrics\/<\/a><\/p>\n","protected":false},"featured_media":196299,"template":"","meta":[],"product_brand":[],"product_cat":[6146],"product_tag":[],"class_list":{"0":"post-198938","1":"product","2":"type-product","3":"status-publish","4":"has-post-thumbnail","6":"product_cat-aldeco-2-es","7":"pa_composition-ext-100-co-bordado-vi-pl-es","8":"pa_line-cojines","9":"pa_range-satin-es","12":"first","13":"instock","14":"purchasable","15":"product-type-variable"},"acf":[],"_links":{"self":[{"href":"https:\/\/staging.aldeco.pt\/es\/wp-json\/wp\/v2\/product\/198938","targetHints":{"allow":["GET"]}}],"collection":[{"href":"https:\/\/staging.aldeco.pt\/es\/wp-json\/wp\/v2\/product"}],"about":[{"href":"https:\/\/staging.aldeco.pt\/es\/wp-json\/wp\/v2\/types\/product"}],"version-history":[{"count":2,"href":"https:\/\/staging.aldeco.pt\/es\/wp-json\/wp\/v2\/product\/198938\/revisions"}],"predecessor-version":[{"id":201937,"href":"https:\/\/staging.aldeco.pt\/es\/wp-json\/wp\/v2\/product\/198938\/revisions\/201937"}],"wp:featuredmedia":[{"embeddable":true,"href":"https:\/\/staging.aldeco.pt\/es\/wp-json\/wp\/v2\/media\/196299"}],"wp:attachment":[{"href":"https:\/\/staging.aldeco.pt\/es\/wp-json\/wp\/v2\/media?parent=198938"}],"wp:term":[{"taxonomy":"product_brand","embeddable":true,"href":"https:\/\/staging.aldeco.pt\/es\/wp-json\/wp\/v2\/product_brand?post=198938"},{"taxonomy":"product_cat","embeddable":true,"href":"https:\/\/staging.aldeco.pt\/es\/wp-json\/wp\/v2\/product_cat?post=198938"},{"taxonomy":"product_tag","embeddable":true,"href":"https:\/\/staging.aldeco.pt\/es\/wp-json\/wp\/v2\/product_tag?post=198938"}],"curies":[{"name":"wp","href":"https:\/\/api.w.org\/{rel}","templated":true}]}}