{"id":198925,"date":"2024-07-23T23:08:55","date_gmt":"2024-07-23T23:08:55","guid":{"rendered":"https:\/\/aldeco.pt\/staging\/product\/cojin-leopard-white-star-40x40\/"},"modified":"2024-10-03T14:27:38","modified_gmt":"2024-10-03T14:27:38","slug":"cojin-leopard-white-star-40x40","status":"publish","type":"product","link":"https:\/\/staging.aldeco.pt\/es\/product\/cojin-leopard-white-star-40x40\/","title":{"rendered":"COJ\u00cdN LEOPARD WHITE STAR 40&#215;40"},"content":{"rendered":"<p>Coj\u00edn cuadrado decorativo con motivo animal. Leopard es una fabulosa tela, con dise\u00f1o jacquard en chenilla y raso, con estampado de leopardo. Esta almohada tiene cremallera oculta y est\u00e1 disponible en diferentes combinaciones de colores, con o sin relleno.<\/p>\n","protected":false},"excerpt":{"rendered":"<p>Coj\u00edn cuadrado decorativo con motivo animal. Leopard es una fabulosa tela, con dise\u00f1o jacquard en chenilla y raso, con estampado de leopardo. Esta almohada tiene cremallera oculta y est\u00e1 disponible en diferentes combinaciones de colores, con o sin relleno.<\/p>\n<h2>Coj\u00edn Leopard es una fabulosa tela, con dise\u00f1o jacquard en chenilla y raso, con estampado de leopardo. Esta almohada tiene cremallera oculta y est\u00e1 disponible en diferentes combinaciones de colores, con o sin relleno.<\/h2>\n<p><img fetchpriority=\"high\" decoding=\"async\" class=\"alignnone wp-image-195426 size-medium\" src=\"https:\/\/aldeco.pt\/staging\/wp-content\/uploads\/2024\/07\/CUSHION-LEOPARD-WHITE-STAR-40x40-2-300x241.jpg\" alt=\"Coj\u00edn Leopard White Star - Aldeco\" width=\"300\" height=\"241\" \/><\/p>\n<p><a href=\"https:\/\/aldeco.pt\/staging\/product\/cushion-leopard-white-star-40x40\/?attribute_pa_aldeco-color=01-white-star\">https:\/\/aldeco.pt\/staging\/product\/cushion-leopard-white-star-40&#215;40\/?attribute_pa_aldeco-color=01-white-star<\/a><a href=\"https:\/\/www.instagram.com\/aldeco_interiorfabrics\/\">https:\/\/www.instagram.com\/aldeco_interiorfabrics\/<\/a><\/p>\n","protected":false},"featured_media":195428,"template":"","meta":[],"product_brand":[],"product_cat":[6146],"product_tag":[],"class_list":{"0":"post-198925","1":"product","2":"type-product","3":"status-publish","4":"has-post-thumbnail","6":"product_cat-aldeco-2-es","7":"pa_composition-ext-45-co-31-vi-24-pl-es","8":"pa_line-cojines","9":"pa_range-chenilla","10":"pa_range-jacquard-es","13":"first","14":"instock","15":"purchasable","16":"product-type-variable"},"acf":[],"_links":{"self":[{"href":"https:\/\/staging.aldeco.pt\/es\/wp-json\/wp\/v2\/product\/198925","targetHints":{"allow":["GET"]}}],"collection":[{"href":"https:\/\/staging.aldeco.pt\/es\/wp-json\/wp\/v2\/product"}],"about":[{"href":"https:\/\/staging.aldeco.pt\/es\/wp-json\/wp\/v2\/types\/product"}],"version-history":[{"count":2,"href":"https:\/\/staging.aldeco.pt\/es\/wp-json\/wp\/v2\/product\/198925\/revisions"}],"predecessor-version":[{"id":202003,"href":"https:\/\/staging.aldeco.pt\/es\/wp-json\/wp\/v2\/product\/198925\/revisions\/202003"}],"wp:featuredmedia":[{"embeddable":true,"href":"https:\/\/staging.aldeco.pt\/es\/wp-json\/wp\/v2\/media\/195428"}],"wp:attachment":[{"href":"https:\/\/staging.aldeco.pt\/es\/wp-json\/wp\/v2\/media?parent=198925"}],"wp:term":[{"taxonomy":"product_brand","embeddable":true,"href":"https:\/\/staging.aldeco.pt\/es\/wp-json\/wp\/v2\/product_brand?post=198925"},{"taxonomy":"product_cat","embeddable":true,"href":"https:\/\/staging.aldeco.pt\/es\/wp-json\/wp\/v2\/product_cat?post=198925"},{"taxonomy":"product_tag","embeddable":true,"href":"https:\/\/staging.aldeco.pt\/es\/wp-json\/wp\/v2\/product_tag?post=198925"}],"curies":[{"name":"wp","href":"https:\/\/api.w.org\/{rel}","templated":true}]}}