{"id":198915,"date":"2024-07-23T23:08:30","date_gmt":"2024-07-23T23:08:30","guid":{"rendered":"https:\/\/aldeco.pt\/staging\/product\/cojin-la-vie-retro-light-50x50-ox\/"},"modified":"2024-08-29T14:36:43","modified_gmt":"2024-08-29T14:36:43","slug":"cojin-la-vie-retro-light-50x50-ox","status":"publish","type":"product","link":"https:\/\/staging.aldeco.pt\/es\/product\/cojin-la-vie-retro-light-50x50-ox\/","title":{"rendered":"COJ\u00cdN LA VIE RETRO LIGHT 50&#215;50 OX"},"content":{"rendered":"<p>Abraza la excelencia con este coj\u00edn decorativo cuadrado con tejido Oxford. LA VIE es un bordado exquisito con un dise\u00f1o \u00e9tnico abstracto que cobra vida a trav\u00e9s de formas minimalistas multicolores e intrincadas puntadas sobre un suave fondo de lino.  Este tejido est\u00e1 inspirado en experiencias de diferentes viajes y culturas con la combinaci\u00f3n de motivos abstractos resultantes de la deconstrucci\u00f3n de los elementos m\u00e1s queridos de Veva: la Mariposa y el Cisne. Las ricas texturas combinadas con la geometr\u00eda de las formas dan como resultado un dise\u00f1o elegante que simboliza la metamorfosis y la elegancia; Es perfecto para espacios interiores modernos y contempor\u00e1neos. Esta almohada tiene cremallera oculta y est\u00e1 disponible en diferentes combinaciones de colores, con o sin relleno.<\/p>\n","protected":false},"excerpt":{"rendered":"<p>Abraza la excelencia con este coj\u00edn decorativo cuadrado con tejido Oxford. LA VIE es un bordado exquisito con un dise\u00f1o \u00e9tnico abstracto que cobra vida a trav\u00e9s de formas minimalistas multicolores e intrincadas puntadas sobre un suave fondo de lino.  Este tejido est\u00e1 inspirado en experiencias de diferentes viajes y culturas con la combinaci\u00f3n de motivos abstractos resultantes de la deconstrucci\u00f3n de los elementos m\u00e1s queridos de Veva: la Mariposa y el Cisne. Las ricas texturas combinadas con la geometr\u00eda de las formas dan como resultado un dise\u00f1o elegante que simboliza la metamorfosis y la elegancia; Es perfecto para espacios interiores modernos y contempor\u00e1neos. Esta almohada tiene cremallera oculta y est\u00e1 disponible en diferentes combinaciones de colores, con o sin relleno. <\/p>\n<h2>Coj\u00edn LA VIE es un bordado exquisito con un dise\u00f1o \u00e9tnico abstracto que cobra vida a trav\u00e9s de formas minimalistas multicolores e intrincadas puntadas sobre un suave fondo de lino. Este tejido est\u00e1 inspirado en experiencias de diferentes viajes y culturas con la combinaci\u00f3n de motivos abstractos resultantes de la deconstrucci\u00f3n de los elementos m\u00e1s queridos de Veva: la Mariposa y el Cisne. Las ricas texturas combinadas con la geometr\u00eda de las formas dan como resultado un dise\u00f1o elegante que simboliza la metamorfosis y la elegancia; Es perfecto para espacios interiores modernos y contempor\u00e1neos. Esta almohada tiene cremallera oculta y est\u00e1 disponible en diferentes combinaciones de colores, con o sin relleno.<\/h2>\n<p><img fetchpriority=\"high\" decoding=\"async\" class=\"alignnone wp-image-195593 size-medium\" src=\"https:\/\/aldeco.pt\/staging\/wp-content\/uploads\/2024\/07\/CUSHION-LA-VIE-RETRO-LIGHT-50x50-OX-300x241.jpg\" alt=\"Coj\u00edn La Vie Retro Light - Aldeco\" width=\"300\" height=\"241\"><\/p>\n<p><a href=\"https:\/\/aldeco.pt\/staging\/product\/cushion-la-vie-retro-light-50x50-ox\/?attribute_pa_aldeco-color=01-retro-light\">https:\/\/aldeco.pt\/staging\/product\/cushion-la-vie-retro-light-50&#215;50-ox\/?attribute_pa_aldeco-color=01-retro-light<\/a><a href=\"https:\/\/www.instagram.com\/aldeco_interiorfabrics\/\">https:\/\/www.instagram.com\/aldeco_interiorfabrics\/<\/a><\/p>\n","protected":false},"featured_media":195595,"template":"","meta":[],"product_brand":[],"product_cat":[6146],"product_tag":[],"class_list":{"0":"post-198915","1":"product","2":"type-product","3":"status-publish","4":"has-post-thumbnail","6":"product_cat-aldeco-2-es","7":"pa_composition-ext-100-li-bordado-80-vi-20-pl-es","8":"pa_line-cojines","9":"pa_range-bordado-es","12":"first","13":"instock","14":"purchasable","15":"product-type-variable"},"acf":[],"_links":{"self":[{"href":"https:\/\/staging.aldeco.pt\/es\/wp-json\/wp\/v2\/product\/198915","targetHints":{"allow":["GET"]}}],"collection":[{"href":"https:\/\/staging.aldeco.pt\/es\/wp-json\/wp\/v2\/product"}],"about":[{"href":"https:\/\/staging.aldeco.pt\/es\/wp-json\/wp\/v2\/types\/product"}],"version-history":[{"count":1,"href":"https:\/\/staging.aldeco.pt\/es\/wp-json\/wp\/v2\/product\/198915\/revisions"}],"predecessor-version":[{"id":199540,"href":"https:\/\/staging.aldeco.pt\/es\/wp-json\/wp\/v2\/product\/198915\/revisions\/199540"}],"wp:featuredmedia":[{"embeddable":true,"href":"https:\/\/staging.aldeco.pt\/es\/wp-json\/wp\/v2\/media\/195595"}],"wp:attachment":[{"href":"https:\/\/staging.aldeco.pt\/es\/wp-json\/wp\/v2\/media?parent=198915"}],"wp:term":[{"taxonomy":"product_brand","embeddable":true,"href":"https:\/\/staging.aldeco.pt\/es\/wp-json\/wp\/v2\/product_brand?post=198915"},{"taxonomy":"product_cat","embeddable":true,"href":"https:\/\/staging.aldeco.pt\/es\/wp-json\/wp\/v2\/product_cat?post=198915"},{"taxonomy":"product_tag","embeddable":true,"href":"https:\/\/staging.aldeco.pt\/es\/wp-json\/wp\/v2\/product_tag?post=198915"}],"curies":[{"name":"wp","href":"https:\/\/api.w.org\/{rel}","templated":true}]}}