{"id":198903,"date":"2024-07-23T23:08:09","date_gmt":"2024-07-23T23:08:09","guid":{"rendered":"https:\/\/aldeco.pt\/staging\/product\/cojin-kelly-fr-taupe-ball-25\/"},"modified":"2024-10-10T11:03:54","modified_gmt":"2024-10-10T11:03:54","slug":"cojin-kelly-fr-taupe-ball-25","status":"publish","type":"product","link":"https:\/\/staging.aldeco.pt\/es\/product\/cojin-kelly-fr-taupe-ball-25\/","title":{"rendered":"COJ\u00cdN KELLY FR TAUPE BALL 25"},"content":{"rendered":"<p>A\u00f1ade un elemento divertido e igualmente lujoso a tu sof\u00e1 o cama con el coj\u00edn decorativo de bola. Est\u00e1 confeccionado en KELLY FR, un tejido de chenilla con un aspecto ligeramente difuminado. Este tejido muy suave y elegante cumple con la norma REACH en cuanto a sostenibilidad y trazabilidad de sustancias qu\u00edmicas y la norma OEKO-TEX 100, no contiene sustancias nocivas para el medio ambiente. Este coj\u00edn con cremallera oculta muy de moda est\u00e1 disponible en diferentes combinaciones de colores, con o sin relleno.<\/p>\n","protected":false},"excerpt":{"rendered":"<p>A\u00f1ade un elemento divertido e igualmente lujoso a tu sof\u00e1 o cama con el coj\u00edn decorativo de bola. Est\u00e1 confeccionado en KELLY FR, un tejido de chenilla con un aspecto ligeramente difuminado. Este tejido muy suave y elegante cumple con la norma REACH en cuanto a sostenibilidad y trazabilidad de sustancias qu\u00edmicas y la norma OEKO-TEX 100, no contiene sustancias nocivas para el medio ambiente. Este coj\u00edn con cremallera oculta muy de moda est\u00e1 disponible en diferentes combinaciones de colores, con o sin relleno<\/p>\n<h2>Coj\u00edn KELLY FR, chenilla con un aspecto ligeramente difuminado. Este tejido muy suave y elegante cumple con la norma REACH en cuanto a sostenibilidad y trazabilidad de sustancias qu\u00edmicas y la norma OEKO-TEX 100, no contiene sustancias nocivas para el medio ambiente. Este coj\u00edn con cremallera oculta muy de moda est\u00e1 disponible en diferentes combinaciones de colores, con o sin relleno.<\/h2>\n<p><img fetchpriority=\"high\" decoding=\"async\" class=\"alignnone wp-image-195555 size-medium\" src=\"https:\/\/aldeco.pt\/staging\/wp-content\/uploads\/2024\/07\/CUSHION-KELLY-FR-TAUPE-BALL-25-300x241.jpg\" alt=\"Coj\u00edn Kelly FR Taupe - Aldeco\" width=\"300\" height=\"241\" \/><\/p>\n<p><a href=\"https:\/\/aldeco.pt\/staging\/product\/cushion-kelly-fr-taupe-ball-25\/?attribute_pa_aldeco-color=03-taupe\">https:\/\/aldeco.pt\/staging\/product\/cushion-kelly-fr-taupe-ball-25\/?attribute_pa_aldeco-color=03-taupe<\/a><a href=\"https:\/\/www.instagram.com\/aldeco_interiorfabrics\/\">https:\/\/www.instagram.com\/aldeco_interiorfabrics\/<\/a><\/p>\n","protected":false},"featured_media":195557,"template":"","meta":[],"product_brand":[],"product_cat":[6146],"product_tag":[],"class_list":{"0":"post-198903","1":"product","2":"type-product","3":"status-publish","4":"has-post-thumbnail","6":"product_cat-aldeco-2-es","7":"pa_composition-ext-100-pl-es","8":"pa_line-cojines","9":"pa_range-chenilla","10":"pa_range-liso-es","13":"first","14":"instock","15":"purchasable","16":"product-type-variable"},"acf":[],"_links":{"self":[{"href":"https:\/\/staging.aldeco.pt\/es\/wp-json\/wp\/v2\/product\/198903","targetHints":{"allow":["GET"]}}],"collection":[{"href":"https:\/\/staging.aldeco.pt\/es\/wp-json\/wp\/v2\/product"}],"about":[{"href":"https:\/\/staging.aldeco.pt\/es\/wp-json\/wp\/v2\/types\/product"}],"version-history":[{"count":2,"href":"https:\/\/staging.aldeco.pt\/es\/wp-json\/wp\/v2\/product\/198903\/revisions"}],"predecessor-version":[{"id":204940,"href":"https:\/\/staging.aldeco.pt\/es\/wp-json\/wp\/v2\/product\/198903\/revisions\/204940"}],"wp:featuredmedia":[{"embeddable":true,"href":"https:\/\/staging.aldeco.pt\/es\/wp-json\/wp\/v2\/media\/195557"}],"wp:attachment":[{"href":"https:\/\/staging.aldeco.pt\/es\/wp-json\/wp\/v2\/media?parent=198903"}],"wp:term":[{"taxonomy":"product_brand","embeddable":true,"href":"https:\/\/staging.aldeco.pt\/es\/wp-json\/wp\/v2\/product_brand?post=198903"},{"taxonomy":"product_cat","embeddable":true,"href":"https:\/\/staging.aldeco.pt\/es\/wp-json\/wp\/v2\/product_cat?post=198903"},{"taxonomy":"product_tag","embeddable":true,"href":"https:\/\/staging.aldeco.pt\/es\/wp-json\/wp\/v2\/product_tag?post=198903"}],"curies":[{"name":"wp","href":"https:\/\/api.w.org\/{rel}","templated":true}]}}