{"id":198901,"date":"2024-07-23T23:08:05","date_gmt":"2024-07-23T23:08:05","guid":{"rendered":"https:\/\/aldeco.pt\/staging\/product\/cojin-jasmine-deep-indigo-60x35-p\/"},"modified":"2024-08-29T14:36:48","modified_gmt":"2024-08-29T14:36:48","slug":"cojin-jasmine-deep-indigo-60x35-p","status":"publish","type":"product","link":"https:\/\/staging.aldeco.pt\/es\/product\/cojin-jasmine-deep-indigo-60x35-p\/","title":{"rendered":"COJ\u00cdN JASMINE DEEP INDIGO 60&#215;35 P"},"content":{"rendered":"<p>Suave coj\u00edn decorativo rectangular con vivo. Jasmine tiene un micro-motivo inspirado en lo floral. La suavidad del hilo de chenilla hace que sea un dise\u00f1o muy especial y le da un toque \u00fanico. Esta almohada tiene cremallera oculta y est\u00e1 disponible en diferentes combinaciones de colores, con o sin relleno.<\/p>\n","protected":false},"excerpt":{"rendered":"<p>Suave coj\u00edn decorativo rectangular con vivo. Jasmine tiene un micro-motivo inspirado en lo floral. La suavidad del hilo de chenilla hace que sea un dise\u00f1o muy especial y le da un toque \u00fanico. Esta almohada tiene cremallera oculta y est\u00e1 disponible en diferentes combinaciones de colores, con o sin relleno. <\/p>\n<h2>Coj\u00edn Jasmine tiene un micromotivo de inspiraci\u00f3n floral. La suavidad del hilo de chenilla hace que sea un dise\u00f1o muy especial y le da un toque \u00fanico.<\/h2>\n<p><img fetchpriority=\"high\" decoding=\"async\" class=\"alignnone wp-image-197384 size-medium\" src=\"https:\/\/aldeco.pt\/staging\/wp-content\/uploads\/2024\/07\/CUSHION-JASMINE-DEEP-INDIGO-60x35-P-300x241.jpg\" alt=\"Coj\u00edn Jasmine Deep Indigo - Aldeco\" width=\"300\" height=\"241\"><\/p>\n<p><a href=\"https:\/\/aldeco.pt\/staging\/product\/cushion-jasmine-deep-indigo-60x35-p\/?attribute_pa_aldeco-color=08-deep-indigo\">https:\/\/aldeco.pt\/staging\/product\/cushion-jasmine-deep-indigo-60&#215;35-p\/?attribute_pa_aldeco-color=08-deep-indigo<\/a><a href=\"https:\/\/www.instagram.com\/aldeco_interiorfabrics\/\">https:\/\/www.instagram.com\/aldeco_interiorfabrics\/<\/a><\/p>\n","protected":false},"featured_media":197386,"template":"","meta":[],"product_brand":[],"product_cat":[6146],"product_tag":[],"class_list":{"0":"post-198901","1":"product","2":"type-product","3":"status-publish","4":"has-post-thumbnail","6":"product_cat-aldeco-2-es","7":"pa_composition-ext-54-co-25-pl-21-vi-es","8":"pa_line-cojines","9":"pa_range-chenilla","12":"first","13":"instock","14":"purchasable","15":"product-type-variable"},"acf":[],"_links":{"self":[{"href":"https:\/\/staging.aldeco.pt\/es\/wp-json\/wp\/v2\/product\/198901","targetHints":{"allow":["GET"]}}],"collection":[{"href":"https:\/\/staging.aldeco.pt\/es\/wp-json\/wp\/v2\/product"}],"about":[{"href":"https:\/\/staging.aldeco.pt\/es\/wp-json\/wp\/v2\/types\/product"}],"version-history":[{"count":2,"href":"https:\/\/staging.aldeco.pt\/es\/wp-json\/wp\/v2\/product\/198901\/revisions"}],"predecessor-version":[{"id":200707,"href":"https:\/\/staging.aldeco.pt\/es\/wp-json\/wp\/v2\/product\/198901\/revisions\/200707"}],"wp:featuredmedia":[{"embeddable":true,"href":"https:\/\/staging.aldeco.pt\/es\/wp-json\/wp\/v2\/media\/197386"}],"wp:attachment":[{"href":"https:\/\/staging.aldeco.pt\/es\/wp-json\/wp\/v2\/media?parent=198901"}],"wp:term":[{"taxonomy":"product_brand","embeddable":true,"href":"https:\/\/staging.aldeco.pt\/es\/wp-json\/wp\/v2\/product_brand?post=198901"},{"taxonomy":"product_cat","embeddable":true,"href":"https:\/\/staging.aldeco.pt\/es\/wp-json\/wp\/v2\/product_cat?post=198901"},{"taxonomy":"product_tag","embeddable":true,"href":"https:\/\/staging.aldeco.pt\/es\/wp-json\/wp\/v2\/product_tag?post=198901"}],"curies":[{"name":"wp","href":"https:\/\/api.w.org\/{rel}","templated":true}]}}