{"id":198891,"date":"2024-07-23T23:07:43","date_gmt":"2024-07-23T23:07:43","guid":{"rendered":"https:\/\/aldeco.pt\/staging\/product\/cojin-interception-velvet-linen-50x50\/"},"modified":"2024-08-29T14:36:52","modified_gmt":"2024-08-29T14:36:52","slug":"cojin-interception-velvet-linen-50x50","status":"publish","type":"product","link":"https:\/\/staging.aldeco.pt\/es\/product\/cojin-interception-velvet-linen-50x50\/","title":{"rendered":"COJ\u00cdN INTERCEPTION VELVET LINEN 50&#215;50"},"content":{"rendered":"<p>Coj\u00edn decorativo cuadrado con motivo geom\u00e9trico. Tejido de terciopelo jacquard con un divertido dise\u00f1o de laberinto. Esta almohada tiene cremallera oculta y est\u00e1 disponible en diferentes combinaciones de colores, con o sin relleno.<\/p>\n","protected":false},"excerpt":{"rendered":"<p>Coj\u00edn decorativo cuadrado con motivo geom\u00e9trico. Tejido de terciopelo jacquard con un divertido dise\u00f1o de laberinto. Esta almohada tiene cremallera oculta y est\u00e1 disponible en diferentes combinaciones de colores, con o sin relleno. <\/p>\n<h2>Coj\u00edn Interception Velvet es un coj\u00edn decorativo cuadrado con motivo geom\u00e9trico. Tejido de terciopelo jacquard con un divertido dise\u00f1o de laberinto.<\/h2>\n<p><img fetchpriority=\"high\" decoding=\"async\" class=\"alignnone wp-image-196503 size-medium\" src=\"https:\/\/aldeco.pt\/staging\/wp-content\/uploads\/2024\/07\/CUSHION-INTERCEPTION-VELVET-LINEN-50x50-1-300x241.jpg\" alt=\"Coj\u00edn Interception Velvet Linen - Aldeco\" width=\"300\" height=\"241\"><\/p>\n<p><a href=\"https:\/\/aldeco.pt\/staging\/product\/cushion-interception-velvet-linen-50x50\/?attribute_pa_aldeco-color=02-linen\">https:\/\/aldeco.pt\/staging\/product\/cushion-interception-velvet-linen-50&#215;50\/?attribute_pa_aldeco-color=02-linen<\/a><a href=\"https:\/\/www.instagram.com\/aldeco_interiorfabrics\/\">https:\/\/www.instagram.com\/aldeco_interiorfabrics\/<\/a><\/p>\n","protected":false},"featured_media":196505,"template":"","meta":[],"product_brand":[],"product_cat":[6146],"product_tag":[],"class_list":{"0":"post-198891","1":"product","2":"type-product","3":"status-publish","4":"has-post-thumbnail","6":"product_cat-aldeco-2-es","7":"pa_composition-ext-75-vi-25-pl-es","8":"pa_line-cojines","9":"pa_range-jacquard-es","10":"pa_range-terciopelo","13":"first","14":"instock","15":"purchasable","16":"product-type-variable"},"acf":[],"_links":{"self":[{"href":"https:\/\/staging.aldeco.pt\/es\/wp-json\/wp\/v2\/product\/198891","targetHints":{"allow":["GET"]}}],"collection":[{"href":"https:\/\/staging.aldeco.pt\/es\/wp-json\/wp\/v2\/product"}],"about":[{"href":"https:\/\/staging.aldeco.pt\/es\/wp-json\/wp\/v2\/types\/product"}],"version-history":[{"count":1,"href":"https:\/\/staging.aldeco.pt\/es\/wp-json\/wp\/v2\/product\/198891\/revisions"}],"predecessor-version":[{"id":199551,"href":"https:\/\/staging.aldeco.pt\/es\/wp-json\/wp\/v2\/product\/198891\/revisions\/199551"}],"wp:featuredmedia":[{"embeddable":true,"href":"https:\/\/staging.aldeco.pt\/es\/wp-json\/wp\/v2\/media\/196505"}],"wp:attachment":[{"href":"https:\/\/staging.aldeco.pt\/es\/wp-json\/wp\/v2\/media?parent=198891"}],"wp:term":[{"taxonomy":"product_brand","embeddable":true,"href":"https:\/\/staging.aldeco.pt\/es\/wp-json\/wp\/v2\/product_brand?post=198891"},{"taxonomy":"product_cat","embeddable":true,"href":"https:\/\/staging.aldeco.pt\/es\/wp-json\/wp\/v2\/product_cat?post=198891"},{"taxonomy":"product_tag","embeddable":true,"href":"https:\/\/staging.aldeco.pt\/es\/wp-json\/wp\/v2\/product_tag?post=198891"}],"curies":[{"name":"wp","href":"https:\/\/api.w.org\/{rel}","templated":true}]}}