{"id":198883,"date":"2024-07-23T23:07:24","date_gmt":"2024-07-23T23:07:24","guid":{"rendered":"https:\/\/aldeco.pt\/staging\/product\/cojin-inspiration-baltic-bay-45x45-ox\/"},"modified":"2024-09-27T16:47:04","modified_gmt":"2024-09-27T16:47:04","slug":"cojin-inspiration-baltic-bay-45x45-ox","status":"publish","type":"product","link":"https:\/\/staging.aldeco.pt\/es\/product\/cojin-inspiration-baltic-bay-45x45-ox\/","title":{"rendered":"COJ\u00cdN INSPIRATION BALTIC BAY 45&#215;45 OX"},"content":{"rendered":"<p>Inspiration es un tejido muy especial con un tacto suave y alto de Martindale. Inspirada en las fibras de las plumas de los p\u00e1jaros y en los lechos de los r\u00edos, esta almohada decorativa cuadrada tiene 1 cm de tejido Oxford alrededor. Esta almohada tiene cremallera oculta y est\u00e1 disponible en diferentes combinaciones de colores, con o sin relleno.<\/p>\n","protected":false},"excerpt":{"rendered":"<p>Inspiraci\u00f3n es una tela muy especial con un tacto suave y alta resistencia al desgaste (Martindale). Inspirada en las fibras de las plumas de los p\u00e1jaros y en los lechos de los r\u00edos, esta almohada decorativa cuadrada tiene 1 cm de tejido Oxford alrededor. Esta almohada tiene cremallera oculta y est\u00e1 disponible en diferentes combinaciones de colores, con o sin relleno.<\/p>\n<h2>Coj\u00edn Inspiration, inspirada en las fibras de las plumas de los p\u00e1jaros y en los lechos de los r\u00edos, esta almohada decorativa cuadrada tiene 1 cm de tejido Oxford alrededor.<\/h2>\n<p><img fetchpriority=\"high\" decoding=\"async\" class=\"alignnone wp-image-197363 size-medium\" src=\"https:\/\/aldeco.pt\/staging\/wp-content\/uploads\/2024\/07\/CUSHION-INSPIRATION-BALTIC-BAY-45x45-OX-300x241.jpg\" alt=\"Coj\u00edn Inspiration Baltic Bay - Aldeco\" width=\"300\" height=\"241\" \/><\/p>\n<p><a href=\"https:\/\/aldeco.pt\/staging\/product\/cushion-inspiration-baltic-bay-45x45-ox\/?attribute_pa_aldeco-color=07-baltic-bay\">https:\/\/aldeco.pt\/staging\/product\/cushion-inspiration-baltic-bay-45&#215;45-ox\/?attribute_pa_aldeco-color=07-baltic-bay<\/a><a href=\"https:\/\/www.instagram.com\/aldeco_interiorfabrics\/\">https:\/\/www.instagram.com\/aldeco_interiorfabrics\/<\/a><\/p>\n","protected":false},"featured_media":197365,"template":"","meta":[],"product_brand":[],"product_cat":[6146],"product_tag":[],"class_list":{"0":"post-198883","1":"product","2":"type-product","3":"status-publish","4":"has-post-thumbnail","6":"product_cat-aldeco-2-es","7":"pa_composition-ext-46-vi-35-co-19-pl-es","8":"pa_line-cojines","9":"pa_range-chenilla","12":"first","13":"instock","14":"purchasable","15":"product-type-variable"},"acf":[],"_links":{"self":[{"href":"https:\/\/staging.aldeco.pt\/es\/wp-json\/wp\/v2\/product\/198883","targetHints":{"allow":["GET"]}}],"collection":[{"href":"https:\/\/staging.aldeco.pt\/es\/wp-json\/wp\/v2\/product"}],"about":[{"href":"https:\/\/staging.aldeco.pt\/es\/wp-json\/wp\/v2\/types\/product"}],"version-history":[{"count":2,"href":"https:\/\/staging.aldeco.pt\/es\/wp-json\/wp\/v2\/product\/198883\/revisions"}],"predecessor-version":[{"id":200905,"href":"https:\/\/staging.aldeco.pt\/es\/wp-json\/wp\/v2\/product\/198883\/revisions\/200905"}],"wp:featuredmedia":[{"embeddable":true,"href":"https:\/\/staging.aldeco.pt\/es\/wp-json\/wp\/v2\/media\/197365"}],"wp:attachment":[{"href":"https:\/\/staging.aldeco.pt\/es\/wp-json\/wp\/v2\/media?parent=198883"}],"wp:term":[{"taxonomy":"product_brand","embeddable":true,"href":"https:\/\/staging.aldeco.pt\/es\/wp-json\/wp\/v2\/product_brand?post=198883"},{"taxonomy":"product_cat","embeddable":true,"href":"https:\/\/staging.aldeco.pt\/es\/wp-json\/wp\/v2\/product_cat?post=198883"},{"taxonomy":"product_tag","embeddable":true,"href":"https:\/\/staging.aldeco.pt\/es\/wp-json\/wp\/v2\/product_tag?post=198883"}],"curies":[{"name":"wp","href":"https:\/\/api.w.org\/{rel}","templated":true}]}}