{"id":198881,"date":"2024-07-23T23:07:20","date_gmt":"2024-07-23T23:07:20","guid":{"rendered":"https:\/\/aldeco.pt\/staging\/product\/cojin-inhaus-viraloff-toast-coffee-50x50\/"},"modified":"2024-10-09T13:57:39","modified_gmt":"2024-10-09T13:57:39","slug":"cojin-inhaus-viraloff-toast-coffee-50x50","status":"publish","type":"product","link":"https:\/\/staging.aldeco.pt\/es\/product\/cojin-inhaus-viraloff-toast-coffee-50x50\/","title":{"rendered":"COJ\u00cdN INHAUS VIRALOFF Toast  Coffee 50&#215;50"},"content":{"rendered":"<p>Coj\u00edn decorativo cuadrado de suave terciopelo. InHaus es un tejido con una fuerte inspiraci\u00f3n en el legado de la Bauhaus. Siguiendo nuestra conciencia ambiental, este terciopelo de algod\u00f3n de pelo alto fue desarrollado con un tratamiento inherente con Polygiene ViralOff, que es un tratamiento que es absorbido por la propia fibra, durante la producci\u00f3n. Este tratamiento elimina el 99% de los virus en 2 horas. La inspiraci\u00f3n Bauhaus est\u00e1 presente en la arquitectura geom\u00e9trica urbana, deconstruida y ensamblada seg\u00fan la est\u00e9tica de este movimiento art\u00edstico. Este dise\u00f1o nos transporta a un lugar acogedor, donde la armon\u00eda de formas geom\u00e9tricas y org\u00e1nicas se unen como un cuadro de una Arquitectura Urbana. Esta almohada tiene cremallera oculta y est\u00e1 disponible en diferentes combinaciones de colores, con o sin relleno.<\/p>\n","protected":false},"excerpt":{"rendered":"<p>Coj\u00edn decorativo cuadrado de suave terciopelo. InHaus es un tejido con una fuerte inspiraci\u00f3n en el legado de la Bauhaus. Siguiendo nuestra conciencia ambiental, este terciopelo de algod\u00f3n de pelo alto fue desarrollado con un tratamiento inherente con Polygiene ViralOff, que es un tratamiento que es absorbido por la propia fibra, durante la producci\u00f3n. Este tratamiento elimina el 99% de los virus en 2 horas. La inspiraci\u00f3n Bauhaus est\u00e1 presente en la arquitectura geom\u00e9trica urbana, deconstruida y ensamblada seg\u00fan la est\u00e9tica de este movimiento art\u00edstico. Este dise\u00f1o nos transporta a un lugar acogedor, donde la armon\u00eda de formas geom\u00e9tricas y org\u00e1nicas se unen como un cuadro de una Arquitectura Urbana. Esta almohada tiene cremallera oculta y est\u00e1 disponible en diferentes combinaciones de colores, con o sin relleno.<\/p>\n<h2>Coj\u00edn Inhaus es un tejido con una fuerte inspiraci\u00f3n en el legado de la Bauhaus.<\/h2>\n<p><img fetchpriority=\"high\" decoding=\"async\" class=\"alignnone wp-image-196838 size-medium\" src=\"https:\/\/aldeco.pt\/staging\/wp-content\/uploads\/2024\/07\/CUSHION-INHAUS-VIRALOFF-Toast-Coffee-50x50-1-300x241.jpg\" alt=\"Coj\u00edn Inhaus Viraloff Toast Coffee - Aldeco\" width=\"300\" height=\"241\" \/><\/p>\n<p><a href=\"https:\/\/aldeco.pt\/staging\/product\/cushion-inhaus-viraloff-toast-coffee-50x50\/?attribute_pa_aldeco-color=01-toast-coffee\">https:\/\/aldeco.pt\/staging\/product\/cushion-inhaus-viraloff-toast-coffee-50&#215;50\/?attribute_pa_aldeco-color=01-toast-coffee<\/a><a href=\"https:\/\/www.instagram.com\/aldeco_interiorfabrics\/\">https:\/\/www.instagram.com\/aldeco_interiorfabrics\/<\/a><\/p>\n","protected":false},"featured_media":196840,"template":"","meta":[],"product_brand":[],"product_cat":[6146],"product_tag":[],"class_list":{"0":"post-198881","1":"product","2":"type-product","3":"status-publish","4":"has-post-thumbnail","6":"product_cat-aldeco-2-es","7":"pa_composition-ext-100-co-es","8":"pa_line-cojines","9":"pa_range-estampado-es","10":"pa_range-terciopelo","13":"first","14":"instock","15":"purchasable","16":"product-type-variable"},"acf":[],"_links":{"self":[{"href":"https:\/\/staging.aldeco.pt\/es\/wp-json\/wp\/v2\/product\/198881","targetHints":{"allow":["GET"]}}],"collection":[{"href":"https:\/\/staging.aldeco.pt\/es\/wp-json\/wp\/v2\/product"}],"about":[{"href":"https:\/\/staging.aldeco.pt\/es\/wp-json\/wp\/v2\/types\/product"}],"version-history":[{"count":2,"href":"https:\/\/staging.aldeco.pt\/es\/wp-json\/wp\/v2\/product\/198881\/revisions"}],"predecessor-version":[{"id":204573,"href":"https:\/\/staging.aldeco.pt\/es\/wp-json\/wp\/v2\/product\/198881\/revisions\/204573"}],"wp:featuredmedia":[{"embeddable":true,"href":"https:\/\/staging.aldeco.pt\/es\/wp-json\/wp\/v2\/media\/196840"}],"wp:attachment":[{"href":"https:\/\/staging.aldeco.pt\/es\/wp-json\/wp\/v2\/media?parent=198881"}],"wp:term":[{"taxonomy":"product_brand","embeddable":true,"href":"https:\/\/staging.aldeco.pt\/es\/wp-json\/wp\/v2\/product_brand?post=198881"},{"taxonomy":"product_cat","embeddable":true,"href":"https:\/\/staging.aldeco.pt\/es\/wp-json\/wp\/v2\/product_cat?post=198881"},{"taxonomy":"product_tag","embeddable":true,"href":"https:\/\/staging.aldeco.pt\/es\/wp-json\/wp\/v2\/product_tag?post=198881"}],"curies":[{"name":"wp","href":"https:\/\/api.w.org\/{rel}","templated":true}]}}