{"id":198871,"date":"2024-07-23T23:06:46","date_gmt":"2024-07-23T23:06:46","guid":{"rendered":"https:\/\/aldeco.pt\/staging\/product\/cojin-indigene-autumn-dream-40x40\/"},"modified":"2024-09-26T08:34:39","modified_gmt":"2024-09-26T08:34:39","slug":"cojin-indigene-autumn-dream-40x40","status":"publish","type":"product","link":"https:\/\/staging.aldeco.pt\/es\/product\/cojin-indigene-autumn-dream-40x40\/","title":{"rendered":"COJ\u00cdN INDIG\u00c8NE AUTUMN DREAM 40&#215;40"},"content":{"rendered":"<p>Coj\u00edn decorativo cuadrado \u00e9tnico, Indig\u00e8ne es un incre\u00edble tejido jacquard inspirado en las comunidades ind\u00edgenas africanas y el uso de patrones geom\u00e9tricos simb\u00f3licos en tonos tierra y c\u00e1lidos. Viaja por las sabanas africanas con esta tela de aspecto natural y sencillamente irresistible. Esta almohada tiene cremallera oculta y est\u00e1 disponible en diferentes combinaciones de colores, con o sin relleno.<\/p>\n","protected":false},"excerpt":{"rendered":"<p>Coj\u00edn decorativo cuadrado \u00e9tnico, Indig\u00e8ne es un incre\u00edble tejido jacquard inspirado en las comunidades ind\u00edgenas africanas y el uso de patrones geom\u00e9tricos simb\u00f3licos en tonos tierra y c\u00e1lidos. Viaja por las sabanas africanas con esta tela de aspecto natural y sencillamente irresistible. Esta almohada tiene cremallera oculta y est\u00e1 disponible en diferentes combinaciones de colores, con o sin relleno.<\/p>\n<h2>Coj\u00edn Indig\u00e9ne es un incre\u00edble tejido jacquard inspirado en las comunidades ind\u00edgenas africanas y el uso de patrones geom\u00e9tricos simb\u00f3licos en tonos tierra y c\u00e1lidos. Viaja por las sabanas africanas con esta tela de aspecto natural y sencillamente irresistible. Esta almohada tiene cremallera oculta y est\u00e1 disponible en diferentes combinaciones de colores, con o sin relleno.<\/h2>\n<p><img fetchpriority=\"high\" decoding=\"async\" class=\"alignnone wp-image-195404 size-medium\" src=\"https:\/\/aldeco.pt\/staging\/wp-content\/uploads\/2024\/07\/CUSHION-INDIGENE-AUTUMN-DREAM-40x40-4-300x241.jpg\" alt=\"Coj\u00edn Indig\u00e8ne Autumn Dream - Aldeco\" width=\"300\" height=\"241\" \/><\/p>\n<p><a href=\"https:\/\/aldeco.pt\/staging\/product\/cushion-indigene-autumn-dream-40x40\/?attribute_pa_aldeco-color=02-autumn-dream\">https:\/\/aldeco.pt\/staging\/product\/cushion-indigene-autumn-dream-40&#215;40\/?attribute_pa_aldeco-color=02-autumn-dream<\/a><a href=\"https:\/\/www.instagram.com\/aldeco_interiorfabrics\/\">https:\/\/www.instagram.com\/aldeco_interiorfabrics\/<\/a><\/p>\n","protected":false},"featured_media":195406,"template":"","meta":[],"product_brand":[],"product_cat":[6146],"product_tag":[],"class_list":{"0":"post-198871","1":"product","2":"type-product","3":"status-publish","4":"has-post-thumbnail","6":"product_cat-aldeco-2-es","7":"pa_composition-ext-48-co-20-pl-15-li-12-vi-2-pc-2-wo-1-pa-es","8":"pa_line-cojines","11":"first","12":"instock","13":"purchasable","14":"product-type-variable"},"acf":[],"_links":{"self":[{"href":"https:\/\/staging.aldeco.pt\/es\/wp-json\/wp\/v2\/product\/198871","targetHints":{"allow":["GET"]}}],"collection":[{"href":"https:\/\/staging.aldeco.pt\/es\/wp-json\/wp\/v2\/product"}],"about":[{"href":"https:\/\/staging.aldeco.pt\/es\/wp-json\/wp\/v2\/types\/product"}],"version-history":[{"count":3,"href":"https:\/\/staging.aldeco.pt\/es\/wp-json\/wp\/v2\/product\/198871\/revisions"}],"predecessor-version":[{"id":200830,"href":"https:\/\/staging.aldeco.pt\/es\/wp-json\/wp\/v2\/product\/198871\/revisions\/200830"}],"wp:featuredmedia":[{"embeddable":true,"href":"https:\/\/staging.aldeco.pt\/es\/wp-json\/wp\/v2\/media\/195406"}],"wp:attachment":[{"href":"https:\/\/staging.aldeco.pt\/es\/wp-json\/wp\/v2\/media?parent=198871"}],"wp:term":[{"taxonomy":"product_brand","embeddable":true,"href":"https:\/\/staging.aldeco.pt\/es\/wp-json\/wp\/v2\/product_brand?post=198871"},{"taxonomy":"product_cat","embeddable":true,"href":"https:\/\/staging.aldeco.pt\/es\/wp-json\/wp\/v2\/product_cat?post=198871"},{"taxonomy":"product_tag","embeddable":true,"href":"https:\/\/staging.aldeco.pt\/es\/wp-json\/wp\/v2\/product_tag?post=198871"}],"curies":[{"name":"wp","href":"https:\/\/api.w.org\/{rel}","templated":true}]}}