{"id":198861,"date":"2024-07-23T23:06:24","date_gmt":"2024-07-23T23:06:24","guid":{"rendered":"https:\/\/aldeco.pt\/staging\/product\/cojin-hope-velvet-easy-clean-fr-dark-forest-50x50-p\/"},"modified":"2024-08-29T14:37:05","modified_gmt":"2024-08-29T14:37:05","slug":"cojin-hope-velvet-easy-clean-fr-dark-forest-50x50-p","status":"publish","type":"product","link":"https:\/\/staging.aldeco.pt\/es\/product\/cojin-hope-velvet-easy-clean-fr-dark-forest-50x50-p\/","title":{"rendered":"COJ\u00cdN HOPE VELVET EASY CLEAN FR DARK FOREST 50&#215;50 P"},"content":{"rendered":"<p>Coj\u00edn decorativo cuadrado de suave terciopelo. HOPE VELVET es un tejido de terciopelo reciclado con apariencia de algod\u00f3n elaborado a partir de un nuevo hilo de olefina sostenible y Better Cotton\u2122. Es el primero que se produce a partir de desechos textiles convertidos y no utiliza agua durante el proceso de producci\u00f3n. Hope Velvet aprob\u00f3 el Recycled Blended Claim Standard y tiene un tratamiento f\u00e1cil de limpiar para un mejor rendimiento manteniendo una sensaci\u00f3n natural y suave. Esta almohada tiene cremallera oculta y vivo est\u00e1 disponible en diferentes combinaciones de colores, con o sin relleno.  <\/p>\n","protected":false},"excerpt":{"rendered":"<p>Coj\u00edn decorativo cuadrado de suave terciopelo. HOPE VELVET es un tejido de terciopelo reciclado con apariencia de algod\u00f3n elaborado a partir de un nuevo hilo de olefina sostenible y Better Cotton\u2122. Es el primero que se produce a partir de desechos textiles convertidos y no utiliza agua durante el proceso de producci\u00f3n. Hope Velvet aprob\u00f3 el Recycled Blended Claim Standard y tiene un tratamiento f\u00e1cil de limpiar para un mejor rendimiento manteniendo una sensaci\u00f3n natural y suave. Esta almohada tiene cremallera oculta y vivo est\u00e1 disponible en diferentes combinaciones de colores, con o sin relleno.   <\/p>\n<h2>Coj\u00edn HOPE VELVET es un tejido de terciopelo reciclado con aspecto de algod\u00f3n producido a partir de un nuevo hilo sostenible de olefina y Better Cotton\u2122. Es el primero que se produce a partir de desechos textiles convertidos y no utiliza agua durante el proceso de producci\u00f3n. Hope Velvet aprob\u00f3 el Recycled Blended Claim Standard y tiene un tratamiento f\u00e1cil de limpiar para un mejor rendimiento manteniendo una sensaci\u00f3n natural y suave. Esta almohada tiene cremallera oculta y vivo est\u00e1 disponible en diferentes combinaciones de colores, con o sin relleno.   <\/h2>\n<p><img fetchpriority=\"high\" decoding=\"async\" class=\"alignnone wp-image-195798 size-medium\" src=\"https:\/\/aldeco.pt\/staging\/wp-content\/uploads\/2024\/07\/CUSHION-HOPE-VELVET-EASY-CLEAN-FR-DARK-FOREST-50x50-P-300x241.jpg\" alt=\"Coj\u00edn Hope Velvet Easy Clean FR Dark Forest - Aldeco\" width=\"300\" height=\"241\"><\/p>\n<p><a href=\"https:\/\/aldeco.pt\/staging\/product\/cushion-hope-velvet-easy-clean-fr-dark-forest-50x50-p\/?attribute_pa_aldeco-color=15-dark-forest\">https:\/\/aldeco.pt\/staging\/product\/cushion-hope-velvet-easy-clean-fr-dark-forest-50&#215;50-p\/?attribute_pa_aldeco-color=15-dark-forest<\/a><a href=\"https:\/\/www.instagram.com\/aldeco_interiorfabrics\/\">https:\/\/www.instagram.com\/aldeco_interiorfabrics\/<\/a><\/p>\n","protected":false},"featured_media":195800,"template":"","meta":[],"product_brand":[],"product_cat":[6146],"product_tag":[],"class_list":{"0":"post-198861","1":"product","2":"type-product","3":"status-publish","4":"has-post-thumbnail","6":"product_cat-aldeco-2-es","7":"pa_composition-ext-31-co-38-pl-31-rpl-es","8":"pa_line-cojines","9":"pa_range-terciopelo","12":"first","13":"instock","14":"purchasable","15":"product-type-variable"},"acf":[],"_links":{"self":[{"href":"https:\/\/staging.aldeco.pt\/es\/wp-json\/wp\/v2\/product\/198861","targetHints":{"allow":["GET"]}}],"collection":[{"href":"https:\/\/staging.aldeco.pt\/es\/wp-json\/wp\/v2\/product"}],"about":[{"href":"https:\/\/staging.aldeco.pt\/es\/wp-json\/wp\/v2\/types\/product"}],"version-history":[{"count":1,"href":"https:\/\/staging.aldeco.pt\/es\/wp-json\/wp\/v2\/product\/198861\/revisions"}],"predecessor-version":[{"id":199566,"href":"https:\/\/staging.aldeco.pt\/es\/wp-json\/wp\/v2\/product\/198861\/revisions\/199566"}],"wp:featuredmedia":[{"embeddable":true,"href":"https:\/\/staging.aldeco.pt\/es\/wp-json\/wp\/v2\/media\/195800"}],"wp:attachment":[{"href":"https:\/\/staging.aldeco.pt\/es\/wp-json\/wp\/v2\/media?parent=198861"}],"wp:term":[{"taxonomy":"product_brand","embeddable":true,"href":"https:\/\/staging.aldeco.pt\/es\/wp-json\/wp\/v2\/product_brand?post=198861"},{"taxonomy":"product_cat","embeddable":true,"href":"https:\/\/staging.aldeco.pt\/es\/wp-json\/wp\/v2\/product_cat?post=198861"},{"taxonomy":"product_tag","embeddable":true,"href":"https:\/\/staging.aldeco.pt\/es\/wp-json\/wp\/v2\/product_tag?post=198861"}],"curies":[{"name":"wp","href":"https:\/\/api.w.org\/{rel}","templated":true}]}}