{"id":198849,"date":"2024-07-23T23:05:59","date_gmt":"2024-07-23T23:05:59","guid":{"rendered":"https:\/\/aldeco.pt\/staging\/product\/cojin-herdade-cyanotype-blue-45x45\/"},"modified":"2024-10-02T14:14:02","modified_gmt":"2024-10-02T14:14:02","slug":"cojin-herdade-cyanotype-blue-45x45","status":"publish","type":"product","link":"https:\/\/staging.aldeco.pt\/es\/product\/cojin-herdade-cyanotype-blue-45x45\/","title":{"rendered":"COJ\u00cdN HERDADE CYANOTYPE BLUE 45&#215;45"},"content":{"rendered":"<p>Elegante coj\u00edn decorativo cuadrado con tejido Herdade. Se trata de un jacquard inspirado en la cester\u00eda portuguesa con un patr\u00f3n geom\u00e9trico compuesto por rombos. Esta almohada tiene cremallera oculta y est\u00e1 disponible en diferentes combinaciones de colores, con o sin relleno.<\/p>\n","protected":false},"excerpt":{"rendered":"<p>Elegante coj\u00edn decorativo cuadrado con tejido Herdade. Se trata de un jacquard inspirado en la cester\u00eda portuguesa con un patr\u00f3n geom\u00e9trico compuesto por rombos. Esta almohada tiene cremallera oculta y est\u00e1 disponible en diferentes combinaciones de colores, con o sin relleno.<\/p>\n<h2>Coj\u00edn Herdade es un jacquard inspirado en la cester\u00eda portuguesa con un patr\u00f3n geom\u00e9trico compuesto por rombos.<\/h2>\n<p><img fetchpriority=\"high\" decoding=\"async\" class=\"alignnone size-medium wp-image-197003\" src=\"https:\/\/aldeco.pt\/staging\/wp-content\/uploads\/2024\/07\/CUSHION-HERDADE-CYANOTYPE-BLUE-45x45-1-300x241.jpg\" alt=\"\" width=\"300\" height=\"241\" \/><\/p>\n<p><a href=\"https:\/\/aldeco.pt\/staging\/product\/cushion-herdade-cyanotype-blue-45x45\/?attribute_pa_aldeco-color=06-cyanotype-blue\">https:\/\/aldeco.pt\/staging\/product\/cushion-herdade-cyanotype-blue-45&#215;45\/?attribute_pa_aldeco-color=06-cyanotype-blue<\/a><a href=\"https:\/\/www.instagram.com\/aldeco_interiorfabrics\/\">https:\/\/www.instagram.com\/aldeco_interiorfabrics\/<\/a><\/p>\n<p>&nbsp;<\/p>\n","protected":false},"featured_media":197005,"template":"","meta":[],"product_brand":[],"product_cat":[6146],"product_tag":[],"class_list":{"0":"post-198849","1":"product","2":"type-product","3":"status-publish","4":"has-post-thumbnail","6":"product_cat-aldeco-2-es","7":"pa_composition-ext-100-pp-es","8":"pa_line-cojines","11":"first","12":"instock","13":"purchasable","14":"product-type-variable"},"acf":[],"_links":{"self":[{"href":"https:\/\/staging.aldeco.pt\/es\/wp-json\/wp\/v2\/product\/198849","targetHints":{"allow":["GET"]}}],"collection":[{"href":"https:\/\/staging.aldeco.pt\/es\/wp-json\/wp\/v2\/product"}],"about":[{"href":"https:\/\/staging.aldeco.pt\/es\/wp-json\/wp\/v2\/types\/product"}],"version-history":[{"count":3,"href":"https:\/\/staging.aldeco.pt\/es\/wp-json\/wp\/v2\/product\/198849\/revisions"}],"predecessor-version":[{"id":201861,"href":"https:\/\/staging.aldeco.pt\/es\/wp-json\/wp\/v2\/product\/198849\/revisions\/201861"}],"wp:featuredmedia":[{"embeddable":true,"href":"https:\/\/staging.aldeco.pt\/es\/wp-json\/wp\/v2\/media\/197005"}],"wp:attachment":[{"href":"https:\/\/staging.aldeco.pt\/es\/wp-json\/wp\/v2\/media?parent=198849"}],"wp:term":[{"taxonomy":"product_brand","embeddable":true,"href":"https:\/\/staging.aldeco.pt\/es\/wp-json\/wp\/v2\/product_brand?post=198849"},{"taxonomy":"product_cat","embeddable":true,"href":"https:\/\/staging.aldeco.pt\/es\/wp-json\/wp\/v2\/product_cat?post=198849"},{"taxonomy":"product_tag","embeddable":true,"href":"https:\/\/staging.aldeco.pt\/es\/wp-json\/wp\/v2\/product_tag?post=198849"}],"curies":[{"name":"wp","href":"https:\/\/api.w.org\/{rel}","templated":true}]}}