{"id":198843,"date":"2024-07-23T23:05:24","date_gmt":"2024-07-23T23:05:24","guid":{"rendered":"https:\/\/aldeco.pt\/staging\/product\/cojin-hardpop-cherry-blossom-50x50-ox\/"},"modified":"2024-10-09T16:10:56","modified_gmt":"2024-10-09T16:10:56","slug":"cojin-hardpop-cherry-blossom-50x50-ox","status":"publish","type":"product","link":"https:\/\/staging.aldeco.pt\/es\/product\/cojin-hardpop-cherry-blossom-50x50-ox\/","title":{"rendered":"COJ\u00cdN HARDPOP CHERRY BLOSSOM 50&#215;50 OX"},"content":{"rendered":"<p>Divertido coj\u00edn decorativo cuadrado con tejido jacquard. Hardpop FR tiene un dise\u00f1o geom\u00e9trico moderno y una rica paleta de colores. Un verdadero &#8220;imprescindible&#8221; para cada proyecto, esta almohada tiene 1 cm Oxford alrededor y cremallera oculta y est\u00e1 disponible en diferentes combinaciones de colores, con o sin relleno.<\/p>\n","protected":false},"excerpt":{"rendered":"<p>Divertido coj\u00edn decorativo cuadrado con tejido jacquard. Hardpop FR tiene un dise\u00f1o geom\u00e9trico moderno y una rica paleta de colores. Un verdadero &#8220;imprescindible&#8221; para cada proyecto, esta almohada tiene 1 cm Oxford alrededor y cremallera oculta y est\u00e1 disponible en diferentes combinaciones de colores, con o sin relleno.<\/p>\n<h2>Coj\u00edn Hardpop tiene un dise\u00f1o geom\u00e9trico moderno y una rica paleta de colores.<\/h2>\n<p><img fetchpriority=\"high\" decoding=\"async\" class=\"alignnone wp-image-197357 size-medium\" src=\"https:\/\/aldeco.pt\/staging\/wp-content\/uploads\/2024\/07\/CUSHION-HARDPOP-CHERRY-BLOSSOM-50x50-OX-300x241.jpg\" alt=\"Coj\u00edn Hardpop Cherry Blossom - Aldeco\" width=\"300\" height=\"241\" \/><\/p>\n<p><a href=\"https:\/\/aldeco.pt\/staging\/product\/cushion-hardpop-cherry-blossom-50x50-ox\/?attribute_pa_aldeco-color=03-cherry-blossom\">https:\/\/aldeco.pt\/staging\/product\/cushion-hardpop-cherry-blossom-50&#215;50-ox\/?attribute_pa_aldeco-color=03-cherry-blossom<\/a><a href=\"https:\/\/www.instagram.com\/aldeco_interiorfabrics\/\">https:\/\/www.instagram.com\/aldeco_interiorfabrics\/<\/a><\/p>\n","protected":false},"featured_media":197359,"template":"","meta":[],"product_brand":[],"product_cat":[6146],"product_tag":[],"class_list":{"0":"post-198843","1":"product","2":"type-product","3":"status-publish","4":"has-post-thumbnail","6":"product_cat-aldeco-2-es","7":"pa_composition-ext-34-co-30-vi-21-pl-15-li-es","8":"pa_line-cojines","9":"pa_range-jacquard-es","12":"first","13":"instock","14":"purchasable","15":"product-type-variable"},"acf":[],"_links":{"self":[{"href":"https:\/\/staging.aldeco.pt\/es\/wp-json\/wp\/v2\/product\/198843","targetHints":{"allow":["GET"]}}],"collection":[{"href":"https:\/\/staging.aldeco.pt\/es\/wp-json\/wp\/v2\/product"}],"about":[{"href":"https:\/\/staging.aldeco.pt\/es\/wp-json\/wp\/v2\/types\/product"}],"version-history":[{"count":2,"href":"https:\/\/staging.aldeco.pt\/es\/wp-json\/wp\/v2\/product\/198843\/revisions"}],"predecessor-version":[{"id":204648,"href":"https:\/\/staging.aldeco.pt\/es\/wp-json\/wp\/v2\/product\/198843\/revisions\/204648"}],"wp:featuredmedia":[{"embeddable":true,"href":"https:\/\/staging.aldeco.pt\/es\/wp-json\/wp\/v2\/media\/197359"}],"wp:attachment":[{"href":"https:\/\/staging.aldeco.pt\/es\/wp-json\/wp\/v2\/media?parent=198843"}],"wp:term":[{"taxonomy":"product_brand","embeddable":true,"href":"https:\/\/staging.aldeco.pt\/es\/wp-json\/wp\/v2\/product_brand?post=198843"},{"taxonomy":"product_cat","embeddable":true,"href":"https:\/\/staging.aldeco.pt\/es\/wp-json\/wp\/v2\/product_cat?post=198843"},{"taxonomy":"product_tag","embeddable":true,"href":"https:\/\/staging.aldeco.pt\/es\/wp-json\/wp\/v2\/product_tag?post=198843"}],"curies":[{"name":"wp","href":"https:\/\/api.w.org\/{rel}","templated":true}]}}