{"id":198837,"date":"2024-07-23T23:05:11","date_gmt":"2024-07-23T23:05:11","guid":{"rendered":"https:\/\/aldeco.pt\/staging\/product\/cojin-guilty-coral-feathers-50x30-p\/"},"modified":"2024-10-09T11:11:04","modified_gmt":"2024-10-09T11:11:04","slug":"cojin-guilty-coral-feathers-50x30-p","status":"publish","type":"product","link":"https:\/\/staging.aldeco.pt\/es\/product\/cojin-guilty-coral-feathers-50x30-p\/","title":{"rendered":"COJ\u00cdN GUILTY CORAL FEATHERS 50&#215;30 P"},"content":{"rendered":"<p>Elegante coj\u00edn decorativo rectangular con vivo de terciopelo Sucesso. Guilty es una tela muy especial debido a su belleza y complejidad porque su construcci\u00f3n es un jacquard de moar\u00e9 impreso, con una ilustraci\u00f3n vibrante y profundas pinceladas, inspirado en las seductoras plumas de pavo real. Esta almohada tiene cremallera oculta y est\u00e1 disponible en diferentes combinaciones de colores, con o sin relleno.<\/p>\n","protected":false},"excerpt":{"rendered":"<p>Elegante coj\u00edn decorativo rectangular con vivo de terciopelo Sucesso. Guilty es una tela muy especial debido a su belleza y complejidad porque su construcci\u00f3n es un jacquard de moar\u00e9 impreso, con una ilustraci\u00f3n vibrante y profundas pinceladas, inspirado en las seductoras plumas de pavo real. Esta almohada tiene cremallera oculta y est\u00e1 disponible en diferentes combinaciones de colores, con o sin relleno.<\/p>\n<h2>Coj\u00edn Guilty, elegante coj\u00edn decorativo rectangular con vivo de terciopelo Sucesso.<\/h2>\n<p><img fetchpriority=\"high\" decoding=\"async\" class=\"alignnone wp-image-197342 size-medium\" src=\"https:\/\/aldeco.pt\/staging\/wp-content\/uploads\/2024\/07\/CUSHION-GUILTY-CORAL-FEATHERS-50x30-P-300x241.jpg\" alt=\"Coj\u00edn Guilty Coral Feathers - Aldeco\" width=\"300\" height=\"241\" \/><\/p>\n<p><a href=\"https:\/\/aldeco.pt\/staging\/product\/cushion-guilty-coral-feathers-50x30-p\/?attribute_pa_aldeco-color=02-coral-feathers\">https:\/\/aldeco.pt\/staging\/product\/cushion-guilty-coral-feathers-50&#215;30-p\/?attribute_pa_aldeco-color=02-coral-feathers<\/a><a href=\"https:\/\/www.instagram.com\/aldeco_interiorfabrics\/\">https:\/\/www.instagram.com\/aldeco_interiorfabrics\/<\/a><\/p>\n","protected":false},"featured_media":197344,"template":"","meta":[],"product_brand":[],"product_cat":[6146],"product_tag":[],"class_list":{"0":"post-198837","1":"product","2":"type-product","3":"status-publish","4":"has-post-thumbnail","6":"product_cat-aldeco-2-es","7":"pa_composition-ext-58-co-42-vi-es","8":"pa_line-cojines","9":"pa_range-estampado-es","10":"pa_range-jacquard-es","13":"first","14":"instock","15":"purchasable","16":"product-type-variable"},"acf":[],"_links":{"self":[{"href":"https:\/\/staging.aldeco.pt\/es\/wp-json\/wp\/v2\/product\/198837","targetHints":{"allow":["GET"]}}],"collection":[{"href":"https:\/\/staging.aldeco.pt\/es\/wp-json\/wp\/v2\/product"}],"about":[{"href":"https:\/\/staging.aldeco.pt\/es\/wp-json\/wp\/v2\/types\/product"}],"version-history":[{"count":3,"href":"https:\/\/staging.aldeco.pt\/es\/wp-json\/wp\/v2\/product\/198837\/revisions"}],"predecessor-version":[{"id":203192,"href":"https:\/\/staging.aldeco.pt\/es\/wp-json\/wp\/v2\/product\/198837\/revisions\/203192"}],"wp:featuredmedia":[{"embeddable":true,"href":"https:\/\/staging.aldeco.pt\/es\/wp-json\/wp\/v2\/media\/197344"}],"wp:attachment":[{"href":"https:\/\/staging.aldeco.pt\/es\/wp-json\/wp\/v2\/media?parent=198837"}],"wp:term":[{"taxonomy":"product_brand","embeddable":true,"href":"https:\/\/staging.aldeco.pt\/es\/wp-json\/wp\/v2\/product_brand?post=198837"},{"taxonomy":"product_cat","embeddable":true,"href":"https:\/\/staging.aldeco.pt\/es\/wp-json\/wp\/v2\/product_cat?post=198837"},{"taxonomy":"product_tag","embeddable":true,"href":"https:\/\/staging.aldeco.pt\/es\/wp-json\/wp\/v2\/product_tag?post=198837"}],"curies":[{"name":"wp","href":"https:\/\/api.w.org\/{rel}","templated":true}]}}