{"id":198835,"date":"2024-07-23T23:05:06","date_gmt":"2024-07-23T23:05:06","guid":{"rendered":"https:\/\/aldeco.pt\/staging\/product\/cojin-grace-water-repellent-fr-terracotta-dust-ball-30\/"},"modified":"2024-08-29T14:37:19","modified_gmt":"2024-08-29T14:37:19","slug":"cojin-grace-water-repellent-fr-terracotta-dust-ball-30","status":"publish","type":"product","link":"https:\/\/staging.aldeco.pt\/es\/product\/cojin-grace-water-repellent-fr-terracotta-dust-ball-30\/","title":{"rendered":"COJ\u00cdN GRACE WATER REPELLENT FR TERRACOTTA DUST BALL 30"},"content":{"rendered":"<p>A\u00f1ade un elemento divertido e igualmente lujoso a tu sof\u00e1 o cama con el coj\u00edn decorativo de bola. Presentamos Grace Water Repellent FR, un tejido de chenilla con tratamiento hidr\u00f3fugo para mayor rendimiento y f\u00e1cil mantenimiento. Cumple con el est\u00e1ndar REACH sobre sostenibilidad y trazabilidad de sustancias qu\u00edmicas.   Este coj\u00edn con cremallera oculta muy de moda est\u00e1 disponible en diferentes combinaciones de colores, con o sin relleno.<\/p>\n","protected":false},"excerpt":{"rendered":"<p>A\u00f1ade un elemento divertido e igualmente lujoso a tu sof\u00e1 o cama con el coj\u00edn decorativo de bola. Presentamos Grace Water Repellent FR, un tejido de chenilla con tratamiento hidr\u00f3fugo para mayor rendimiento y f\u00e1cil mantenimiento. Cumple con el est\u00e1ndar REACH sobre sostenibilidad y trazabilidad de sustancias qu\u00edmicas.   Este coj\u00edn con cremallera oculta muy de moda est\u00e1 disponible en diferentes combinaciones de colores, con o sin relleno <\/p>\n<h2>Coj\u00edn Grace Water Repellent FR, un tejido de chenilla con tratamiento hidr\u00f3fugo para mayor rendimiento y f\u00e1cil mantenimiento. Cumple con el est\u00e1ndar REACH sobre sostenibilidad y trazabilidad de sustancias qu\u00edmicas.  Este coj\u00edn con cremallera oculta muy de moda est\u00e1 disponible en diferentes combinaciones de colores, con o sin relleno.<\/h2>\n<p><img fetchpriority=\"high\" decoding=\"async\" class=\"alignnone wp-image-195549 size-medium\" src=\"https:\/\/aldeco.pt\/staging\/wp-content\/uploads\/2024\/07\/CUSHION-GRACE-WATER-REPELLENT-FR-TERRACOTTA-DUST-BALL-30-1-300x241.jpg\" alt=\"Coj\u00edn Grace Water Repellent FR Terracottta Dust - Aldeco\" width=\"300\" height=\"241\"><\/p>\n<p><a href=\"https:\/\/aldeco.pt\/staging\/product\/cushion-grace-water-repellent-fr-terracotta-dust-ball-30\/?attribute_pa_aldeco-color=14-terracotta-dust\">https:\/\/aldeco.pt\/staging\/product\/cushion-grace-water-repellent-fr-terracotta-dust-ball-30\/?attribute_pa_aldeco-color=14-terracotta-dust<\/a><a href=\"https:\/\/www.instagram.com\/aldeco_interiorfabrics\/\">https:\/\/www.instagram.com\/aldeco_interiorfabrics\/<\/a><\/p>\n","protected":false},"featured_media":195551,"template":"","meta":[],"product_brand":[],"product_cat":[6146],"product_tag":[],"class_list":{"0":"post-198835","1":"product","2":"type-product","3":"status-publish","4":"has-post-thumbnail","6":"product_cat-aldeco-2-es","7":"pa_composition-ext-100-pl-es","8":"pa_line-cojines","9":"pa_range-chenilla","10":"pa_range-liso-es","13":"first","14":"instock","15":"purchasable","16":"product-type-variable"},"acf":[],"_links":{"self":[{"href":"https:\/\/staging.aldeco.pt\/es\/wp-json\/wp\/v2\/product\/198835","targetHints":{"allow":["GET"]}}],"collection":[{"href":"https:\/\/staging.aldeco.pt\/es\/wp-json\/wp\/v2\/product"}],"about":[{"href":"https:\/\/staging.aldeco.pt\/es\/wp-json\/wp\/v2\/types\/product"}],"version-history":[{"count":1,"href":"https:\/\/staging.aldeco.pt\/es\/wp-json\/wp\/v2\/product\/198835\/revisions"}],"predecessor-version":[{"id":199578,"href":"https:\/\/staging.aldeco.pt\/es\/wp-json\/wp\/v2\/product\/198835\/revisions\/199578"}],"wp:featuredmedia":[{"embeddable":true,"href":"https:\/\/staging.aldeco.pt\/es\/wp-json\/wp\/v2\/media\/195551"}],"wp:attachment":[{"href":"https:\/\/staging.aldeco.pt\/es\/wp-json\/wp\/v2\/media?parent=198835"}],"wp:term":[{"taxonomy":"product_brand","embeddable":true,"href":"https:\/\/staging.aldeco.pt\/es\/wp-json\/wp\/v2\/product_brand?post=198835"},{"taxonomy":"product_cat","embeddable":true,"href":"https:\/\/staging.aldeco.pt\/es\/wp-json\/wp\/v2\/product_cat?post=198835"},{"taxonomy":"product_tag","embeddable":true,"href":"https:\/\/staging.aldeco.pt\/es\/wp-json\/wp\/v2\/product_tag?post=198835"}],"curies":[{"name":"wp","href":"https:\/\/api.w.org\/{rel}","templated":true}]}}