{"id":198827,"date":"2024-07-23T23:04:48","date_gmt":"2024-07-23T23:04:48","guid":{"rendered":"https:\/\/aldeco.pt\/staging\/product\/cojin-gorgeous-aquarelle-50x30-ox\/"},"modified":"2024-08-29T14:37:23","modified_gmt":"2024-08-29T14:37:23","slug":"cojin-gorgeous-aquarelle-50x30-ox","status":"publish","type":"product","link":"https:\/\/staging.aldeco.pt\/es\/product\/cojin-gorgeous-aquarelle-50x30-ox\/","title":{"rendered":"COJ\u00cdN GORGEOUS AQUARELLE 50&#215;30 OX"},"content":{"rendered":"<p>El coj\u00edn decorativo rectangular Gorgeous nos sorprende con un dise\u00f1o geom\u00e9trico. Casi como una deconstrucci\u00f3n de los ejes de madera. Esta almohada tiene 1 cm de Oxford alrededor y cremallera oculta y est\u00e1 disponible en diferentes combinaciones de colores, con o sin relleno.<\/p>\n","protected":false},"excerpt":{"rendered":"<p>El coj\u00edn decorativo rectangular Gorgeous nos sorprende con un dise\u00f1o geom\u00e9trico. Casi como una deconstrucci\u00f3n de los ejes de madera. Esta almohada tiene 1 cm de Oxford alrededor y cremallera oculta y est\u00e1 disponible en diferentes combinaciones de colores, con o sin relleno. <\/p>\n<h2>Coj\u00edn Gorgeous, coj\u00edn decorativo cuadrado Gorgeous nos sorprende con un dise\u00f1o geom\u00e9trico. Casi como una deconstrucci\u00f3n de los ejes de madera.<\/h2>\n<p><img fetchpriority=\"high\" decoding=\"async\" class=\"alignnone wp-image-197320 size-medium\" src=\"https:\/\/aldeco.pt\/staging\/wp-content\/uploads\/2024\/07\/CUSHION-GORGEOUS-AQUARELLE-50x30-OX-300x241.jpg\" alt=\"Coj\u00edn Gorgeous Aquarelle - Aldeco\" width=\"300\" height=\"241\"><\/p>\n<p><a href=\"https:\/\/aldeco.pt\/staging\/product\/cushion-gorgeous-aquarelle-50x30-ox\/?attribute_pa_aldeco-color=05-aquarelle\">https:\/\/aldeco.pt\/staging\/product\/cushion-gorgeous-aquarelle-50&#215;30-ox\/?attribute_pa_aldeco-color=05-aquarelle<\/a><a href=\"https:\/\/www.instagram.com\/aldeco_interiorfabrics\/\">https:\/\/www.instagram.com\/aldeco_interiorfabrics\/<\/a><\/p>\n","protected":false},"featured_media":197322,"template":"","meta":[],"product_brand":[],"product_cat":[6146],"product_tag":[],"class_list":{"0":"post-198827","1":"product","2":"type-product","3":"status-publish","4":"has-post-thumbnail","6":"product_cat-aldeco-2-es","7":"pa_composition-ext-51-vi-25-li-24-pl-es","8":"pa_line-cojines","9":"pa_range-jacquard-es","12":"first","13":"instock","14":"purchasable","15":"product-type-variable"},"acf":[],"_links":{"self":[{"href":"https:\/\/staging.aldeco.pt\/es\/wp-json\/wp\/v2\/product\/198827","targetHints":{"allow":["GET"]}}],"collection":[{"href":"https:\/\/staging.aldeco.pt\/es\/wp-json\/wp\/v2\/product"}],"about":[{"href":"https:\/\/staging.aldeco.pt\/es\/wp-json\/wp\/v2\/types\/product"}],"version-history":[{"count":1,"href":"https:\/\/staging.aldeco.pt\/es\/wp-json\/wp\/v2\/product\/198827\/revisions"}],"predecessor-version":[{"id":199582,"href":"https:\/\/staging.aldeco.pt\/es\/wp-json\/wp\/v2\/product\/198827\/revisions\/199582"}],"wp:featuredmedia":[{"embeddable":true,"href":"https:\/\/staging.aldeco.pt\/es\/wp-json\/wp\/v2\/media\/197322"}],"wp:attachment":[{"href":"https:\/\/staging.aldeco.pt\/es\/wp-json\/wp\/v2\/media?parent=198827"}],"wp:term":[{"taxonomy":"product_brand","embeddable":true,"href":"https:\/\/staging.aldeco.pt\/es\/wp-json\/wp\/v2\/product_brand?post=198827"},{"taxonomy":"product_cat","embeddable":true,"href":"https:\/\/staging.aldeco.pt\/es\/wp-json\/wp\/v2\/product_cat?post=198827"},{"taxonomy":"product_tag","embeddable":true,"href":"https:\/\/staging.aldeco.pt\/es\/wp-json\/wp\/v2\/product_tag?post=198827"}],"curies":[{"name":"wp","href":"https:\/\/api.w.org\/{rel}","templated":true}]}}