{"id":198825,"date":"2024-07-23T23:04:44","date_gmt":"2024-07-23T23:04:44","guid":{"rendered":"https:\/\/aldeco.pt\/staging\/product\/cojin-gorgeous-amazon-green-45x45-p\/"},"modified":"2024-08-29T14:37:24","modified_gmt":"2024-08-29T14:37:24","slug":"cojin-gorgeous-amazon-green-45x45-p","status":"publish","type":"product","link":"https:\/\/staging.aldeco.pt\/es\/product\/cojin-gorgeous-amazon-green-45x45-p\/","title":{"rendered":"COJ\u00cdN GORGEOUS AMAZON GREEN 45&#215;45 P"},"content":{"rendered":"<p>El coj\u00edn decorativo cuadrado Gorgeous nos sorprende con un dise\u00f1o geom\u00e9trico. Casi como una deconstrucci\u00f3n de los ejes de madera. Esta almohada tiene vivo Si\u00e9ge Velvet y cremallera oculta y est\u00e1 disponible en diferentes combinaciones de colores, con o sin relleno.<\/p>\n","protected":false},"excerpt":{"rendered":"<p>El coj\u00edn decorativo cuadrado Gorgeous nos sorprende con un dise\u00f1o geom\u00e9trico. Casi como una deconstrucci\u00f3n de los ejes de madera. Esta almohada tiene vivo Si\u00e9ge Velvet y cremallera oculta y est\u00e1 disponible en diferentes combinaciones de colores, con o sin relleno. <\/p>\n<h2>Coj\u00edn Gorgeous, coj\u00edn decorativo cuadrado Gorgeous nos sorprende con un dise\u00f1o geom\u00e9trico. Casi como una deconstrucci\u00f3n de los ejes de madera.<\/h2>\n<p><img fetchpriority=\"high\" decoding=\"async\" class=\"alignnone wp-image-197314 size-medium\" src=\"https:\/\/aldeco.pt\/staging\/wp-content\/uploads\/2024\/07\/CUSHION-GORGEOUS-AMAZON-GREEN-45x45-P-300x241.jpg\" alt=\"Coj\u00edn Gorgeous Amazon Green - Aldeco\" width=\"300\" height=\"241\"><\/p>\n<p><a href=\"https:\/\/aldeco.pt\/staging\/product\/cushion-gorgeous-amazon-green-45x45-p\/?attribute_pa_aldeco-color=04-amazon-green\">https:\/\/aldeco.pt\/staging\/product\/cushion-gorgeous-amazon-green-45&#215;45-p\/?attribute_pa_aldeco-color=04-amazon-green<\/a><a href=\"https:\/\/www.instagram.com\/aldeco_interiorfabrics\/\">https:\/\/www.instagram.com\/aldeco_interiorfabrics\/<\/a><\/p>\n","protected":false},"featured_media":197316,"template":"","meta":[],"product_brand":[],"product_cat":[6146],"product_tag":[],"class_list":{"0":"post-198825","1":"product","2":"type-product","3":"status-publish","4":"has-post-thumbnail","6":"product_cat-aldeco-2-es","7":"pa_composition-ext-51-vi-25-li-24-pl-es","8":"pa_line-cojines","9":"pa_range-jacquard-es","12":"first","13":"instock","14":"purchasable","15":"product-type-variable"},"acf":[],"_links":{"self":[{"href":"https:\/\/staging.aldeco.pt\/es\/wp-json\/wp\/v2\/product\/198825","targetHints":{"allow":["GET"]}}],"collection":[{"href":"https:\/\/staging.aldeco.pt\/es\/wp-json\/wp\/v2\/product"}],"about":[{"href":"https:\/\/staging.aldeco.pt\/es\/wp-json\/wp\/v2\/types\/product"}],"version-history":[{"count":1,"href":"https:\/\/staging.aldeco.pt\/es\/wp-json\/wp\/v2\/product\/198825\/revisions"}],"predecessor-version":[{"id":199583,"href":"https:\/\/staging.aldeco.pt\/es\/wp-json\/wp\/v2\/product\/198825\/revisions\/199583"}],"wp:featuredmedia":[{"embeddable":true,"href":"https:\/\/staging.aldeco.pt\/es\/wp-json\/wp\/v2\/media\/197316"}],"wp:attachment":[{"href":"https:\/\/staging.aldeco.pt\/es\/wp-json\/wp\/v2\/media?parent=198825"}],"wp:term":[{"taxonomy":"product_brand","embeddable":true,"href":"https:\/\/staging.aldeco.pt\/es\/wp-json\/wp\/v2\/product_brand?post=198825"},{"taxonomy":"product_cat","embeddable":true,"href":"https:\/\/staging.aldeco.pt\/es\/wp-json\/wp\/v2\/product_cat?post=198825"},{"taxonomy":"product_tag","embeddable":true,"href":"https:\/\/staging.aldeco.pt\/es\/wp-json\/wp\/v2\/product_tag?post=198825"}],"curies":[{"name":"wp","href":"https:\/\/api.w.org\/{rel}","templated":true}]}}