{"id":198816,"date":"2024-07-23T23:04:27","date_gmt":"2024-07-23T23:04:27","guid":{"rendered":"https:\/\/aldeco.pt\/staging\/product\/cojin-gabrielle-linen-canvas-45x30-p\/"},"modified":"2024-10-07T14:28:11","modified_gmt":"2024-10-07T14:28:11","slug":"cojin-gabrielle-linen-canvas-45x30-p","status":"publish","type":"product","link":"https:\/\/staging.aldeco.pt\/es\/product\/cojin-gabrielle-linen-canvas-45x30-p\/","title":{"rendered":"COJ\u00cdN GABRIELLE LINEN CANVAS 45&#215;30 P"},"content":{"rendered":"<p>Coj\u00edn decorativo rectangular con telas de fibras naturales. GABRIELLE es un tejido jacquard multicolor inspirado en un ambiente glamoroso org\u00e1nico es f\u00e1cil de combinar en infinitas combinaciones. Hecho de colores brillantes y vivos, pero tambi\u00e9n de un sentimiento de autenticidad particularmente fuerte compuesto por infinitas combinaciones de colores que realzan sus fuertes cualidades materiales. Donde la tradici\u00f3n se encuentra con la gr\u00e1fica, a trav\u00e9s de una bayadera moderna y colorida. Siente la libertad, la alegr\u00eda y la autenticidad de este coj\u00edn en lino Samoa FR Esta almohada tiene cremallera oculta y est\u00e1 disponible en diferentes combinaciones de colores, con o sin relleno.<\/p>\n","protected":false},"excerpt":{"rendered":"<p>Coj\u00edn decorativo rectangular con telas de fibras naturales. GABRIELLE es un tejido jacquard multicolor inspirado en un ambiente glamoroso org\u00e1nico es f\u00e1cil de combinar en infinitas combinaciones. Hecho de colores brillantes y vivos, pero tambi\u00e9n de un sentimiento de autenticidad particularmente fuerte compuesto por infinitas combinaciones de colores que realzan sus fuertes cualidades materiales. Donde la tradici\u00f3n se encuentra con la gr\u00e1fica, a trav\u00e9s de una bayadera moderna y colorida. Siente la libertad, la alegr\u00eda y la autenticidad de este coj\u00edn en lino Samoa FR Esta almohada tiene cremallera oculta y est\u00e1 disponible en diferentes combinaciones de colores, con o sin relleno.<\/p>\n<h2>Coj\u00edn GABRIELLE es un tejido jacquard multicolor inspirado en un ambiente org\u00e1nico y glamuroso. Hecho de colores brillantes y vivos, pero tambi\u00e9n de un sentimiento de autenticidad particularmente fuerte compuesto por infinitas combinaciones de colores que realzan sus fuertes cualidades materiales. Donde la tradici\u00f3n se encuentra con la gr\u00e1fica, a trav\u00e9s de una bayadera moderna y colorida. Siente la libertad, la alegr\u00eda y la autenticidad de este coj\u00edn en lino Samoa FR Esta almohada tiene cremallera oculta y est\u00e1 disponible en diferentes combinaciones de colores, con o sin relleno.<\/h2>\n<p><img fetchpriority=\"high\" decoding=\"async\" class=\"alignnone wp-image-195777 size-medium\" src=\"https:\/\/aldeco.pt\/staging\/wp-content\/uploads\/2024\/07\/CUSHION-GABRIELLE-LINEN-CANVAS-45x30-P-300x241.jpg\" alt=\"Coj\u00edn Gabrielle Linen Canvas - Aldeco\" width=\"300\" height=\"241\" \/><\/p>\n<p><a href=\"https:\/\/aldeco.pt\/staging\/product\/cushion-gabrielle-linen-canvas-45x30-p\/?attribute_pa_aldeco-color=01-linen-canvas\">https:\/\/aldeco.pt\/staging\/product\/cushion-gabrielle-linen-canvas-45&#215;30-p\/?attribute_pa_aldeco-color=01-linen-canvas<\/a><a href=\"https:\/\/www.instagram.com\/aldeco_interiorfabrics\/\">https:\/\/www.instagram.com\/aldeco_interiorfabrics\/<\/a><\/p>\n","protected":false},"featured_media":195779,"template":"","meta":[],"product_brand":[],"product_cat":[6146],"product_tag":[],"class_list":{"0":"post-198816","1":"product","2":"type-product","3":"status-publish","4":"has-post-thumbnail","6":"product_cat-aldeco-2-es","7":"pa_composition-ext-50-co-23-pl-19-vi-6-wo-2-pa-es","8":"pa_line-cojines","11":"first","12":"instock","13":"purchasable","14":"product-type-variable"},"acf":[],"_links":{"self":[{"href":"https:\/\/staging.aldeco.pt\/es\/wp-json\/wp\/v2\/product\/198816","targetHints":{"allow":["GET"]}}],"collection":[{"href":"https:\/\/staging.aldeco.pt\/es\/wp-json\/wp\/v2\/product"}],"about":[{"href":"https:\/\/staging.aldeco.pt\/es\/wp-json\/wp\/v2\/types\/product"}],"version-history":[{"count":2,"href":"https:\/\/staging.aldeco.pt\/es\/wp-json\/wp\/v2\/product\/198816\/revisions"}],"predecessor-version":[{"id":202139,"href":"https:\/\/staging.aldeco.pt\/es\/wp-json\/wp\/v2\/product\/198816\/revisions\/202139"}],"wp:featuredmedia":[{"embeddable":true,"href":"https:\/\/staging.aldeco.pt\/es\/wp-json\/wp\/v2\/media\/195779"}],"wp:attachment":[{"href":"https:\/\/staging.aldeco.pt\/es\/wp-json\/wp\/v2\/media?parent=198816"}],"wp:term":[{"taxonomy":"product_brand","embeddable":true,"href":"https:\/\/staging.aldeco.pt\/es\/wp-json\/wp\/v2\/product_brand?post=198816"},{"taxonomy":"product_cat","embeddable":true,"href":"https:\/\/staging.aldeco.pt\/es\/wp-json\/wp\/v2\/product_cat?post=198816"},{"taxonomy":"product_tag","embeddable":true,"href":"https:\/\/staging.aldeco.pt\/es\/wp-json\/wp\/v2\/product_tag?post=198816"}],"curies":[{"name":"wp","href":"https:\/\/api.w.org\/{rel}","templated":true}]}}