{"id":198793,"date":"2024-07-23T23:04:05","date_gmt":"2024-07-23T23:04:05","guid":{"rendered":"https:\/\/aldeco.pt\/staging\/product\/cojin-friset-boucle-greige-50x50\/"},"modified":"2024-10-10T11:21:31","modified_gmt":"2024-10-10T11:21:31","slug":"cojin-friset-boucle-greige-50x50","status":"publish","type":"product","link":"https:\/\/staging.aldeco.pt\/es\/product\/cojin-friset-boucle-greige-50x50\/","title":{"rendered":"COJ\u00cdN FRISET BOUCL\u00c9 GREIGE 50&#215;50"},"content":{"rendered":"<p>Divertido coj\u00edn decorativo cuadrado con Friset Boucl\u00e9; Jacquard Boucl\u00e9 Te\u00f1ido en hilo muy resistente y moderno. Esta almohada tiene cremallera oculta y est\u00e1 disponible en diferentes combinaciones de colores, con o sin relleno.<\/p>\n","protected":false},"excerpt":{"rendered":"<p>Divertido coj\u00edn decorativo cuadrado con Friset Boucl\u00e9; Jacquard Boucl\u00e9 Te\u00f1ido en hilo muy resistente y moderno. Esta almohada tiene cremallera oculta y est\u00e1 disponible en diferentes combinaciones de colores, con o sin relleno.<\/p>\n<h2>Coj\u00edn Friset Boucl\u00e9, te\u00f1ido en hilo muy resistente y moderno. Esta almohada tiene cremallera oculta y est\u00e1 disponible en diferentes combinaciones de colores, con o sin relleno.<\/h2>\n<p><img fetchpriority=\"high\" decoding=\"async\" class=\"alignnone wp-image-196464 size-medium\" src=\"https:\/\/aldeco.pt\/staging\/wp-content\/uploads\/2024\/07\/CUSHION-FRISET-BOUCLE-GREIGE-50x50-1-300x241.jpg\" alt=\"Coj\u00edn Friset Boucl\u00e9 Greige - Aldeco\" width=\"300\" height=\"241\" \/><\/p>\n<p><a href=\"https:\/\/aldeco.pt\/staging\/product\/cushion-friset-boucle-greige-50x50\/?attribute_pa_aldeco-color=02-greige\">https:\/\/aldeco.pt\/staging\/product\/cushion-friset-boucle-greige-50&#215;50\/?attribute_pa_aldeco-color=02-greige<\/a><a href=\"https:\/\/www.instagram.com\/aldeco_interiorfabrics\/\">https:\/\/www.instagram.com\/aldeco_interiorfabrics\/<\/a><\/p>\n","protected":false},"featured_media":196466,"template":"","meta":[],"product_brand":[],"product_cat":[6146],"product_tag":[],"class_list":{"0":"post-198793","1":"product","2":"type-product","3":"status-publish","4":"has-post-thumbnail","6":"product_cat-aldeco-2-es","7":"pa_composition-ext-34-vi-33-pc-17-wo-8-pl-4-li-4-co-es","8":"pa_line-cojines","9":"pa_range-boucle-es","10":"pa_range-jacquard-es","13":"first","14":"instock","15":"purchasable","16":"product-type-variable"},"acf":[],"_links":{"self":[{"href":"https:\/\/staging.aldeco.pt\/es\/wp-json\/wp\/v2\/product\/198793","targetHints":{"allow":["GET"]}}],"collection":[{"href":"https:\/\/staging.aldeco.pt\/es\/wp-json\/wp\/v2\/product"}],"about":[{"href":"https:\/\/staging.aldeco.pt\/es\/wp-json\/wp\/v2\/types\/product"}],"version-history":[{"count":2,"href":"https:\/\/staging.aldeco.pt\/es\/wp-json\/wp\/v2\/product\/198793\/revisions"}],"predecessor-version":[{"id":204983,"href":"https:\/\/staging.aldeco.pt\/es\/wp-json\/wp\/v2\/product\/198793\/revisions\/204983"}],"wp:featuredmedia":[{"embeddable":true,"href":"https:\/\/staging.aldeco.pt\/es\/wp-json\/wp\/v2\/media\/196466"}],"wp:attachment":[{"href":"https:\/\/staging.aldeco.pt\/es\/wp-json\/wp\/v2\/media?parent=198793"}],"wp:term":[{"taxonomy":"product_brand","embeddable":true,"href":"https:\/\/staging.aldeco.pt\/es\/wp-json\/wp\/v2\/product_brand?post=198793"},{"taxonomy":"product_cat","embeddable":true,"href":"https:\/\/staging.aldeco.pt\/es\/wp-json\/wp\/v2\/product_cat?post=198793"},{"taxonomy":"product_tag","embeddable":true,"href":"https:\/\/staging.aldeco.pt\/es\/wp-json\/wp\/v2\/product_tag?post=198793"}],"curies":[{"name":"wp","href":"https:\/\/api.w.org\/{rel}","templated":true}]}}