{"id":198787,"date":"2024-07-23T23:03:02","date_gmt":"2024-07-23T23:03:02","guid":{"rendered":"https:\/\/aldeco.pt\/staging\/product\/cojin-freddie-velvet-aqua-linen-50x50\/"},"modified":"2024-08-29T14:38:21","modified_gmt":"2024-08-29T14:38:21","slug":"cojin-freddie-velvet-aqua-linen-50x50","status":"publish","type":"product","link":"https:\/\/staging.aldeco.pt\/es\/product\/cojin-freddie-velvet-aqua-linen-50x50\/","title":{"rendered":"COJ\u00cdN FREDDIE VELVET AQUA LINEN 50&#215;50"},"content":{"rendered":"<p>Suave almohada decorativa cuadrada con Freddie Velvet en el frente y Specialist FR en color neutro en el reverso. Los ritmos fren\u00e9ticos de este dise\u00f1o geom\u00e9trico resultan en un hermoso terciopelo jacquard con una base de efecto lino. Esta almohada tiene cremallera oculta y est\u00e1 disponible en diferentes combinaciones de colores, con o sin relleno.<\/p>\n","protected":false},"excerpt":{"rendered":"<p>Suave almohada decorativa cuadrada con Freddie Velvet en el frente y Specialist FR en color neutro en el reverso. Los ritmos fren\u00e9ticos de este dise\u00f1o geom\u00e9trico resultan en un hermoso terciopelo jacquard con una base de efecto lino. Esta almohada tiene cremallera oculta y est\u00e1 disponible en diferentes combinaciones de colores, con o sin relleno. <\/p>\n<h2>Coj\u00edn Freddie, los ritmos fren\u00e9ticos de este dise\u00f1o geom\u00e9trico dan como resultado un precioso terciopelo jacquard con base efecto de lino.<\/h2>\n<p><img fetchpriority=\"high\" decoding=\"async\" class=\"alignnone wp-image-196987 size-medium\" src=\"https:\/\/aldeco.pt\/staging\/wp-content\/uploads\/2024\/07\/CUSHION-FREDDIE-VELVET-AQUA-LINEN-50x50-1-300x241.jpg\" alt=\"Coj\u00edn Freddie Velvet Aqua Linen - Aldeco\" width=\"300\" height=\"241\"><\/p>\n<p><a href=\"https:\/\/aldeco.pt\/staging\/product\/cushion-freddie-velvet-aqua-linen-50x50\/?attribute_pa_aldeco-color=05-aqua-linen\">https:\/\/aldeco.pt\/staging\/product\/cushion-freddie-velvet-aqua-linen-50&#215;50\/?attribute_pa_aldeco-color=05-aqua-linen<\/a><a href=\"https:\/\/www.instagram.com\/aldeco_interiorfabrics\/\">https:\/\/www.instagram.com\/aldeco_interiorfabrics\/<\/a><\/p>\n","protected":false},"featured_media":196989,"template":"","meta":[],"product_brand":[],"product_cat":[6146],"product_tag":[],"class_list":{"0":"post-198787","1":"product","2":"type-product","3":"status-publish","4":"has-post-thumbnail","6":"product_cat-aldeco-2-es","7":"pa_composition-ext-77-vi-23-pl-es","8":"pa_line-cojines","9":"pa_range-jacquard-es","10":"pa_range-terciopelo","13":"first","14":"instock","15":"purchasable","16":"product-type-variable"},"acf":[],"_links":{"self":[{"href":"https:\/\/staging.aldeco.pt\/es\/wp-json\/wp\/v2\/product\/198787","targetHints":{"allow":["GET"]}}],"collection":[{"href":"https:\/\/staging.aldeco.pt\/es\/wp-json\/wp\/v2\/product"}],"about":[{"href":"https:\/\/staging.aldeco.pt\/es\/wp-json\/wp\/v2\/types\/product"}],"version-history":[{"count":1,"href":"https:\/\/staging.aldeco.pt\/es\/wp-json\/wp\/v2\/product\/198787\/revisions"}],"predecessor-version":[{"id":199595,"href":"https:\/\/staging.aldeco.pt\/es\/wp-json\/wp\/v2\/product\/198787\/revisions\/199595"}],"wp:featuredmedia":[{"embeddable":true,"href":"https:\/\/staging.aldeco.pt\/es\/wp-json\/wp\/v2\/media\/196989"}],"wp:attachment":[{"href":"https:\/\/staging.aldeco.pt\/es\/wp-json\/wp\/v2\/media?parent=198787"}],"wp:term":[{"taxonomy":"product_brand","embeddable":true,"href":"https:\/\/staging.aldeco.pt\/es\/wp-json\/wp\/v2\/product_brand?post=198787"},{"taxonomy":"product_cat","embeddable":true,"href":"https:\/\/staging.aldeco.pt\/es\/wp-json\/wp\/v2\/product_cat?post=198787"},{"taxonomy":"product_tag","embeddable":true,"href":"https:\/\/staging.aldeco.pt\/es\/wp-json\/wp\/v2\/product_tag?post=198787"}],"curies":[{"name":"wp","href":"https:\/\/api.w.org\/{rel}","templated":true}]}}