{"id":198785,"date":"2024-07-23T23:02:57","date_gmt":"2024-07-23T23:02:57","guid":{"rendered":"https:\/\/aldeco.pt\/staging\/product\/cojin-fantaisie-retro-light-50x50-s\/"},"modified":"2024-10-02T14:31:05","modified_gmt":"2024-10-02T14:31:05","slug":"cojin-fantaisie-retro-light-50x50-s","status":"publish","type":"product","link":"https:\/\/staging.aldeco.pt\/es\/product\/cojin-fantaisie-retro-light-50x50-s\/","title":{"rendered":"COJ\u00cdN FANTAISIE RETRO LIGHT 50&#215;50 S"},"content":{"rendered":"<p>Suntuoso coj\u00edn decorativo cuadrado con vivo de edici\u00f3n limitada. FANTAISIE es un tejido de sat\u00edn de algod\u00f3n con un toque contempor\u00e1neo en el elemento gr\u00e1fico del damasco. Este lujoso tejido de algod\u00f3n bordado se centra en una mezcla armoniosa de tradici\u00f3n y modernidad, ya que tiene una est\u00e9tica moderna, exaltando sutil y metaf\u00f3ricamente lo femenino y la atemporalidad. Esta almohada tiene cremallera oculta y est\u00e1 disponible en diferentes combinaciones de colores, con o sin relleno.<\/p>\n","protected":false},"excerpt":{"rendered":"<p>Suntuoso coj\u00edn decorativo cuadrado con vivo de edici\u00f3n limitada. FANTAISIE es un tejido de sat\u00edn de algod\u00f3n con un toque contempor\u00e1neo en el elemento gr\u00e1fico del damasco. Este lujoso tejido de algod\u00f3n bordado se centra en una mezcla armoniosa de tradici\u00f3n y modernidad, ya que tiene una est\u00e9tica moderna, exaltando sutil y metaf\u00f3ricamente lo femenino y la atemporalidad. Esta almohada tiene cremallera oculta y est\u00e1 disponible en diferentes combinaciones de colores, con o sin relleno.<\/p>\n<h2>Coj\u00edn FANTAISIE es un tejido de sat\u00edn de algod\u00f3n con un toque contempor\u00e1neo en el elemento gr\u00e1fico del damasco. Este lujoso tejido de algod\u00f3n bordado se centra en una mezcla armoniosa de tradici\u00f3n y modernidad, ya que tiene una est\u00e9tica moderna, exaltando sutil y metaf\u00f3ricamente lo femenino y la atemporalidad. Esta almohada tiene cremallera oculta y est\u00e1 disponible en diferentes combinaciones de colores, con o sin relleno.<\/h2>\n<p><img fetchpriority=\"high\" decoding=\"async\" class=\"alignnone wp-image-195572 size-medium\" src=\"https:\/\/aldeco.pt\/staging\/wp-content\/uploads\/2024\/07\/CUSHION-FANTAISIE-RETRO-LIGHT-50x50-S-300x241.jpg\" alt=\"Coj\u00edn Fantaisie Retro Light - Aldeco\" width=\"300\" height=\"241\" \/><\/p>\n<p><a href=\"https:\/\/aldeco.pt\/staging\/product\/cushion-fantaisie-retro-light-50x50-s\/?attribute_pa_aldeco-color=01-retro-light\">https:\/\/aldeco.pt\/staging\/product\/cushion-fantaisie-retro-light-50&#215;50-s\/?attribute_pa_aldeco-color=01-retro-light<\/a><a href=\"https:\/\/www.instagram.com\/aldeco_interiorfabrics\/\">https:\/\/www.instagram.com\/aldeco_interiorfabrics\/<\/a><\/p>\n","protected":false},"featured_media":195574,"template":"","meta":[],"product_brand":[],"product_cat":[6146],"product_tag":[],"class_list":{"0":"post-198785","1":"product","2":"type-product","3":"status-publish","4":"has-post-thumbnail","6":"product_cat-aldeco-2-es","7":"pa_composition-ext-100-co-bordado-80-vi-20-pl-es","8":"pa_line-cojines","9":"pa_range-bordado-es","12":"first","13":"instock","14":"purchasable","15":"product-type-variable"},"acf":[],"_links":{"self":[{"href":"https:\/\/staging.aldeco.pt\/es\/wp-json\/wp\/v2\/product\/198785","targetHints":{"allow":["GET"]}}],"collection":[{"href":"https:\/\/staging.aldeco.pt\/es\/wp-json\/wp\/v2\/product"}],"about":[{"href":"https:\/\/staging.aldeco.pt\/es\/wp-json\/wp\/v2\/types\/product"}],"version-history":[{"count":2,"href":"https:\/\/staging.aldeco.pt\/es\/wp-json\/wp\/v2\/product\/198785\/revisions"}],"predecessor-version":[{"id":201862,"href":"https:\/\/staging.aldeco.pt\/es\/wp-json\/wp\/v2\/product\/198785\/revisions\/201862"}],"wp:featuredmedia":[{"embeddable":true,"href":"https:\/\/staging.aldeco.pt\/es\/wp-json\/wp\/v2\/media\/195574"}],"wp:attachment":[{"href":"https:\/\/staging.aldeco.pt\/es\/wp-json\/wp\/v2\/media?parent=198785"}],"wp:term":[{"taxonomy":"product_brand","embeddable":true,"href":"https:\/\/staging.aldeco.pt\/es\/wp-json\/wp\/v2\/product_brand?post=198785"},{"taxonomy":"product_cat","embeddable":true,"href":"https:\/\/staging.aldeco.pt\/es\/wp-json\/wp\/v2\/product_cat?post=198785"},{"taxonomy":"product_tag","embeddable":true,"href":"https:\/\/staging.aldeco.pt\/es\/wp-json\/wp\/v2\/product_tag?post=198785"}],"curies":[{"name":"wp","href":"https:\/\/api.w.org\/{rel}","templated":true}]}}